{"id":501210,"date":"2026-03-26T14:48:11","date_gmt":"2026-03-26T13:48:11","guid":{"rendered":"https:\/\/transparentgift.com\/fr\/plaque-maman-personnalisee-avec-six-photos\/"},"modified":"2026-04-16T09:57:57","modified_gmt":"2026-04-16T07:57:57","slug":"plaque-maman-personnalisee-avec-six-photos","status":"publish","type":"product","link":"https:\/\/transparentgift.com\/fr\/plaque-maman-personnalisee-avec-six-photos\/","title":{"rendered":"Plaque Maman personnalis\u00e9e avec six photos"},"content":{"rendered":"<p>Surprenez votre m\u00e8re avec cette <strong>plaque personnalis\u00e9e<\/strong> \u00e0 laquelle vous pourrez ajouter les six photos de votre choix. C\u2019est l\u2019un des <strong>cadeaux pour femme<\/strong> les plus originaux, id\u00e9al pour la <strong>F\u00eate des M\u00e8res<\/strong>, son <strong>anniversaire<\/strong> ou m\u00eame No\u00ebl.<\/p>\n<p>Ce cadre est enti\u00e8rement personnalisable. Il vous suffit de <strong>t\u00e9l\u00e9charger les six photos les plus sp\u00e9ciales<\/strong> avec votre m\u00e8re, qui seront imprim\u00e9es sur la plaque pour cr\u00e9er un collage accompagn\u00e9 du <strong>mot \u00ab\u00a0Maman\u00a0\u00bb<\/strong>. Vous obtiendrez ainsi un cadeau personnalis\u00e9 unique et plein de tendresse ! Pour seulement 6 \u20ac, vous pouvez choisir entre une <strong>base en m\u00e9thacrylate<\/strong> ou un <strong>cadre noir simple<\/strong>. Pour 3 \u20ac suppl\u00e9mentaires, vous avez la possibilit\u00e9 d\u2019augmenter la taille en format A4. Dans tous les cas, votre m\u00e8re pourra <strong>d\u00e9corer sa table de chevet, son \u00e9tag\u00e8re ou son bureau<\/strong> de la plus belle fa\u00e7on.<\/p>\n<p>Cette plaque transparente est fabriqu\u00e9e en <strong>m\u00e9thacrylate de haute qualit\u00e9<\/strong>, garantissant r\u00e9sistance et durabilit\u00e9.<\/p>\n<p>Ne manquez pas le <strong>cadeau id\u00e9al pour maman<\/strong> pour lui montrer votre affection en ce jour si sp\u00e9cial. Vous la rendrez la plus heureuse du monde !<\/p>\n<p><strong>Caract\u00e9ristiques :<\/strong><\/p>\n<ul>\n<li>Taille : 15 x 20 cm \/ 29,7 x 21 cm<\/li>\n<li>Mat\u00e9riau : M\u00e9thacrylate de haute qualit\u00e9.<\/li>\n<li>Comprend : Emballage avec bo\u00eete cadeau.<\/li>\n<li>Extras : Base en acrylique, base en bois ou cadre en bois.<\/li>\n<li>Entretien : Se nettoie facilement avec un chiffon sec.<\/li>\n<\/ul>\n","protected":false},"excerpt":{"rendered":"<p>Surprenez votre m\u00e8re avec cette plaque personnalis\u00e9e \u00e0 laquelle vous pourrez ajouter les six phot [&#8230;]<\/p>\n","protected":false},"featured_media":501280,"comment_status":"open","ping_status":"closed","template":"","meta":{"_acf_changed":false},"product_brand":[],"product_cat":[1676],"product_tag":[1688],"class_list":{"0":"post-501210","1":"product","2":"type-product","3":"status-publish","4":"has-post-thumbnail","6":"product_cat-photos-personnalisees-en-plexiglas","7":"product_tag-meres","9":"first","10":"instock","11":"taxable","12":"shipping-taxable","13":"purchasable","14":"product-type-simple"},"acf":[],"df_price":21.99,"df_sale_price":"","df_regular_price":21.99,"df_image_link":"https:\/\/transparentgift.com\/fr\/wp-content\/uploads\/2026\/03\/FR_1-3-300x300.jpg","_links":{"self":[{"href":"https:\/\/transparentgift.com\/fr\/wp-json\/wp\/v2\/product\/501210","targetHints":{"allow":["GET"]}}],"collection":[{"href":"https:\/\/transparentgift.com\/fr\/wp-json\/wp\/v2\/product"}],"about":[{"href":"https:\/\/transparentgift.com\/fr\/wp-json\/wp\/v2\/types\/product"}],"replies":[{"embeddable":true,"href":"https:\/\/transparentgift.com\/fr\/wp-json\/wp\/v2\/comments?post=501210"}],"wp:featuredmedia":[{"embeddable":true,"href":"https:\/\/transparentgift.com\/fr\/wp-json\/wp\/v2\/media\/501280"}],"wp:attachment":[{"href":"https:\/\/transparentgift.com\/fr\/wp-json\/wp\/v2\/media?parent=501210"}],"wp:term":[{"taxonomy":"product_brand","embeddable":true,"href":"https:\/\/transparentgift.com\/fr\/wp-json\/wp\/v2\/product_brand?post=501210"},{"taxonomy":"product_cat","embeddable":true,"href":"https:\/\/transparentgift.com\/fr\/wp-json\/wp\/v2\/product_cat?post=501210"},{"taxonomy":"product_tag","embeddable":true,"href":"https:\/\/transparentgift.com\/fr\/wp-json\/wp\/v2\/product_tag?post=501210"}],"curies":[{"name":"wp","href":"https:\/\/api.w.org\/{rel}","templated":true}]}}