{"id":501223,"date":"2026-03-26T16:14:37","date_gmt":"2026-03-26T15:14:37","guid":{"rendered":"https:\/\/transparentgift.com\/fr\/poster-scrabble-el-mismo-del-dia-de-la-abuela\/"},"modified":"2026-04-16T09:58:10","modified_gmt":"2026-04-16T07:58:10","slug":"poster-maman-scrabble-avec-prenoms-personnalises","status":"publish","type":"product","link":"https:\/\/transparentgift.com\/fr\/poster-maman-scrabble-avec-prenoms-personnalises\/","title":{"rendered":"Poster Maman Scrabble avec Pr\u00e9noms personnalis\u00e9s"},"content":{"rendered":"<p><strong>Cr\u00e9ez un souvenir unique avec un style original et cr\u00e9atif<\/strong>. Cette affiche personnalis\u00e9e style Scrabble transforme les noms de votre famille en une composition d\u00e9corative pleine de sens.<\/p>\n<p>Inspir\u00e9e du c\u00e9l\u00e8bre jeu de mots, elle allie design et \u00e9motion pour donner naissance \u00e0 une pi\u00e8ce visuelle moderne qui se distingue par sa simplicit\u00e9 et sa valeur sentimentale.<\/p>\n<p>Elle est parfaite pour les familles qui recherchent une d\u00e9coration personnalis\u00e9e pour leur maison ou un cadeau original pour des occasions comme les anniversaires, No\u00ebl, les cr\u00e9maill\u00e8res ou les c\u00e9l\u00e9brations familiales. Id\u00e9ale pour surprendre des p\u00e8res, des m\u00e8res, des couples ou m\u00eame des grands-parents avec un d\u00e9tail diff\u00e9rent qui refl\u00e8te l\u2019union familiale et s\u2019int\u00e8gre dans n\u2019importe quelle pi\u00e8ce, comme le salon ou la chambre.<\/p>\n<h4><strong>Caract\u00e9ristiques :<\/strong><\/h4>\n<ul>\n<li>Design personnalis\u00e9 style Scrabble avec pr\u00e9noms.<\/li>\n<li>Papier satin\u00e9 de 240 gr.<\/li>\n<li>Dimensions disponibles : 21 x 29,7 cm.<\/li>\n<li>Dimensions disponibles : 30 x 40 cm.<\/li>\n<li>Dimensions disponibles : 42 x 59,5 cm.<\/li>\n<\/ul>\n","protected":false},"excerpt":{"rendered":"<p>Cr\u00e9ez un souvenir unique avec un style original et cr\u00e9atif. Cette affiche personnalis\u00e9e style Scr [&#8230;]<\/p>\n","protected":false},"featured_media":501590,"comment_status":"open","ping_status":"closed","template":"","meta":{"_acf_changed":false},"product_brand":[],"product_cat":[1737],"product_tag":[1688,1710],"ai-category":[],"class_list":{"0":"post-501223","1":"product","2":"type-product","3":"status-publish","4":"has-post-thumbnail","6":"product_cat-affiches-personnalisees","7":"product_tag-meres","8":"product_tag-nouveau","10":"first","11":"instock","12":"taxable","13":"shipping-taxable","14":"purchasable","15":"product-type-simple"},"acf":[],"df_price":23.99,"df_sale_price":"","df_regular_price":23.99,"df_image_link":"https:\/\/transparentgift.com\/fr\/wp-content\/uploads\/2026\/04\/FR_poster-Scrabble-PORTADA-300x300.jpg","_links":{"self":[{"href":"https:\/\/transparentgift.com\/fr\/wp-json\/wp\/v2\/product\/501223","targetHints":{"allow":["GET"]}}],"collection":[{"href":"https:\/\/transparentgift.com\/fr\/wp-json\/wp\/v2\/product"}],"about":[{"href":"https:\/\/transparentgift.com\/fr\/wp-json\/wp\/v2\/types\/product"}],"replies":[{"embeddable":true,"href":"https:\/\/transparentgift.com\/fr\/wp-json\/wp\/v2\/comments?post=501223"}],"wp:featuredmedia":[{"embeddable":true,"href":"https:\/\/transparentgift.com\/fr\/wp-json\/wp\/v2\/media\/501590"}],"wp:attachment":[{"href":"https:\/\/transparentgift.com\/fr\/wp-json\/wp\/v2\/media?parent=501223"}],"wp:term":[{"taxonomy":"product_brand","embeddable":true,"href":"https:\/\/transparentgift.com\/fr\/wp-json\/wp\/v2\/product_brand?post=501223"},{"taxonomy":"product_cat","embeddable":true,"href":"https:\/\/transparentgift.com\/fr\/wp-json\/wp\/v2\/product_cat?post=501223"},{"taxonomy":"product_tag","embeddable":true,"href":"https:\/\/transparentgift.com\/fr\/wp-json\/wp\/v2\/product_tag?post=501223"},{"taxonomy":"ai-category","embeddable":true,"href":"https:\/\/transparentgift.com\/fr\/wp-json\/wp\/v2\/ai-category?post=501223"}],"curies":[{"name":"wp","href":"https:\/\/api.w.org\/{rel}","templated":true}]}}