{"id":501227,"date":"2026-03-26T16:14:41","date_gmt":"2026-03-26T15:14:41","guid":{"rendered":"https:\/\/transparentgift.com\/fr\/pijamas-super-mama\/"},"modified":"2026-04-16T09:57:15","modified_gmt":"2026-04-16T07:57:15","slug":"pyjama-super-maman-avec-prenoms-personnalises","status":"publish","type":"product","link":"https:\/\/transparentgift.com\/fr\/pyjama-super-maman-avec-prenoms-personnalises\/","title":{"rendered":"Pyjama Super Maman avec Pr\u00e9noms personnalis\u00e9s"},"content":{"rendered":"<p><strong>Un pyjama amusant pour la v\u00e9ritable super maman<\/strong>. Ce pyjama personnalis\u00e9 \u00ab Super Maman \u00bb est parfait pour allier confort et style avec un design plein de couleur et de personnalit\u00e9.<\/p>\n<p>Son imprim\u00e9 inspir\u00e9 d\u2019un style amusant et moderne inclut des pr\u00e9noms personnalis\u00e9s, en cr\u00e9ant un v\u00eatement unique qui se distingue par son originalit\u00e9.<\/p>\n<p>Id\u00e9al comme cadeau pour la F\u00eate des M\u00e8res, les anniversaires ou toute autre occasion sp\u00e9ciale, il est parfait pour surprendre les m\u00e8res avec de l\u2019humour. De plus, c\u2019est une option confortable pour le quotidien \u00e0 la maison, en apportant une touche joyeuse et diff\u00e9rente m\u00eame dans les moments de repos.<\/p>\n<h4><strong>Caract\u00e9ristiques :<\/strong><\/h4>\n<ul>\n<li>T-shirt : 100 % coton.<\/li>\n<li>Pantalon : 80 % coton et 20 % polyester.<\/li>\n<li>Couleur du t-shirt : blanche.<\/li>\n<li>Couleur du pantalon : noire.<\/li>\n<li>Tailles disponibles : S, M, L, XL, XXL.<\/li>\n<\/ul>\n","protected":false},"excerpt":{"rendered":"<p>Un pyjama amusant pour la v\u00e9ritable super maman. Ce pyjama personnalis\u00e9 \u00ab Super Maman \u00bb est parf [&#8230;]<\/p>\n","protected":false},"featured_media":501454,"comment_status":"open","ping_status":"closed","template":"","meta":{"_acf_changed":false},"product_brand":[],"product_cat":[1707],"product_tag":[1688,1710],"ai-category":[],"class_list":{"0":"post-501227","1":"product","2":"type-product","3":"status-publish","4":"has-post-thumbnail","6":"product_cat-pyjamas-personnalises","7":"product_tag-meres","8":"product_tag-nouveau","10":"first","11":"instock","12":"taxable","13":"shipping-taxable","14":"purchasable","15":"product-type-simple"},"acf":[],"df_price":27.99,"df_sale_price":"","df_regular_price":27.99,"df_image_link":"https:\/\/transparentgift.com\/fr\/wp-content\/uploads\/2026\/04\/FR_CAT-1-300x300.jpg","_links":{"self":[{"href":"https:\/\/transparentgift.com\/fr\/wp-json\/wp\/v2\/product\/501227","targetHints":{"allow":["GET"]}}],"collection":[{"href":"https:\/\/transparentgift.com\/fr\/wp-json\/wp\/v2\/product"}],"about":[{"href":"https:\/\/transparentgift.com\/fr\/wp-json\/wp\/v2\/types\/product"}],"replies":[{"embeddable":true,"href":"https:\/\/transparentgift.com\/fr\/wp-json\/wp\/v2\/comments?post=501227"}],"wp:featuredmedia":[{"embeddable":true,"href":"https:\/\/transparentgift.com\/fr\/wp-json\/wp\/v2\/media\/501454"}],"wp:attachment":[{"href":"https:\/\/transparentgift.com\/fr\/wp-json\/wp\/v2\/media?parent=501227"}],"wp:term":[{"taxonomy":"product_brand","embeddable":true,"href":"https:\/\/transparentgift.com\/fr\/wp-json\/wp\/v2\/product_brand?post=501227"},{"taxonomy":"product_cat","embeddable":true,"href":"https:\/\/transparentgift.com\/fr\/wp-json\/wp\/v2\/product_cat?post=501227"},{"taxonomy":"product_tag","embeddable":true,"href":"https:\/\/transparentgift.com\/fr\/wp-json\/wp\/v2\/product_tag?post=501227"},{"taxonomy":"ai-category","embeddable":true,"href":"https:\/\/transparentgift.com\/fr\/wp-json\/wp\/v2\/ai-category?post=501227"}],"curies":[{"name":"wp","href":"https:\/\/api.w.org\/{rel}","templated":true}]}}