{"id":501229,"date":"2026-03-26T16:14:43","date_gmt":"2026-03-26T15:14:43","guid":{"rendered":"https:\/\/transparentgift.com\/fr\/calcetines-caras-rosa\/"},"modified":"2026-04-16T09:57:18","modified_gmt":"2026-04-16T07:57:18","slug":"chaussettes-roses-pour-maman-avec-visages-a-partir-de-photos-personnalisees","status":"publish","type":"product","link":"https:\/\/transparentgift.com\/fr\/chaussettes-roses-pour-maman-avec-visages-a-partir-de-photos-personnalisees\/","title":{"rendered":"Chaussettes Roses pour Maman avec Visages \u00e0 partir de Photos personnalis\u00e9es"},"content":{"rendered":"<p><strong><span dir=\"auto\" style=\"vertical-align: inherit\"><span dir=\"auto\" style=\"vertical-align: inherit\">Un accesorio divertido con un toque \u00fanico y personal<\/span><\/span><\/strong><span dir=\"auto\" style=\"vertical-align: inherit\"><span dir=\"auto\" style=\"vertical-align: inherit\"> . Estos calcetines personalizados con caritas sobre fondo rosa son perfectos para destacar con un estilo original y lleno de personalidad.<\/span><\/span><\/p>\n<p><span dir=\"auto\" style=\"vertical-align: inherit\"><span dir=\"auto\" style=\"vertical-align: inherit\">El dise\u00f1o combina un patr\u00f3n repetitivo de rostros con un fondo rosa, creando un resultado llamativo, moderno y muy especial.<\/span><\/span><\/p>\n<p><span dir=\"auto\" style=\"vertical-align: inherit\"><span dir=\"auto\" style=\"vertical-align: inherit\">Ideales como regalo para parejas, amigos o seres queridos en ocasiones como cumplea\u00f1os, San Valent\u00edn, aniversarios de boda o celebraciones especiales. Tambi\u00e9n son perfectos para a\u00f1adir un toque divertido al d\u00eda a d\u00eda, tanto en casa como al aire libre, convirti\u00e9ndose en un accesorio \u00fanico que no pasar\u00e1 desapercibido.<\/span><\/span><\/p>\n<h4><strong><span dir=\"auto\" style=\"vertical-align: inherit\"><span dir=\"auto\" style=\"vertical-align: inherit\">Caracter\u00edsticas :<\/span><\/span><\/strong><\/h4>\n<ul>\n<li><span dir=\"auto\" style=\"vertical-align: inherit\"><span dir=\"auto\" style=\"vertical-align: inherit\">Composici\u00f3n: 95% poli\u00e9ster y 5% elastano.<\/span><\/span><\/li>\n<li><span dir=\"auto\" style=\"vertical-align: inherit\"><span dir=\"auto\" style=\"vertical-align: inherit\">Tallas disponibles: 35\/37, 38\/40, 41\/43, 44\/47.<\/span><\/span><\/li>\n<li><span dir=\"auto\" style=\"vertical-align: inherit\"><span dir=\"auto\" style=\"vertical-align: inherit\">Lavable en la lavadora.<\/span><\/span><\/li>\n<li><span dir=\"auto\" style=\"vertical-align: inherit\"><span dir=\"auto\" style=\"vertical-align: inherit\">Tac\u00f3n y puntera en color negro.<\/span><\/span><\/li>\n<li><span dir=\"auto\" style=\"vertical-align: inherit\"><span dir=\"auto\" style=\"vertical-align: inherit\">Dise\u00f1o personalizado con rostros sobre fondo rosa.<\/span><\/span><\/li>\n<\/ul>\n","protected":false},"excerpt":{"rendered":"<p>Un accesorio divertido con un toque \u00fanico y personal . Estos calcetines personalizados con caritas  [&#8230;]<\/p>\n","protected":false},"featured_media":501607,"comment_status":"open","ping_status":"closed","template":"","meta":{"_acf_changed":false},"product_brand":[],"product_cat":[1701],"product_tag":[1688,1710],"ai-category":[],"class_list":{"0":"post-501229","1":"product","2":"type-product","3":"status-publish","4":"has-post-thumbnail","6":"product_cat-chaussettes-personnalisees","7":"product_tag-meres","8":"product_tag-nouveau","10":"first","11":"instock","12":"taxable","13":"shipping-taxable","14":"purchasable","15":"product-type-simple"},"acf":[],"df_price":24.99,"df_sale_price":"","df_regular_price":24.99,"df_image_link":"https:\/\/transparentgift.com\/fr\/wp-content\/uploads\/2026\/04\/Calcetines_Caras_1-300x300.jpg","_links":{"self":[{"href":"https:\/\/transparentgift.com\/fr\/wp-json\/wp\/v2\/product\/501229","targetHints":{"allow":["GET"]}}],"collection":[{"href":"https:\/\/transparentgift.com\/fr\/wp-json\/wp\/v2\/product"}],"about":[{"href":"https:\/\/transparentgift.com\/fr\/wp-json\/wp\/v2\/types\/product"}],"replies":[{"embeddable":true,"href":"https:\/\/transparentgift.com\/fr\/wp-json\/wp\/v2\/comments?post=501229"}],"wp:featuredmedia":[{"embeddable":true,"href":"https:\/\/transparentgift.com\/fr\/wp-json\/wp\/v2\/media\/501607"}],"wp:attachment":[{"href":"https:\/\/transparentgift.com\/fr\/wp-json\/wp\/v2\/media?parent=501229"}],"wp:term":[{"taxonomy":"product_brand","embeddable":true,"href":"https:\/\/transparentgift.com\/fr\/wp-json\/wp\/v2\/product_brand?post=501229"},{"taxonomy":"product_cat","embeddable":true,"href":"https:\/\/transparentgift.com\/fr\/wp-json\/wp\/v2\/product_cat?post=501229"},{"taxonomy":"product_tag","embeddable":true,"href":"https:\/\/transparentgift.com\/fr\/wp-json\/wp\/v2\/product_tag?post=501229"},{"taxonomy":"ai-category","embeddable":true,"href":"https:\/\/transparentgift.com\/fr\/wp-json\/wp\/v2\/ai-category?post=501229"}],"curies":[{"name":"wp","href":"https:\/\/api.w.org\/{rel}","templated":true}]}}