{"id":501294,"date":"2026-03-27T10:16:19","date_gmt":"2026-03-27T09:16:19","guid":{"rendered":"https:\/\/transparentgift.com\/fr\/llavero-mama-mascara\/"},"modified":"2026-04-16T09:57:26","modified_gmt":"2026-04-16T07:57:26","slug":"llavero-mama-mascara","status":"publish","type":"product","link":"https:\/\/transparentgift.com\/fr\/llavero-mama-mascara\/","title":{"rendered":"Porte-cl\u00e9s avec Photos dans les lettres Maman personnalis\u00e9"},"content":{"rendered":"<p><strong>Porte-cl\u00e9s personnalis\u00e9 avec photos MAMAN<\/strong>. Un d\u00e9tail \u00e9mouvant pour c\u00e9l\u00e9brer maman et transformer les souvenirs en quelque chose de tangible et toujours pr\u00e9sent.<\/p>\n<p>Ce porte-cl\u00e9s personnalis\u00e9 est une jolie fa\u00e7on de garder ses proches toujours pr\u00e8s de soi. Il vous suffit de choisir quatre photos sp\u00e9ciales qui seront imprim\u00e9es sur les lettres formant le mot \u00ab MAMAN \u00bb. Une pi\u00e8ce pleine de valeur sentimentale, id\u00e9ale pour les cl\u00e9s, sacs ou trousses comme porte-cl\u00e9s multifonction.<\/p>\n<p>Parfait pour surprendre mamans, grands-m\u00e8res, proches ou amies \u00e0 l\u2019occasion de la F\u00eate des M\u00e8res ou de toute occasion sp\u00e9ciale. Un cadeau plein de sens pour lui montrer combien elle compte pour vous.<\/p>\n<h4><strong>Caract\u00e9ristiques :<\/strong><\/h4>\n<ul>\n<li>Dimensions : 9,5 x 2,5 cm.<\/li>\n<li>Mat\u00e9riau : M\u00e9thacrylate de haute qualit\u00e9.<\/li>\n<li>Comprend : Cha\u00eene m\u00e9tallique finition argent.<\/li>\n<li>Extras : Packaging premium id\u00e9al pour offrir.<\/li>\n<li>Personnalisation : 4 photos imprim\u00e9es sur les lettres de \u00ab MAMAN \u00bb.<\/li>\n<\/ul>\n","protected":false},"excerpt":{"rendered":"<p>Porte-cl\u00e9s personnalis\u00e9 avec photos MAMAN. Un d\u00e9tail \u00e9mouvant pour c\u00e9l\u00e9brer maman et transform [&#8230;]<\/p>\n","protected":false},"featured_media":501303,"comment_status":"open","ping_status":"closed","template":"","meta":{"_acf_changed":false},"product_brand":[],"product_cat":[1679],"product_tag":[1688,1710],"ai-category":[],"class_list":{"0":"post-501294","1":"product","2":"type-product","3":"status-publish","4":"has-post-thumbnail","6":"product_cat-porte-cles-personnalises","7":"product_tag-meres","8":"product_tag-nouveau","10":"first","11":"instock","12":"taxable","13":"shipping-taxable","14":"purchasable","15":"product-type-simple"},"acf":[],"df_price":19.99,"df_sale_price":"","df_regular_price":19.99,"df_image_link":"https:\/\/transparentgift.com\/fr\/wp-content\/uploads\/2026\/03\/FR_1-4-300x300.jpg","_links":{"self":[{"href":"https:\/\/transparentgift.com\/fr\/wp-json\/wp\/v2\/product\/501294","targetHints":{"allow":["GET"]}}],"collection":[{"href":"https:\/\/transparentgift.com\/fr\/wp-json\/wp\/v2\/product"}],"about":[{"href":"https:\/\/transparentgift.com\/fr\/wp-json\/wp\/v2\/types\/product"}],"replies":[{"embeddable":true,"href":"https:\/\/transparentgift.com\/fr\/wp-json\/wp\/v2\/comments?post=501294"}],"wp:featuredmedia":[{"embeddable":true,"href":"https:\/\/transparentgift.com\/fr\/wp-json\/wp\/v2\/media\/501303"}],"wp:attachment":[{"href":"https:\/\/transparentgift.com\/fr\/wp-json\/wp\/v2\/media?parent=501294"}],"wp:term":[{"taxonomy":"product_brand","embeddable":true,"href":"https:\/\/transparentgift.com\/fr\/wp-json\/wp\/v2\/product_brand?post=501294"},{"taxonomy":"product_cat","embeddable":true,"href":"https:\/\/transparentgift.com\/fr\/wp-json\/wp\/v2\/product_cat?post=501294"},{"taxonomy":"product_tag","embeddable":true,"href":"https:\/\/transparentgift.com\/fr\/wp-json\/wp\/v2\/product_tag?post=501294"},{"taxonomy":"ai-category","embeddable":true,"href":"https:\/\/transparentgift.com\/fr\/wp-json\/wp\/v2\/ai-category?post=501294"}],"curies":[{"name":"wp","href":"https:\/\/api.w.org\/{rel}","templated":true}]}}