{"id":501508,"date":"2026-04-09T15:37:14","date_gmt":"2026-04-09T13:37:14","guid":{"rendered":"https:\/\/transparentgift.com\/fr\/?post_type=product&#038;p=501508"},"modified":"2026-04-16T10:44:13","modified_gmt":"2026-04-16T08:44:13","slug":"lampe-pour-maman-avec-coeurs-et-trois-photos-personnalisees","status":"publish","type":"product","link":"https:\/\/transparentgift.com\/fr\/lampe-pour-maman-avec-coeurs-et-trois-photos-personnalisees\/","title":{"rendered":"Lampe pour Maman avec C\u0153urs et Trois Photos personnalis\u00e9es"},"content":{"rendered":"<p><strong>Faites briller ses plus beaux souvenirs chaque jour<\/strong> avec la lampe pour Maman avec C\u0153urs et Photos personnalis\u00e9es, une option \u00e9mouvante et d\u00e9corative pens\u00e9e pour surprendre avec un d\u00e9tail unique.<\/p>\n<p>Sa composition verticale avec des c\u0153urs et trois images personnalis\u00e9es cr\u00e9e une pi\u00e8ce tr\u00e8s sp\u00e9ciale, parfaite pour mettre en valeur les moments en famille et les transformer en partie int\u00e9grante de la d\u00e9coration de la maison.<\/p>\n<p>Elle est pens\u00e9e pour celles et ceux qui recherchent un <strong>cadeau original pour maman<\/strong> avec une vraie valeur sentimentale, id\u00e9al pour un anniversaire, la F\u00eate des M\u00e8res, No\u00ebl ou des c\u00e9l\u00e9brations familiales. C\u2019est aussi un tr\u00e8s bon choix pour les fils et les filles qui veulent pr\u00e9parer une surprise personnalis\u00e9e et pratique, car en plus d\u2019\u00e9mouvoir, elle apporte un \u00e9clairage d\u2019ambiance tr\u00e8s agr\u00e9able dans une chambre, un salon ou un espace de repos.<\/p>\n<h4><strong>Caract\u00e9ristiques :<\/strong><\/h4>\n<ul>\n<li>Dimensions de la lampe : 17 x18,5 x 4,5 cm<\/li>\n<li>Mat\u00e9riau : bois avec m\u00e9thacrylate de haute qualit\u00e9<\/li>\n<li>Lumi\u00e8re LED chaude<\/li>\n<li>C\u00e2ble avec connecteur USB<\/li>\n<li>Extras : lingette pour le nettoyage et packaging premium<\/li>\n<\/ul>\n","protected":false},"excerpt":{"rendered":"<p>Faites briller ses plus beaux souvenirs chaque jour avec la lampe pour Maman avec C\u0153urs et Photos p [&#8230;]<\/p>\n","protected":false},"featured_media":501723,"comment_status":"open","ping_status":"closed","template":"","meta":{"_acf_changed":false},"product_brand":[],"product_cat":[1682],"product_tag":[1688,1710],"ai-category":[],"class_list":{"0":"post-501508","1":"product","2":"type-product","3":"status-publish","4":"has-post-thumbnail","6":"product_cat-lampes-personnalisees","7":"product_tag-meres","8":"product_tag-nouveau","10":"first","11":"instock","12":"taxable","13":"shipping-taxable","14":"purchasable","15":"product-type-simple"},"acf":[],"df_price":20.99,"df_sale_price":"","df_regular_price":20.99,"df_image_link":"https:\/\/transparentgift.com\/fr\/wp-content\/uploads\/2026\/04\/FR-1-1-300x300.jpg","_links":{"self":[{"href":"https:\/\/transparentgift.com\/fr\/wp-json\/wp\/v2\/product\/501508","targetHints":{"allow":["GET"]}}],"collection":[{"href":"https:\/\/transparentgift.com\/fr\/wp-json\/wp\/v2\/product"}],"about":[{"href":"https:\/\/transparentgift.com\/fr\/wp-json\/wp\/v2\/types\/product"}],"replies":[{"embeddable":true,"href":"https:\/\/transparentgift.com\/fr\/wp-json\/wp\/v2\/comments?post=501508"}],"wp:featuredmedia":[{"embeddable":true,"href":"https:\/\/transparentgift.com\/fr\/wp-json\/wp\/v2\/media\/501723"}],"wp:attachment":[{"href":"https:\/\/transparentgift.com\/fr\/wp-json\/wp\/v2\/media?parent=501508"}],"wp:term":[{"taxonomy":"product_brand","embeddable":true,"href":"https:\/\/transparentgift.com\/fr\/wp-json\/wp\/v2\/product_brand?post=501508"},{"taxonomy":"product_cat","embeddable":true,"href":"https:\/\/transparentgift.com\/fr\/wp-json\/wp\/v2\/product_cat?post=501508"},{"taxonomy":"product_tag","embeddable":true,"href":"https:\/\/transparentgift.com\/fr\/wp-json\/wp\/v2\/product_tag?post=501508"},{"taxonomy":"ai-category","embeddable":true,"href":"https:\/\/transparentgift.com\/fr\/wp-json\/wp\/v2\/ai-category?post=501508"}],"curies":[{"name":"wp","href":"https:\/\/api.w.org\/{rel}","templated":true}]}}