{"id":501509,"date":"2026-04-09T15:37:14","date_gmt":"2026-04-09T13:37:14","guid":{"rendered":"https:\/\/transparentgift.com\/fr\/?post_type=product&#038;p=501509"},"modified":"2026-04-16T09:57:37","modified_gmt":"2026-04-16T07:57:37","slug":"pyjama-la-meilleure-maman-avec-prenoms-personnalises","status":"publish","type":"product","link":"https:\/\/transparentgift.com\/fr\/pyjama-la-meilleure-maman-avec-prenoms-personnalises\/","title":{"rendered":"Pyjama La Meilleure Maman avec pr\u00e9noms personnalis\u00e9s"},"content":{"rendered":"<p><strong>Reposez-vous avec un design pens\u00e9 pour \u00e9mouvoir<\/strong> avec le pyjama La Meilleure Maman avec pr\u00e9noms personnalis\u00e9s, un v\u00eatement sp\u00e9cial qui allie confort et message plein d\u2019affection pour le quotidien.<\/p>\n<p>Son illustration inspir\u00e9e d\u2019une famille de lions avec des pr\u00e9noms personnalis\u00e9s transforme cet ensemble en un d\u00e9tail unique, id\u00e9al pour faire en sorte que maman se sente mise \u00e0 l\u2019honneur m\u00eame dans ses moments de repos.<\/p>\n<p>C\u2019est une proposition parfaite pour celles et ceux qui recherchent <strong>des pyjamas personnalis\u00e9s pour maman<\/strong> avec une touche tendre et familiale, que ce soit pour offrir pour un anniversaire, la F\u00eate des M\u00e8res, No\u00ebl ou simplement pour surprendre avec quelque chose de diff\u00e9rent. Gr\u00e2ce \u00e0 son design doux et proche, il est aussi id\u00e9al pour les mamans qui appr\u00e9cient les v\u00eatements porteurs de sens et aiment les tenues d\u2019int\u00e9rieur avec leur propre personnalit\u00e9.<\/p>\n<h4><strong>Caract\u00e9ristiques :<\/strong><\/h4>\n<ul>\n<li>Composition du t-shirt : 100% coton<\/li>\n<li>Composition du pantalon : 80% coton, 20% polyester<\/li>\n<li>Couleur du t-shirt : blanc<\/li>\n<li>Couleur du pantalon : noir<\/li>\n<li>Tailles : S, M, L, XL et XXL<\/li>\n<\/ul>\n","protected":false},"excerpt":{"rendered":"<p>Reposez-vous avec un design pens\u00e9 pour \u00e9mouvoir avec le pyjama La Meilleure Maman avec pr\u00e9noms pe [&#8230;]<\/p>\n","protected":false},"featured_media":501539,"comment_status":"open","ping_status":"closed","template":"","meta":{"_acf_changed":false},"product_brand":[],"product_cat":[1707],"product_tag":[1688,1710],"ai-category":[],"class_list":{"0":"post-501509","1":"product","2":"type-product","3":"status-publish","4":"has-post-thumbnail","6":"product_cat-pyjamas-personnalises","7":"product_tag-meres","8":"product_tag-nouveau","10":"first","11":"instock","12":"taxable","13":"shipping-taxable","14":"purchasable","15":"product-type-simple"},"acf":[],"df_price":27.99,"df_sale_price":"","df_regular_price":27.99,"df_image_link":"https:\/\/transparentgift.com\/fr\/wp-content\/uploads\/2026\/04\/FR-cat-1_-300x300.jpg","_links":{"self":[{"href":"https:\/\/transparentgift.com\/fr\/wp-json\/wp\/v2\/product\/501509","targetHints":{"allow":["GET"]}}],"collection":[{"href":"https:\/\/transparentgift.com\/fr\/wp-json\/wp\/v2\/product"}],"about":[{"href":"https:\/\/transparentgift.com\/fr\/wp-json\/wp\/v2\/types\/product"}],"replies":[{"embeddable":true,"href":"https:\/\/transparentgift.com\/fr\/wp-json\/wp\/v2\/comments?post=501509"}],"wp:featuredmedia":[{"embeddable":true,"href":"https:\/\/transparentgift.com\/fr\/wp-json\/wp\/v2\/media\/501539"}],"wp:attachment":[{"href":"https:\/\/transparentgift.com\/fr\/wp-json\/wp\/v2\/media?parent=501509"}],"wp:term":[{"taxonomy":"product_brand","embeddable":true,"href":"https:\/\/transparentgift.com\/fr\/wp-json\/wp\/v2\/product_brand?post=501509"},{"taxonomy":"product_cat","embeddable":true,"href":"https:\/\/transparentgift.com\/fr\/wp-json\/wp\/v2\/product_cat?post=501509"},{"taxonomy":"product_tag","embeddable":true,"href":"https:\/\/transparentgift.com\/fr\/wp-json\/wp\/v2\/product_tag?post=501509"},{"taxonomy":"ai-category","embeddable":true,"href":"https:\/\/transparentgift.com\/fr\/wp-json\/wp\/v2\/ai-category?post=501509"}],"curies":[{"name":"wp","href":"https:\/\/api.w.org\/{rel}","templated":true}]}}