{"id":501656,"date":"2026-04-15T14:10:26","date_gmt":"2026-04-15T12:10:26","guid":{"rendered":"https:\/\/transparentgift.com\/fr\/?post_type=product&#038;p=501656"},"modified":"2026-04-16T09:38:09","modified_gmt":"2026-04-16T07:38:09","slug":"cadre-pour-maman-avec-fleurs-et-photos-personnalisees","status":"publish","type":"product","link":"https:\/\/transparentgift.com\/fr\/cadre-pour-maman-avec-fleurs-et-photos-personnalisees\/","title":{"rendered":"Cadre pour Maman avec fleurs et photos personnalis\u00e9es"},"content":{"rendered":"<p><strong>Convierte un souvenir en un d\u00e9tail qui \u00e9meut vraiment<\/strong> avec le Cadre pour Maman avec Fleurs et Photos personnalis\u00e9es, une pi\u00e8ce d\u00e9corative pens\u00e9e pour conserver des moments sp\u00e9ciaux avec une finition d\u00e9licate et tr\u00e8s sentimentale.<\/p>\n<p>L\u2019association de la photographie, du message personnalis\u00e9 et des fleurs r\u00e9elles \u00e0 l\u2019int\u00e9rieur cr\u00e9e une composition pleine de charme, parfaite pour offrir quelque chose de diff\u00e9rent avec une pr\u00e9sence tr\u00e8s sp\u00e9ciale dans n\u2019importe quel coin.<\/p>\n<p>C\u2019est une option id\u00e9ale pour celles et ceux qui recherchent des <strong>cadeaux personnalis\u00e9s pour maman<\/strong> avec un style \u00e9l\u00e9gant, naturel et \u00e9mouvant. Il est parfait pour surprendre lors d\u2019un anniversaire, de la F\u00eate des M\u00e8res, de No\u00ebl ou comme d\u00e9tail de remerciement \u00e0 une date importante. Son design convient aussi tr\u00e8s bien comme souvenir familial, hommage plein d\u2019affection ou \u00e9l\u00e9ment d\u00e9coratif pour une chambre, un salon, une entr\u00e9e ou m\u00eame un espace de travail, en apportant une touche chaleureuse et personnelle qui invite \u00e0 revivre de beaux souvenirs chaque fois qu\u2019on le regarde.<\/p>\n<h4><strong>Caract\u00e9ristiques:<\/strong><\/h4>\n<ul>\n<li>Dimensions : 20 x 20 x 4 cm<\/li>\n<li>Mat\u00e9riau : cadre en bois<\/li>\n<li>Fleurs r\u00e9elles \u00e0 l\u2019int\u00e9rieur<\/li>\n<li>Design personnalis\u00e9 avec photo<\/li>\n<li>Format d\u00e9coratif de table ou d\u2019\u00e9tag\u00e8re<\/li>\n<\/ul>\n","protected":false},"excerpt":{"rendered":"<p>Convierte un souvenir en un d\u00e9tail qui \u00e9meut vraiment avec le Cadre pour Maman avec Fleurs et Phot [&#8230;]<\/p>\n","protected":false},"featured_media":501728,"comment_status":"open","ping_status":"closed","template":"","meta":{"_acf_changed":false},"product_brand":[],"product_cat":[1690],"product_tag":[1688,1710],"ai-category":[],"class_list":{"0":"post-501656","1":"product","2":"type-product","3":"status-publish","4":"has-post-thumbnail","6":"product_cat-produits-originaux","7":"product_tag-meres","8":"product_tag-nouveau","10":"first","11":"instock","12":"taxable","13":"shipping-taxable","14":"purchasable","15":"product-type-simple"},"acf":[],"df_price":24.99,"df_sale_price":"","df_regular_price":24.99,"df_image_link":"https:\/\/transparentgift.com\/fr\/wp-content\/uploads\/2026\/04\/FR_Cuadro-con-flores_1-300x300.jpg","_links":{"self":[{"href":"https:\/\/transparentgift.com\/fr\/wp-json\/wp\/v2\/product\/501656","targetHints":{"allow":["GET"]}}],"collection":[{"href":"https:\/\/transparentgift.com\/fr\/wp-json\/wp\/v2\/product"}],"about":[{"href":"https:\/\/transparentgift.com\/fr\/wp-json\/wp\/v2\/types\/product"}],"replies":[{"embeddable":true,"href":"https:\/\/transparentgift.com\/fr\/wp-json\/wp\/v2\/comments?post=501656"}],"wp:featuredmedia":[{"embeddable":true,"href":"https:\/\/transparentgift.com\/fr\/wp-json\/wp\/v2\/media\/501728"}],"wp:attachment":[{"href":"https:\/\/transparentgift.com\/fr\/wp-json\/wp\/v2\/media?parent=501656"}],"wp:term":[{"taxonomy":"product_brand","embeddable":true,"href":"https:\/\/transparentgift.com\/fr\/wp-json\/wp\/v2\/product_brand?post=501656"},{"taxonomy":"product_cat","embeddable":true,"href":"https:\/\/transparentgift.com\/fr\/wp-json\/wp\/v2\/product_cat?post=501656"},{"taxonomy":"product_tag","embeddable":true,"href":"https:\/\/transparentgift.com\/fr\/wp-json\/wp\/v2\/product_tag?post=501656"},{"taxonomy":"ai-category","embeddable":true,"href":"https:\/\/transparentgift.com\/fr\/wp-json\/wp\/v2\/ai-category?post=501656"}],"curies":[{"name":"wp","href":"https:\/\/api.w.org\/{rel}","templated":true}]}}