{"id":501750,"date":"2026-04-16T12:05:06","date_gmt":"2026-04-16T10:05:06","guid":{"rendered":"https:\/\/transparentgift.com\/fr\/?post_type=product&#038;p=501750"},"modified":"2026-04-26T10:35:29","modified_gmt":"2026-04-26T08:35:29","slug":"papier-cadeau-maman-colore-avec-prenom-personnalise","status":"publish","type":"product","link":"https:\/\/transparentgift.com\/fr\/papier-cadeau-maman-colore-avec-prenom-personnalise\/","title":{"rendered":"Papier Cadeau Maman Color\u00e9 avec pr\u00e9nom personnalis\u00e9"},"content":{"rendered":"<p>Apportez une touche unique \u00e0 vos <strong>cadeaux pour la F\u00eate des M\u00e8res<\/strong> avec ce <strong>rouleau de papier cadeau<\/strong>, que vous pourrez personnaliser en ajoutant les pr\u00e9noms ou le texte de votre choix. En plus d\u2019utiliser ce papier pour emballer les cadeaux de cette journ\u00e9e si sp\u00e9ciale, il conviendra \u00e9galement pour les <strong>cadeaux d\u2019anniversaire<\/strong> ou de No\u00ebl.<\/p>\n<p>Il est enti\u00e8rement personnalisable ! Il vous suffira simplement <strong>d\u2019\u00e9crire le texte ou les pr\u00e9noms<\/strong> sp\u00e9ciaux et ils seront imprim\u00e9s sous le <strong>mot \u00ab\u00a0Maman\u00a0\u00bb en couleurs,<\/strong> sur le motif \u00e0 pois. Vous pourrez emballer les cadeaux pour votre m\u00e8re avec une touche unique et personnelle. Elle sera ravie d\u2019ouvrir ses cadeaux en reconnaissant sur l\u2019emballage un design qui lui est exclusivement d\u00e9di\u00e9. Ce papier cadeau amusant lui fera na\u00eetre un grand sourire !<\/p>\n<p>Cette bobine de papier d\u2019emballage est fabriqu\u00e9e avec des <strong>mat\u00e9riaux de haute qualit\u00e9<\/strong>, qui apportent une grande richesse de couleurs et une grande nettet\u00e9 au design.<\/p>\n<p>Ne passez pas \u00e0 c\u00f4t\u00e9 de la touche personnalis\u00e9e la plus originale pour emballer vos cadeaux pour la F\u00eate des M\u00e8res. C\u2019est l\u2019id\u00e9al pour montrer votre affection \u00e0 maman en ce jour si sp\u00e9cial. Vous la ferez se sentir la plus chanceuse du monde !<\/p>\n<p><strong>Caract\u00e9ristiques :<\/strong><\/p>\n<ul>\n<li>Taille : 100 x 61 cm<\/li>\n<li>Mat\u00e9riau : Papier de 80 gr<\/li>\n<li>Extras : Option au choix entre 2 et 5 feuilles.<\/li>\n<\/ul>\n","protected":false},"excerpt":{"rendered":"<p>Apportez une touche unique \u00e0 vos cadeaux pour la F\u00eate des M\u00e8res avec ce rouleau de papier cadeau, [&#8230;]<\/p>\n","protected":false},"featured_media":501776,"comment_status":"open","ping_status":"closed","template":"","meta":{"_acf_changed":false},"product_brand":[],"product_cat":[1723],"product_tag":[1688,1695],"class_list":{"0":"post-501750","1":"product","2":"type-product","3":"status-publish","4":"has-post-thumbnail","6":"product_cat-papier-cadeau-personnalise","7":"product_tag-meres","8":"product_tag-noel","10":"first","11":"instock","12":"taxable","13":"shipping-taxable","14":"purchasable","15":"product-type-simple"},"acf":[],"df_price":14.99,"df_sale_price":"","df_regular_price":14.99,"df_image_link":"https:\/\/transparentgift.com\/fr\/wp-content\/uploads\/2026\/04\/fr_cat-1-4-300x300.jpg","_links":{"self":[{"href":"https:\/\/transparentgift.com\/fr\/wp-json\/wp\/v2\/product\/501750","targetHints":{"allow":["GET"]}}],"collection":[{"href":"https:\/\/transparentgift.com\/fr\/wp-json\/wp\/v2\/product"}],"about":[{"href":"https:\/\/transparentgift.com\/fr\/wp-json\/wp\/v2\/types\/product"}],"replies":[{"embeddable":true,"href":"https:\/\/transparentgift.com\/fr\/wp-json\/wp\/v2\/comments?post=501750"}],"wp:featuredmedia":[{"embeddable":true,"href":"https:\/\/transparentgift.com\/fr\/wp-json\/wp\/v2\/media\/501776"}],"wp:attachment":[{"href":"https:\/\/transparentgift.com\/fr\/wp-json\/wp\/v2\/media?parent=501750"}],"wp:term":[{"taxonomy":"product_brand","embeddable":true,"href":"https:\/\/transparentgift.com\/fr\/wp-json\/wp\/v2\/product_brand?post=501750"},{"taxonomy":"product_cat","embeddable":true,"href":"https:\/\/transparentgift.com\/fr\/wp-json\/wp\/v2\/product_cat?post=501750"},{"taxonomy":"product_tag","embeddable":true,"href":"https:\/\/transparentgift.com\/fr\/wp-json\/wp\/v2\/product_tag?post=501750"}],"curies":[{"name":"wp","href":"https:\/\/api.w.org\/{rel}","templated":true}]}}