{"id":501837,"date":"2026-04-23T14:11:13","date_gmt":"2026-04-23T12:11:13","guid":{"rendered":"https:\/\/transparentgift.com\/fr\/?post_type=product&#038;p=501837"},"modified":"2026-04-26T10:35:28","modified_gmt":"2026-04-26T08:35:28","slug":"cadre-avec-photo-3d-personnalisee","status":"publish","type":"product","link":"https:\/\/transparentgift.com\/fr\/cadre-avec-photo-3d-personnalisee\/","title":{"rendered":"Cadre avec photo 3D personnalis\u00e9e"},"content":{"rendered":"<p><strong>Transformez vos souvenirs en une pi\u00e8ce d\u00e9corative unique<\/strong> avec ce cadre avec photo 3D personnalis\u00e9e. Une fa\u00e7on originale de mettre en valeur vos meilleurs moments \u00e0 la maison ou dans votre espace de travail.<\/p>\n<p>Sa finition visuelle cr\u00e9e une image plus frappante et sp\u00e9ciale, id\u00e9ale pour celles et ceux qui recherchent un d\u00e9tail personnalis\u00e9 \u00e0 valeur \u00e9motionnelle et un design diff\u00e9rent de celui d\u2019une photographie conventionnelle.<\/p>\n<p>C\u2019est une option parfaite \u00e0 offrir \u00e0 votre partenaire, \u00e0 votre p\u00e8re, \u00e0 votre m\u00e8re, \u00e0 vos grands-parents, \u00e0 vos amis ou \u00e0 votre famille, et \u00e9galement pour d\u00e9corer des salons, des chambres, des bureaux ou des coins sp\u00e9ciaux. Id\u00e9al comme <strong>cadeau personnalis\u00e9<\/strong> pour un anniversaire, un anniversaire de mariage, la F\u00eate des M\u00e8res, la F\u00eate des P\u00e8res, la Saint-Valentin, No\u00ebl ou comme souvenir de moments importants.<\/p>\n<h4><strong>Caract\u00e9ristiques :<\/strong><\/h4>\n<ul>\n<li>Taille : 22 x 19 cm<\/li>\n<li>Mat\u00e9riau : m\u00e9thacrylate de haute qualit\u00e9<\/li>\n<li>Design : cadre avec photo 3D personnalis\u00e9e<\/li>\n<li>Extras : comprend un packaging cadeau<\/li>\n<li>Entretien : se nettoie facilement avec une lingette s\u00e8che<\/li>\n<\/ul>\n","protected":false},"excerpt":{"rendered":"<p>Transformez vos souvenirs en une pi\u00e8ce d\u00e9corative unique avec ce cadre avec photo 3D personnalis\u00e9 [&#8230;]<\/p>\n","protected":false},"featured_media":501857,"comment_status":"open","ping_status":"closed","template":"","meta":{"_acf_changed":false},"product_brand":[],"product_cat":[1690],"product_tag":[1687,1677,1688,1710,1681],"class_list":{"0":"post-501837","1":"product","2":"type-product","3":"status-publish","4":"has-post-thumbnail","6":"product_cat-produits-originaux","7":"product_tag-famille","8":"product_tag-generique","9":"product_tag-meres","10":"product_tag-nouveau","11":"product_tag-peres","13":"first","14":"instock","15":"taxable","16":"shipping-taxable","17":"purchasable","18":"product-type-simple"},"acf":[],"df_price":31.99,"df_sale_price":"","df_regular_price":31.99,"df_image_link":"https:\/\/transparentgift.com\/fr\/wp-content\/uploads\/2026\/04\/portada-nueva-300x300.jpg","_links":{"self":[{"href":"https:\/\/transparentgift.com\/fr\/wp-json\/wp\/v2\/product\/501837","targetHints":{"allow":["GET"]}}],"collection":[{"href":"https:\/\/transparentgift.com\/fr\/wp-json\/wp\/v2\/product"}],"about":[{"href":"https:\/\/transparentgift.com\/fr\/wp-json\/wp\/v2\/types\/product"}],"replies":[{"embeddable":true,"href":"https:\/\/transparentgift.com\/fr\/wp-json\/wp\/v2\/comments?post=501837"}],"wp:featuredmedia":[{"embeddable":true,"href":"https:\/\/transparentgift.com\/fr\/wp-json\/wp\/v2\/media\/501857"}],"wp:attachment":[{"href":"https:\/\/transparentgift.com\/fr\/wp-json\/wp\/v2\/media?parent=501837"}],"wp:term":[{"taxonomy":"product_brand","embeddable":true,"href":"https:\/\/transparentgift.com\/fr\/wp-json\/wp\/v2\/product_brand?post=501837"},{"taxonomy":"product_cat","embeddable":true,"href":"https:\/\/transparentgift.com\/fr\/wp-json\/wp\/v2\/product_cat?post=501837"},{"taxonomy":"product_tag","embeddable":true,"href":"https:\/\/transparentgift.com\/fr\/wp-json\/wp\/v2\/product_tag?post=501837"}],"curies":[{"name":"wp","href":"https:\/\/api.w.org\/{rel}","templated":true}]}}