{"id":501994,"date":"2026-05-05T11:05:38","date_gmt":"2026-05-05T09:05:38","guid":{"rendered":"https:\/\/transparentgift.com\/fr\/?post_type=product&#038;p=501994"},"modified":"2026-05-12T13:06:43","modified_gmt":"2026-05-12T11:06:43","slug":"lampe-enfant-lune-en-couleur-avec-prenom-personnalisee","status":"publish","type":"product","link":"https:\/\/transparentgift.com\/fr\/lampe-enfant-lune-en-couleur-avec-prenom-personnalisee\/","title":{"rendered":"Lampe Enfant Lune en Couleur avec Pr\u00e9nom personnalis\u00e9e"},"content":{"rendered":"<p>Avec cette <strong>veilleuse anti-peur au design de lune en couleur<\/strong>, vous pourrez apporter une touche originale et unique \u00e0 la chambre du plus petit de la maison. C\u2019est le cadeau le plus original \u00e0 offrir <strong>pour son anniversaire, \u00e0 No\u00ebl, pour la rentr\u00e9e scolaire<\/strong> ou pour toute c\u00e9l\u00e9bration qui le m\u00e9rite. Ce sera aussi un d\u00e9tail formidable pour <strong>les bapt\u00eames ou les naissances<\/strong>. Quoi qu\u2019il en soit, l\u2019\u00e9motion est garantie !<\/p>\n<p>Vous pourrez la personnaliser facilement <strong>en ajoutant le pr\u00e9nom<\/strong> du gar\u00e7on ou de la fille \u00e0 l\u2019endroit indiqu\u00e9, qui sera grav\u00e9 \u00e0 l\u2019int\u00e9rieur du nuage o\u00f9 reposent la lune color\u00e9e et les \u00e9toiles. Il ou elle sentira que la lampe lui est exclusivement d\u00e9di\u00e9e.<\/p>\n<p>La lumi\u00e8re douce qu\u2019elle \u00e9met est parfaite pour ajouter une <strong>touche personnelle \u00e0 la chambre des enfants<\/strong>. Il pourra la placer sur la <strong>table de chevet<\/strong>, sur son <strong>bureau<\/strong> ou sur une <strong>\u00e9tag\u00e8re<\/strong>. De plus, elle aidera les plus petits \u00e0 <strong>s\u2019endormir<\/strong> gr\u00e2ce \u00e0 sa lumi\u00e8re nocturne, qui en fait une veilleuse anti-peur. La lumi\u00e8re s\u2019active facilement au moyen de l\u2019<strong>interrupteur marche\/arr\u00eat<\/strong>.<\/p>\n<p>La plaque de la lampe est fabriqu\u00e9e en <strong>m\u00e9thacrylate de haute qualit\u00e9<\/strong>, ce qui lui apporte r\u00e9sistance et durabilit\u00e9. La <strong>base<\/strong> sur laquelle elle repose est faite <strong>en bois<\/strong>, et vous pourrez graver un <strong>message suppl\u00e9mentaire<\/strong> moyennant un petit suppl\u00e9ment.<\/p>\n<p>Ne passez pas \u00e0 c\u00f4t\u00e9 du meilleur cadeau pour rendre les plus petits heureux. Personnalisez la lampe selon leurs go\u00fbts, et laissez la lumi\u00e8re agr\u00e9able et le design enfantin accrocheur rendre leurs nuits beaucoup plus agr\u00e9ables. Ils adoreront leur nouvelle lampe !<\/p>\n<p><strong>Caract\u00e9ristiques :<\/strong><\/p>\n<ul>\n<li>Taille : 18 \u00d7 14,5 x 4,5 cm<\/li>\n<li>Mat\u00e9riau :\n<ul>\n<li>Plaque : m\u00e9thacrylate de haute qualit\u00e9.<\/li>\n<li>Base : bois de haute qualit\u00e9.<\/li>\n<\/ul>\n<\/li>\n<li>Comprend : lumi\u00e8re LED RGB, c\u00e2ble USB, packaging avec bo\u00eete cadeau.<\/li>\n<li>Entretien : se nettoie facilement \u00e0 l\u2019aide de la lingette incluse.<\/li>\n<\/ul>\n","protected":false},"excerpt":{"rendered":"<p>Avec cette veilleuse anti-peur au design de lune en couleur, vous pourrez apporter une touche origin [&#8230;]<\/p>\n","protected":false},"featured_media":502372,"comment_status":"open","ping_status":"closed","template":"","meta":{"_acf_changed":false},"product_brand":[],"product_cat":[1682,1683],"product_tag":[1684,1867],"class_list":{"0":"post-501994","1":"product","2":"type-product","3":"status-publish","4":"has-post-thumbnail","6":"product_cat-lampes-personnalisees","7":"product_cat-veilleuses-pour-enfants-personnalisees","8":"product_tag-bebes","9":"product_tag-infantil","11":"first","12":"instock","13":"sale","14":"taxable","15":"shipping-taxable","16":"purchasable","17":"product-type-simple"},"acf":[],"df_price":20.99,"df_sale_price":20.99,"df_regular_price":34.99,"df_image_link":"https:\/\/transparentgift.com\/fr\/wp-content\/uploads\/2026\/05\/FR_1-4-300x300.jpg","_links":{"self":[{"href":"https:\/\/transparentgift.com\/fr\/wp-json\/wp\/v2\/product\/501994","targetHints":{"allow":["GET"]}}],"collection":[{"href":"https:\/\/transparentgift.com\/fr\/wp-json\/wp\/v2\/product"}],"about":[{"href":"https:\/\/transparentgift.com\/fr\/wp-json\/wp\/v2\/types\/product"}],"replies":[{"embeddable":true,"href":"https:\/\/transparentgift.com\/fr\/wp-json\/wp\/v2\/comments?post=501994"}],"wp:featuredmedia":[{"embeddable":true,"href":"https:\/\/transparentgift.com\/fr\/wp-json\/wp\/v2\/media\/502372"}],"wp:attachment":[{"href":"https:\/\/transparentgift.com\/fr\/wp-json\/wp\/v2\/media?parent=501994"}],"wp:term":[{"taxonomy":"product_brand","embeddable":true,"href":"https:\/\/transparentgift.com\/fr\/wp-json\/wp\/v2\/product_brand?post=501994"},{"taxonomy":"product_cat","embeddable":true,"href":"https:\/\/transparentgift.com\/fr\/wp-json\/wp\/v2\/product_cat?post=501994"},{"taxonomy":"product_tag","embeddable":true,"href":"https:\/\/transparentgift.com\/fr\/wp-json\/wp\/v2\/product_tag?post=501994"}],"curies":[{"name":"wp","href":"https:\/\/api.w.org\/{rel}","templated":true}]}}