{"id":501996,"date":"2026-05-05T11:05:38","date_gmt":"2026-05-05T09:05:38","guid":{"rendered":"https:\/\/transparentgift.com\/fr\/?post_type=product&#038;p=501996"},"modified":"2026-05-12T13:06:46","modified_gmt":"2026-05-12T11:06:46","slug":"tasse-mains-colorees-avec-prenoms-et-texte-personnalisee","status":"publish","type":"product","link":"https:\/\/transparentgift.com\/fr\/tasse-mains-colorees-avec-prenoms-et-texte-personnalisee\/","title":{"rendered":"Tasse Mains Color\u00e9es avec Pr\u00e9noms et Texte personnalis\u00e9e"},"content":{"rendered":"<p>Surprenez votre professeur avec la <strong>tasse personnalis\u00e9e<\/strong> la plus originale que vous puissiez offrir. Ce mod\u00e8le poss\u00e8de un design auquel vous pourrez ajouter les pr\u00e9noms et le texte de votre choix. Comme il s\u2019agit d\u2019une tasse personnalisable, chaque mod\u00e8le sera unique. Il ou elle pourra boire son caf\u00e9 chaque jour avec le souvenir le plus touchant ! Ce sera le meilleur <strong>cadeau pour votre professeur ou votre professeure<\/strong> lors d\u2019une <strong>remise de dipl\u00f4me<\/strong>, d\u2019une f\u00eate de <strong>fin d\u2019ann\u00e9e scolaire<\/strong> ou m\u00eame lors d\u2019autres c\u00e9l\u00e9brations, comme son anniversaire ou No\u00ebl.<\/p>\n<p>Comment la personnaliser ? C\u2019est tr\u00e8s simple ! Il vous suffira <strong>d\u2019\u00e9crire un texte significatif<\/strong>, un pr\u00e9nom ou la promotion de cette ann\u00e9e scolaire. En plus, vous pourrez <strong>ajouter jusqu\u2019\u00e0 25 pr\u00e9noms d\u2019\u00e9l\u00e8ves<\/strong> sur les <strong>empreintes de mains peintes en couleurs<\/strong>. Tout restera imprim\u00e9 en d\u00e9corant la tasse et en cr\u00e9ant le plus beau design. Il ou elle ne voudra plus utiliser une autre tasse ! Ce cadeau original est l\u2019une des meilleures id\u00e9es pour apporter la touche finale au <strong>petit-d\u00e9jeuner<\/strong> ou au <strong>go\u00fbter<\/strong>, accompagn\u00e9 d\u2019un bon <strong>caf\u00e9<\/strong> ou d\u2019un <strong>th\u00e9<\/strong>.<\/p>\n<p>Elle est fabriqu\u00e9e en <strong>c\u00e9ramique de haute qualit\u00e9<\/strong>, compatible avec le micro-ondes et le lave-vaisselle. <strong>Elle poss\u00e8de une anse<\/strong> pour la tenir en toute s\u00e9curit\u00e9. En plus, vous pourrez <strong>remplir la tasse de chocolats Kinder<\/strong> pour un suppl\u00e9ment de 6 euros. Il vous suffira de choisir cette option au moment de la personnalisation.<\/p>\n<p>Ne passez pas \u00e0 c\u00f4t\u00e9 de l\u2019un des meilleurs cadeaux originaux. Il est id\u00e9al pour montrer votre affection \u00e0 cette personne sp\u00e9ciale qui vous a accompagn\u00e9 dans ce <strong>parcours scolaire<\/strong>. Vous la ferez se sentir la plus chanceuse du monde !<\/p>\n<p><strong>Caract\u00e9ristiques :<\/strong><\/p>\n<ul>\n<li>Taille : 9,5 x 8 cm<\/li>\n<li>Mat\u00e9riau : c\u00e9ramique.<\/li>\n<li>Capacit\u00e9 : 333 ml<\/li>\n<li>Entretien : compatible micro-ondes et lave-vaisselle.<\/li>\n<li>Extras : sachet avec Kinder.<\/li>\n<\/ul>\n","protected":false},"excerpt":{"rendered":"<p>Surprenez votre professeur avec la tasse personnalis\u00e9e la plus originale que vous puissiez offrir.  [&#8230;]<\/p>\n","protected":false},"featured_media":502411,"comment_status":"open","ping_status":"closed","template":"","meta":{"_acf_changed":false},"product_brand":[],"product_cat":[1830],"product_tag":[1703],"class_list":{"0":"post-501996","1":"product","2":"type-product","3":"status-publish","4":"has-post-thumbnail","6":"product_cat-tasses-personnalisees","7":"product_tag-professeurs","9":"first","10":"instock","11":"taxable","12":"shipping-taxable","13":"purchasable","14":"product-type-simple"},"acf":[],"df_price":10.99,"df_sale_price":"","df_regular_price":10.99,"df_image_link":"https:\/\/transparentgift.com\/fr\/wp-content\/uploads\/2026\/05\/Taza_manos_1-1-300x300.jpg","_links":{"self":[{"href":"https:\/\/transparentgift.com\/fr\/wp-json\/wp\/v2\/product\/501996","targetHints":{"allow":["GET"]}}],"collection":[{"href":"https:\/\/transparentgift.com\/fr\/wp-json\/wp\/v2\/product"}],"about":[{"href":"https:\/\/transparentgift.com\/fr\/wp-json\/wp\/v2\/types\/product"}],"replies":[{"embeddable":true,"href":"https:\/\/transparentgift.com\/fr\/wp-json\/wp\/v2\/comments?post=501996"}],"wp:featuredmedia":[{"embeddable":true,"href":"https:\/\/transparentgift.com\/fr\/wp-json\/wp\/v2\/media\/502411"}],"wp:attachment":[{"href":"https:\/\/transparentgift.com\/fr\/wp-json\/wp\/v2\/media?parent=501996"}],"wp:term":[{"taxonomy":"product_brand","embeddable":true,"href":"https:\/\/transparentgift.com\/fr\/wp-json\/wp\/v2\/product_brand?post=501996"},{"taxonomy":"product_cat","embeddable":true,"href":"https:\/\/transparentgift.com\/fr\/wp-json\/wp\/v2\/product_cat?post=501996"},{"taxonomy":"product_tag","embeddable":true,"href":"https:\/\/transparentgift.com\/fr\/wp-json\/wp\/v2\/product_tag?post=501996"}],"curies":[{"name":"wp","href":"https:\/\/api.w.org\/{rel}","templated":true}]}}