{"id":501998,"date":"2026-05-05T11:05:38","date_gmt":"2026-05-05T09:05:38","guid":{"rendered":"https:\/\/transparentgift.com\/fr\/?post_type=product&#038;p=501998"},"modified":"2026-05-12T13:06:50","modified_gmt":"2026-05-12T11:06:50","slug":"boite-de-bonbons-mains-colorees-avec-prenoms-et-texte-personnalisee","status":"publish","type":"product","link":"https:\/\/transparentgift.com\/fr\/boite-de-bonbons-mains-colorees-avec-prenoms-et-texte-personnalisee\/","title":{"rendered":"Bo\u00eete de Bonbons Mains Color\u00e9es avec Pr\u00e9noms et Texte personnalis\u00e9e"},"content":{"rendered":"<p><strong>D\u00e9couvrez la Bo\u00eete de Bonbons Mains Color\u00e9es avec Pr\u00e9noms et Texte personnalis\u00e9e<\/strong>. Un cadeau unique et \u00e9mouvant qui ravira n\u2019importe quel professeur ou professeure.<\/p>\n<p>Cette bo\u00eete de friandises ou de chocolats est <strong>enti\u00e8rement personnalisable<\/strong>, vous permettant de cr\u00e9er un d\u00e9tail sp\u00e9cial avec des pr\u00e9noms et des messages imprim\u00e9s. Parfaite pour exprimer votre gratitude en <strong>fin d\u2019ann\u00e9e scolaire<\/strong>, pour un anniversaire ou \u00e0 No\u00ebl.<\/p>\n<p>Id\u00e9ale pour les enseignants qui ont laiss\u00e9 une empreinte dans votre parcours scolaire, ce cadeau s\u2019adapte aux c\u00e9l\u00e9brations scolaires, aux d\u00eeners sp\u00e9ciaux ou simplement pour adoucir une journ\u00e9e m\u00e9morable. Son design color\u00e9 et la possibilit\u00e9 d\u2019inclure jusqu\u2019\u00e0 25 pr\u00e9noms en font un souvenir inoubliable.<\/p>\n<h4><strong>Caract\u00e9ristiques :<\/strong><\/h4>\n<ul>\n<li>Taille : 28 x 18,5 x 2,5 cm<\/li>\n<li>Mat\u00e9riau : carton de haute qualit\u00e9.<\/li>\n<li>Contenu : bonbons g\u00e9lifi\u00e9s multicolores ou bonbons g\u00e9lifi\u00e9s en forme de c\u0153ur.<\/li>\n<\/ul>\n<p><strong>BO\u00ceTE DE BONBONS G\u00c9LIFI\u00c9S EN FORME DE C\u0152UR<\/strong><\/p>\n<p><strong>Ingr\u00e9dients :<\/strong><br \/>\nSirop de glucose, sucre, eau, g\u00e9latine, humectant : E420, acidifiants : E330, E270, ar\u00f4mes, correcteur d\u2019acidit\u00e9 : E325, colorants : E129.<\/p>\n<table style=\"border-collapse: collapse;width: 100%;max-width: 400px\" border=\"1\">\n<thead>\n<tr>\n<th style=\"padding: 6px\">Nutriment<\/th>\n<th style=\"padding: 6px\">Pour 100 g de m\u00e9lange<\/th>\n<\/tr>\n<\/thead>\n<tbody>\n<tr>\n<td style=\"padding: 6px\">Valeur \u00e9nerg\u00e9tique<\/td>\n<td style=\"padding: 6px\">1.459 kJ \/ 345 kcal<\/td>\n<\/tr>\n<tr>\n<td style=\"padding: 6px\">Mati\u00e8res grasses<\/td>\n<td style=\"padding: 6px\">0,2 g<\/td>\n<\/tr>\n<tr>\n<td style=\"padding: 6px\">\u2014 dont acides gras satur\u00e9s<\/td>\n<td style=\"padding: 6px\">0,1 g<\/td>\n<\/tr>\n<tr>\n<td style=\"padding: 6px\">Glucides<\/td>\n<td style=\"padding: 6px\">79,5 g<\/td>\n<\/tr>\n<tr>\n<td style=\"padding: 6px\">\u2014 dont sucres<\/td>\n<td style=\"padding: 6px\">49,4 g<\/td>\n<\/tr>\n<tr>\n<td style=\"padding: 6px\">Prot\u00e9ines<\/td>\n<td style=\"padding: 6px\">4,5 g<\/td>\n<\/tr>\n<tr>\n<td style=\"padding: 6px\">Sel<\/td>\n<td style=\"padding: 6px\">0,02 g<\/td>\n<\/tr>\n<\/tbody>\n<\/table>\n<div style=\"font-family: sans-serif;line-height: 1.6;max-width: 600px\">\n<p><strong>BO\u00ceTE DE BONBONS G\u00c9LIFI\u00c9S MULTICOLORES<\/strong><\/p>\n<p><strong>Ingr\u00e9dients :<\/strong><br \/>\nSirop de glucose, sucre, eau, g\u00e9latine, humectant : E420, acidifiants : E330, E270, g\u00e9lifiant : pectine, ar\u00f4mes, correcteur d\u2019acidit\u00e9 : E325, colorants : E129<\/p>\n<table style=\"border-collapse: collapse;width: 100%\" border=\"1\">\n<thead>\n<tr>\n<th style=\"padding: 6px;text-align: left\">Nutriment<\/th>\n<th style=\"padding: 6px;text-align: left\">Valeur pour 100 g<\/th>\n<\/tr>\n<\/thead>\n<tbody>\n<tr>\n<td style=\"padding: 6px\">Valeur \u00e9nerg\u00e9tique<\/td>\n<td style=\"padding: 6px\">1.441 kJ \/ 344 kcal<\/td>\n<\/tr>\n<tr>\n<td style=\"padding: 6px\">Mati\u00e8res grasses<\/td>\n<td style=\"padding: 6px\">0,2 g<\/td>\n<\/tr>\n<tr>\n<td style=\"padding: 6px\">\u2014 dont acides gras satur\u00e9s<\/td>\n<td style=\"padding: 6px\">0,1 g<\/td>\n<\/tr>\n<tr>\n<td style=\"padding: 6px\">Glucides<\/td>\n<td style=\"padding: 6px\">80,2 g<\/td>\n<\/tr>\n<tr>\n<td style=\"padding: 6px\">\u2014 dont sucres<\/td>\n<td style=\"padding: 6px\">49,7 g<\/td>\n<\/tr>\n<tr>\n<td style=\"padding: 6px\">Prot\u00e9ines<\/td>\n<td style=\"padding: 6px\">3,8 g<\/td>\n<\/tr>\n<tr>\n<td style=\"padding: 6px\">Sel<\/td>\n<td style=\"padding: 6px\">0,02 g<\/td>\n<\/tr>\n<\/tbody>\n<\/table>\n<\/div>\n<div style=\"font-family: sans-serif;line-height: 1.6;max-width: 700px\">\n<p><strong>BO\u00ceTE DE CHOCOLATS KINDER<\/strong><\/p>\n<p><strong>Schoko-Bons :<\/strong> Chocolat au lait extra-fin 50% (sucre, lait entier en poudre, beurre de cacao, p\u00e2te de cacao, \u00e9mulsifiants : l\u00e9cithines (soja), ar\u00f4mes), sucre. Lait \u00e9cr\u00e9m\u00e9 en poudre, graisse de palme, noisettes (5,8%), beurre concentr\u00e9, chocolat noir (sucre, p\u00e2te de cacao, beurre de cacao, \u00e9mulsifiants : l\u00e9cithines (soja) ; ar\u00f4mes), agents d\u2019enrobage (gomme arabique, gomme-laque), sirop de glucose, \u00e9mulsifiants : l\u00e9cithines (soja), ar\u00f4mes.<br \/>\n<em>Sur le total : produits laitiers : 28 %, cacao : 16,5 %.<\/em><\/p>\n<p><strong>Kinder Bueno :<\/strong> Chocolat au lait 31% (sucre, beurre de cacao, p\u00e2te de cacao, lait \u00e9cr\u00e9m\u00e9 en poudre, beurre concentr\u00e9, \u00e9mulsifiants : l\u00e9cithines (soja) ; vanille), sucre, graisse de palme, farine de bl\u00e9, noisettes 10,8%, lait \u00e9cr\u00e9m\u00e9 en poudre, lait entier en poudre, chocolat noir (sucre, p\u00e2te de cacao, beurre de cacao, \u00e9mulsifiants : l\u00e9cithines (soja) ; vanille), cacao maigre, \u00e9mulsifiants : l\u00e9cithines (soja) ; agent levant (carbonate acide de sodium), sel, vanille.<br \/>\n<em>Sur le total : produits laitiers 19 %<\/em><\/p>\n<p><strong>Mini Kinder Chocolate :<\/strong><br \/>\nChocolat au LAIT extra-fin 40% (sucre, LAIT entier en poudre, beurre de cacao, p\u00e2te de cacao, \u00e9mulsifiants : l\u00e9cithines (SOJA), vanilline), sucre, LAIT \u00e9cr\u00e9m\u00e9 en poudre, graisse de palme, BEURRE concentr\u00e9, \u00e9mulsifiants : l\u00e9cithines (SOJA), vanilline.<br \/>\n<em>Sur le total : produits laitiers 33 % (lait \u00e9cr\u00e9m\u00e9 en poudre, lait entier en poudre : 27,5 %, beurre concentr\u00e9 5,5 %) &#8211; cacao 13 %.<\/em><\/p>\n<p><strong>SANS GLUTEN<\/strong><\/p>\n<table style=\"border-collapse: collapse;width: 100%\" border=\"1\">\n<thead>\n<tr>\n<th style=\"padding: 6px;text-align: left\">Nutriment<\/th>\n<th style=\"padding: 6px;text-align: left\">Valeur pour 100 g<\/th>\n<\/tr>\n<\/thead>\n<tbody>\n<tr>\n<td style=\"padding: 6px\">Valeur \u00e9nerg\u00e9tique<\/td>\n<td style=\"padding: 6px\">2.367 kJ \/ 566 kcal<\/td>\n<\/tr>\n<tr>\n<td style=\"padding: 6px\">Mati\u00e8res grasses<\/td>\n<td style=\"padding: 6px\">35,1 g<\/td>\n<\/tr>\n<tr>\n<td style=\"padding: 6px\">\u2014 dont acides gras satur\u00e9s<\/td>\n<td style=\"padding: 6px\">21,6 g<\/td>\n<\/tr>\n<tr>\n<td style=\"padding: 6px\">Glucides<\/td>\n<td style=\"padding: 6px\">51,6 g<\/td>\n<\/tr>\n<tr>\n<td style=\"padding: 6px\">\u2014 dont sucres<\/td>\n<td style=\"padding: 6px\">51,7 g<\/td>\n<\/tr>\n<tr>\n<td style=\"padding: 6px\">Prot\u00e9ines<\/td>\n<td style=\"padding: 6px\">7,8 g<\/td>\n<\/tr>\n<tr>\n<td style=\"padding: 6px\">Sel<\/td>\n<td style=\"padding: 6px\">0,2 g<\/td>\n<\/tr>\n<\/tbody>\n<\/table>\n<\/div>\n","protected":false},"excerpt":{"rendered":"<p>D\u00e9couvrez la Bo\u00eete de Bonbons Mains Color\u00e9es avec Pr\u00e9noms et Texte personnalis\u00e9e. Un cadeau uni [&#8230;]<\/p>\n","protected":false},"featured_media":502355,"comment_status":"closed","ping_status":"closed","template":"","meta":{"_acf_changed":false},"product_brand":[],"product_cat":[1722],"product_tag":[1703],"class_list":{"0":"post-501998","1":"product","2":"type-product","3":"status-publish","4":"has-post-thumbnail","6":"product_cat-bonbons-et-chocolats-personnalises","7":"product_tag-professeurs","9":"first","10":"instock","11":"taxable","12":"shipping-taxable","13":"purchasable","14":"product-type-simple"},"acf":[],"df_price":24.99,"df_sale_price":"","df_regular_price":24.99,"df_image_link":"https:\/\/transparentgift.com\/fr\/wp-content\/uploads\/2026\/05\/Caja-de-dulce_Manos_1-300x300.jpg","_links":{"self":[{"href":"https:\/\/transparentgift.com\/fr\/wp-json\/wp\/v2\/product\/501998","targetHints":{"allow":["GET"]}}],"collection":[{"href":"https:\/\/transparentgift.com\/fr\/wp-json\/wp\/v2\/product"}],"about":[{"href":"https:\/\/transparentgift.com\/fr\/wp-json\/wp\/v2\/types\/product"}],"replies":[{"embeddable":true,"href":"https:\/\/transparentgift.com\/fr\/wp-json\/wp\/v2\/comments?post=501998"}],"wp:featuredmedia":[{"embeddable":true,"href":"https:\/\/transparentgift.com\/fr\/wp-json\/wp\/v2\/media\/502355"}],"wp:attachment":[{"href":"https:\/\/transparentgift.com\/fr\/wp-json\/wp\/v2\/media?parent=501998"}],"wp:term":[{"taxonomy":"product_brand","embeddable":true,"href":"https:\/\/transparentgift.com\/fr\/wp-json\/wp\/v2\/product_brand?post=501998"},{"taxonomy":"product_cat","embeddable":true,"href":"https:\/\/transparentgift.com\/fr\/wp-json\/wp\/v2\/product_cat?post=501998"},{"taxonomy":"product_tag","embeddable":true,"href":"https:\/\/transparentgift.com\/fr\/wp-json\/wp\/v2\/product_tag?post=501998"}],"curies":[{"name":"wp","href":"https:\/\/api.w.org\/{rel}","templated":true}]}}