{"id":501999,"date":"2026-05-05T11:05:38","date_gmt":"2026-05-05T09:05:38","guid":{"rendered":"https:\/\/transparentgift.com\/fr\/?post_type=product&#038;p=501999"},"modified":"2026-05-12T13:06:51","modified_gmt":"2026-05-12T11:06:51","slug":"bloc-notes-mains-colorees-avec-prenoms-et-texte-personnalise","status":"publish","type":"product","link":"https:\/\/transparentgift.com\/fr\/bloc-notes-mains-colorees-avec-prenoms-et-texte-personnalise\/","title":{"rendered":"Bloc-notes Mains Color\u00e9es avec Pr\u00e9noms et Texte personnalis\u00e9"},"content":{"rendered":"<p>Faites le meilleur des <strong>cadeaux pour professeurs<\/strong> avec ce <strong>bloc-notes personnalis\u00e9<\/strong> avec les pr\u00e9noms et le texte de votre choix. C\u2019est l\u2019un des meilleurs cadeaux originaux pour la <strong>fin d\u2019ann\u00e9e scolaire<\/strong>, un <strong>anniversaire<\/strong> ou m\u00eame <strong>No\u00ebl<\/strong>. Ce sera un cadeau super utile avec un design unique !<\/p>\n<p>Ce carnet de notes est enti\u00e8rement personnalisable. Il vous suffira <strong>d\u2019\u00e9crire un texte significatif, un pr\u00e9nom ou la promotion de cette ann\u00e9e scolaire<\/strong>. De plus, vous pourrez <strong>ajouter jusqu\u2019\u00e0 25 pr\u00e9noms d\u2019\u00e9l\u00e8ves<\/strong> sur les <strong>empreintes de mains peintes en couleurs<\/strong>. Tout restera imprim\u00e9 en d\u00e9corant le bloc et en cr\u00e9ant le plus beau design. Il ou elle ne voudra plus utiliser un autre carnet de notes ! Avec ce cadeau personnalis\u00e9 si sp\u00e9cial, votre professeur aura le meilleur support pour <strong>noter ses t\u00e2ches<\/strong> et des informations rapides. Il a la taille id\u00e9ale pour <strong>\u00eatre rang\u00e9 dans une poche, dans un sac ou dans une mallette<\/strong> et \u00eatre transport\u00e9 partout o\u00f9 cela est n\u00e9cessaire. De plus, il est tr\u00e8s pratique pour pouvoir \u00e9crire n\u2019importe o\u00f9.<\/p>\n<p>Le bloc-notes est fabriqu\u00e9 avec des <strong>mat\u00e9riaux de haute qualit\u00e9<\/strong> qui lui apportent r\u00e9sistance et durabilit\u00e9. \u00c0 l\u2019int\u00e9rieur, il <strong>contient 100 feuilles de papier<\/strong> et tout le contenu peut \u00eatre ferm\u00e9 en toute s\u00e9curit\u00e9 gr\u00e2ce \u00e0 une <strong>bande \u00e9lastique<\/strong> incluse.<\/p>\n<p>Ne passez pas \u00e0 c\u00f4t\u00e9 de l\u2019un des <strong>cadeaux pour professeurs<\/strong> les plus originaux et pratiques. Il est id\u00e9al pour montrer votre affection aux ma\u00eetresses de maternelle ou de primaire lors de n\u2019importe quelle c\u00e9l\u00e9bration. Vous les ferez se sentir les plus chanceuses du monde !<\/p>\n<p><strong>Caract\u00e9ristiques :<\/strong><\/p>\n<ul>\n<li>Taille : 21 x 14,5 cm<\/li>\n<li>Mat\u00e9riau : couvertures rigides fabriqu\u00e9es en RPET 600D.<\/li>\n<li>Comprend : 100 feuilles unies. Bande \u00e9lastique et marque-page.<\/li>\n<\/ul>\n","protected":false},"excerpt":{"rendered":"<p>Faites le meilleur des cadeaux pour professeurs avec ce bloc-notes personnalis\u00e9 avec les pr\u00e9noms e [&#8230;]<\/p>\n","protected":false},"featured_media":502375,"comment_status":"open","ping_status":"closed","template":"","meta":{"_acf_changed":false},"product_brand":[],"product_cat":[1690],"product_tag":[1703],"class_list":{"0":"post-501999","1":"product","2":"type-product","3":"status-publish","4":"has-post-thumbnail","6":"product_cat-produits-originaux","7":"product_tag-professeurs","9":"first","10":"instock","11":"taxable","12":"shipping-taxable","13":"purchasable","14":"product-type-simple"},"acf":[],"df_price":20.99,"df_sale_price":"","df_regular_price":20.99,"df_image_link":"https:\/\/transparentgift.com\/fr\/wp-content\/uploads\/2026\/05\/Bloc-notas_Manos_1_Portada-300x300.jpg","_links":{"self":[{"href":"https:\/\/transparentgift.com\/fr\/wp-json\/wp\/v2\/product\/501999","targetHints":{"allow":["GET"]}}],"collection":[{"href":"https:\/\/transparentgift.com\/fr\/wp-json\/wp\/v2\/product"}],"about":[{"href":"https:\/\/transparentgift.com\/fr\/wp-json\/wp\/v2\/types\/product"}],"replies":[{"embeddable":true,"href":"https:\/\/transparentgift.com\/fr\/wp-json\/wp\/v2\/comments?post=501999"}],"wp:featuredmedia":[{"embeddable":true,"href":"https:\/\/transparentgift.com\/fr\/wp-json\/wp\/v2\/media\/502375"}],"wp:attachment":[{"href":"https:\/\/transparentgift.com\/fr\/wp-json\/wp\/v2\/media?parent=501999"}],"wp:term":[{"taxonomy":"product_brand","embeddable":true,"href":"https:\/\/transparentgift.com\/fr\/wp-json\/wp\/v2\/product_brand?post=501999"},{"taxonomy":"product_cat","embeddable":true,"href":"https:\/\/transparentgift.com\/fr\/wp-json\/wp\/v2\/product_cat?post=501999"},{"taxonomy":"product_tag","embeddable":true,"href":"https:\/\/transparentgift.com\/fr\/wp-json\/wp\/v2\/product_tag?post=501999"}],"curies":[{"name":"wp","href":"https:\/\/api.w.org\/{rel}","templated":true}]}}