{"id":502009,"date":"2026-05-05T11:05:38","date_gmt":"2026-05-05T09:05:38","guid":{"rendered":"https:\/\/transparentgift.com\/fr\/?post_type=product&#038;p=502009"},"modified":"2026-05-12T13:07:08","modified_gmt":"2026-05-12T11:07:08","slug":"tasse-pluie-avec-prenoms-personnalisee","status":"publish","type":"product","link":"https:\/\/transparentgift.com\/fr\/tasse-pluie-avec-prenoms-personnalisee\/","title":{"rendered":"Tasse Pluie avec Pr\u00e9noms personnalis\u00e9e"},"content":{"rendered":"<p><strong>Un arc-en-ciel d\u2019\u00e9motions \u00e0 chaque gorg\u00e9e<\/strong>. La tasse personnalis\u00e9e \u00ab\u00a0Pluie de pr\u00e9noms\u00a0\u00bb est un d\u00e9tail tendre et original pour remercier avec couleur et affection cette ma\u00eetresse sp\u00e9ciale.<\/p>\n<p>Le design combine un arc-en-ciel central avec des gouttes color\u00e9es, chacune accompagn\u00e9e des pr\u00e9noms des \u00e9l\u00e8ves. Elle est id\u00e9ale pour inclure le pr\u00e9nom de l\u2019enseignante et cr\u00e9er un souvenir unique qui symbolise la diversit\u00e9 et l\u2019union de la classe.<\/p>\n<p>Parfaite \u00e0 offrir en fin d\u2019ann\u00e9e scolaire, \u00e0 No\u00ebl ou pour la Journ\u00e9e des Enseignants. Compatible avec le micro-ondes et le lave-vaisselle, cette tasse en c\u00e9ramique est r\u00e9sistante et pratique, id\u00e9ale aussi bien pour la maison que pour la salle de classe.<\/p>\n<h4><strong>Caract\u00e9ristiques :<\/strong><\/h4>\n<ul>\n<li>Dimensions : 9,5 cm (hauteur) x 8 cm (diam\u00e8tre)<\/li>\n<li>Capacit\u00e9 : 325 ml<\/li>\n<li>Mat\u00e9riau : c\u00e9ramique de haute qualit\u00e9<\/li>\n<li>Compatible micro-ondes et lave-vaisselle<\/li>\n<li>Personnalisation : pr\u00e9nom de la ma\u00eetresse + jusqu\u2019\u00e0 26 pr\u00e9noms d\u2019\u00e9l\u00e8ves dans des gouttes color\u00e9es<\/li>\n<\/ul>\n","protected":false},"excerpt":{"rendered":"<p>Un arc-en-ciel d\u2019\u00e9motions \u00e0 chaque gorg\u00e9e. La tasse personnalis\u00e9e \u00ab\u00a0Pluie de pr\u00e9noms\u00a0\u00bb es [&#8230;]<\/p>\n","protected":false},"featured_media":502406,"comment_status":"closed","ping_status":"closed","template":"","meta":{"_acf_changed":false},"product_brand":[],"product_cat":[1830],"product_tag":[1703],"class_list":{"0":"post-502009","1":"product","2":"type-product","3":"status-publish","4":"has-post-thumbnail","6":"product_cat-tasses-personnalisees","7":"product_tag-professeurs","9":"first","10":"instock","11":"taxable","12":"shipping-taxable","13":"purchasable","14":"product-type-simple"},"acf":[],"df_price":10.99,"df_sale_price":"","df_regular_price":10.99,"df_image_link":"https:\/\/transparentgift.com\/fr\/wp-content\/uploads\/2026\/05\/Taza-lluvia-1-1-300x300.jpg","_links":{"self":[{"href":"https:\/\/transparentgift.com\/fr\/wp-json\/wp\/v2\/product\/502009","targetHints":{"allow":["GET"]}}],"collection":[{"href":"https:\/\/transparentgift.com\/fr\/wp-json\/wp\/v2\/product"}],"about":[{"href":"https:\/\/transparentgift.com\/fr\/wp-json\/wp\/v2\/types\/product"}],"replies":[{"embeddable":true,"href":"https:\/\/transparentgift.com\/fr\/wp-json\/wp\/v2\/comments?post=502009"}],"wp:featuredmedia":[{"embeddable":true,"href":"https:\/\/transparentgift.com\/fr\/wp-json\/wp\/v2\/media\/502406"}],"wp:attachment":[{"href":"https:\/\/transparentgift.com\/fr\/wp-json\/wp\/v2\/media?parent=502009"}],"wp:term":[{"taxonomy":"product_brand","embeddable":true,"href":"https:\/\/transparentgift.com\/fr\/wp-json\/wp\/v2\/product_brand?post=502009"},{"taxonomy":"product_cat","embeddable":true,"href":"https:\/\/transparentgift.com\/fr\/wp-json\/wp\/v2\/product_cat?post=502009"},{"taxonomy":"product_tag","embeddable":true,"href":"https:\/\/transparentgift.com\/fr\/wp-json\/wp\/v2\/product_tag?post=502009"}],"curies":[{"name":"wp","href":"https:\/\/api.w.org\/{rel}","templated":true}]}}