{"id":502010,"date":"2026-05-05T11:05:38","date_gmt":"2026-05-05T09:05:38","guid":{"rendered":"https:\/\/transparentgift.com\/fr\/?post_type=product&#038;p=502010"},"modified":"2026-05-12T13:07:10","modified_gmt":"2026-05-12T11:07:10","slug":"tote-bag-coeurs-avec-petits-personnages-et-prenoms-personnalisee","status":"publish","type":"product","link":"https:\/\/transparentgift.com\/fr\/tote-bag-coeurs-avec-petits-personnages-et-prenoms-personnalisee\/","title":{"rendered":"Tote Bag C\u0153urs avec Petits Personnages et Pr\u00e9noms personnalis\u00e9e"},"content":{"rendered":"<p><strong>Un sac plein d\u2019affection pour les professeurs qui laissent leur empreinte<\/strong>. Ce tote bag personnalis\u00e9 est le d\u00e9tail parfait pour remercier votre ma\u00eetresse pr\u00e9f\u00e9r\u00e9e pour tout ce qu\u2019elle a partag\u00e9 avec sa classe.<\/p>\n<p>Son design en forme de c\u0153ur est compos\u00e9 de sympathiques petits personnages avec les pr\u00e9noms des \u00e9l\u00e8ves et le pr\u00e9nom de l\u2019enseignante. Un cadeau \u00e9mouvant, pratique et unique qui allie \u00e0 parts \u00e9gales fonctionnalit\u00e9 et \u00e9motion.<\/p>\n<p>Id\u00e9al comme cadeau de fin d\u2019ann\u00e9e scolaire, pour un anniversaire ou pour la Journ\u00e9e des Enseignants. Fabriqu\u00e9 en polyester au toucher coton, il est confortable, r\u00e9sistant et parfait pour transporter chaque jour des livres, des classeurs ou du mat\u00e9riel scolaire.<\/p>\n<h4><strong>Caract\u00e9ristiques :<\/strong><\/h4>\n<ul>\n<li>Taille : 41 x 42 cm<\/li>\n<li>Mat\u00e9riau : polyester au toucher coton<\/li>\n<li>Personnalisation sur une face<\/li>\n<li>Design avec le pr\u00e9nom de l\u2019enseignante et jusqu\u2019\u00e0 25 pr\u00e9noms d\u2019\u00e9l\u00e8ves en forme de c\u0153ur<\/li>\n<li>Comprend 2 anses r\u00e9sistantes pour un usage quotidien<\/li>\n<\/ul>\n","protected":false},"excerpt":{"rendered":"<p>Un sac plein d\u2019affection pour les professeurs qui laissent leur empreinte. Ce tote bag personnalis [&#8230;]<\/p>\n","protected":false},"featured_media":502415,"comment_status":"open","ping_status":"closed","template":"","meta":{"_acf_changed":false},"product_brand":[],"product_cat":[1839],"product_tag":[1703],"class_list":{"0":"post-502010","1":"product","2":"type-product","3":"status-publish","4":"has-post-thumbnail","6":"product_cat-tote-bag-personnalisees","7":"product_tag-professeurs","9":"first","10":"instock","11":"taxable","12":"shipping-taxable","13":"purchasable","14":"product-type-simple"},"acf":[],"df_price":15.99,"df_sale_price":"","df_regular_price":15.99,"df_image_link":"https:\/\/transparentgift.com\/fr\/wp-content\/uploads\/2026\/05\/FR-1-1-300x300.jpg","_links":{"self":[{"href":"https:\/\/transparentgift.com\/fr\/wp-json\/wp\/v2\/product\/502010","targetHints":{"allow":["GET"]}}],"collection":[{"href":"https:\/\/transparentgift.com\/fr\/wp-json\/wp\/v2\/product"}],"about":[{"href":"https:\/\/transparentgift.com\/fr\/wp-json\/wp\/v2\/types\/product"}],"replies":[{"embeddable":true,"href":"https:\/\/transparentgift.com\/fr\/wp-json\/wp\/v2\/comments?post=502010"}],"wp:featuredmedia":[{"embeddable":true,"href":"https:\/\/transparentgift.com\/fr\/wp-json\/wp\/v2\/media\/502415"}],"wp:attachment":[{"href":"https:\/\/transparentgift.com\/fr\/wp-json\/wp\/v2\/media?parent=502010"}],"wp:term":[{"taxonomy":"product_brand","embeddable":true,"href":"https:\/\/transparentgift.com\/fr\/wp-json\/wp\/v2\/product_brand?post=502010"},{"taxonomy":"product_cat","embeddable":true,"href":"https:\/\/transparentgift.com\/fr\/wp-json\/wp\/v2\/product_cat?post=502010"},{"taxonomy":"product_tag","embeddable":true,"href":"https:\/\/transparentgift.com\/fr\/wp-json\/wp\/v2\/product_tag?post=502010"}],"curies":[{"name":"wp","href":"https:\/\/api.w.org\/{rel}","templated":true}]}}