{"id":502013,"date":"2026-05-05T11:05:38","date_gmt":"2026-05-05T09:05:38","guid":{"rendered":"https:\/\/transparentgift.com\/fr\/?post_type=product&#038;p=502013"},"modified":"2026-05-12T13:07:15","modified_gmt":"2026-05-12T11:07:15","slug":"tasse-terrain-de-football-avec-prenoms-personnalisee","status":"publish","type":"product","link":"https:\/\/transparentgift.com\/fr\/tasse-terrain-de-football-avec-prenoms-personnalisee\/","title":{"rendered":"Tasse Terrain de Football avec Pr\u00e9noms personnalis\u00e9e"},"content":{"rendered":"<p><strong>Transformez votre \u00e9quipe de football en une composition l\u00e9gendaire<\/strong>. Cette tasse personnalis\u00e9e avec des pr\u00e9noms sur un terrain de football est le cadeau parfait pour les passionn\u00e9s du sport roi.<\/p>\n<p>Id\u00e9ale pour surprendre des joueurs, des entra\u00eeneurs ou des supporters de l\u2019\u00e9quipe, cette tasse originale recr\u00e9e une composition footballistique personnalis\u00e9e avec les pr\u00e9noms de votre choix, en simulant la strat\u00e9gie d\u2019un vrai match.<\/p>\n<p>Parfaite \u00e0 offrir lors de c\u00e9l\u00e9brations sportives, de tournois, d\u2019anniversaires ou comme cadeau de remerciement pour un coach ou un co\u00e9quipier. Un produit unique pour les papas passionn\u00e9s de football, les amis fans du ballon ou m\u00eame pour les supporters et les groupes scolaires.<\/p>\n<h4><strong>Caract\u00e9ristiques :<\/strong><\/h4>\n<ul>\n<li>Mat\u00e9riau : c\u00e9ramique r\u00e9sistante de haute qualit\u00e9<\/li>\n<li>Capacit\u00e9 : 325 ml<\/li>\n<li>Dimensions : 9,5 cm (hauteur) x 8 cm (diam\u00e8tre)<\/li>\n<li>Compatible micro-ondes et lave-vaisselle<\/li>\n<li>Personnalisation : pr\u00e9noms de l\u2019\u00e9quipe et de l\u2019entra\u00eeneur en formation sur un terrain de football<\/li>\n<\/ul>\n","protected":false},"excerpt":{"rendered":"<p>Transformez votre \u00e9quipe de football en une composition l\u00e9gendaire. Cette tasse personnalis\u00e9e ave [&#8230;]<\/p>\n","protected":false},"featured_media":502396,"comment_status":"open","ping_status":"closed","template":"","meta":{"_acf_changed":false},"product_brand":[],"product_cat":[1830],"product_tag":[1703],"class_list":{"0":"post-502013","1":"product","2":"type-product","3":"status-publish","4":"has-post-thumbnail","6":"product_cat-tasses-personnalisees","7":"product_tag-professeurs","9":"first","10":"instock","11":"taxable","12":"shipping-taxable","13":"purchasable","14":"product-type-simple"},"acf":[],"df_price":10.99,"df_sale_price":"","df_regular_price":10.99,"df_image_link":"https:\/\/transparentgift.com\/fr\/wp-content\/uploads\/2026\/05\/Taza_Futbol_1-2-300x300.jpg","_links":{"self":[{"href":"https:\/\/transparentgift.com\/fr\/wp-json\/wp\/v2\/product\/502013","targetHints":{"allow":["GET"]}}],"collection":[{"href":"https:\/\/transparentgift.com\/fr\/wp-json\/wp\/v2\/product"}],"about":[{"href":"https:\/\/transparentgift.com\/fr\/wp-json\/wp\/v2\/types\/product"}],"replies":[{"embeddable":true,"href":"https:\/\/transparentgift.com\/fr\/wp-json\/wp\/v2\/comments?post=502013"}],"wp:featuredmedia":[{"embeddable":true,"href":"https:\/\/transparentgift.com\/fr\/wp-json\/wp\/v2\/media\/502396"}],"wp:attachment":[{"href":"https:\/\/transparentgift.com\/fr\/wp-json\/wp\/v2\/media?parent=502013"}],"wp:term":[{"taxonomy":"product_brand","embeddable":true,"href":"https:\/\/transparentgift.com\/fr\/wp-json\/wp\/v2\/product_brand?post=502013"},{"taxonomy":"product_cat","embeddable":true,"href":"https:\/\/transparentgift.com\/fr\/wp-json\/wp\/v2\/product_cat?post=502013"},{"taxonomy":"product_tag","embeddable":true,"href":"https:\/\/transparentgift.com\/fr\/wp-json\/wp\/v2\/product_tag?post=502013"}],"curies":[{"name":"wp","href":"https:\/\/api.w.org\/{rel}","templated":true}]}}