{"id":502280,"date":"2026-05-11T10:58:29","date_gmt":"2026-05-11T08:58:29","guid":{"rendered":"https:\/\/transparentgift.com\/fr\/?post_type=product&#038;p=502280"},"modified":"2026-05-15T13:41:44","modified_gmt":"2026-05-15T11:41:44","slug":"poster-pour-enseignants-avec-mains-et-prenoms-personnalises","status":"publish","type":"product","link":"https:\/\/transparentgift.com\/fr\/poster-pour-enseignants-avec-mains-et-prenoms-personnalises\/","title":{"rendered":"Poster pour Enseignants avec Mains et Pr\u00e9noms personnalis\u00e9s"},"content":{"rendered":"<p><strong>Une attention de classe joyeuse et pleine de sens<\/strong> pour remercier cette ma\u00eetresse ou cet enseignant pour tout ce qui a \u00e9t\u00e9 partag\u00e9 au cours de l\u2019ann\u00e9e scolaire. Ce poster avec mains et pr\u00e9noms personnalis\u00e9s transforme l\u2019affection des \u00e9l\u00e8ves en une affiche d\u00e9corative, \u00e9l\u00e9gante et sp\u00e9ciale.<\/p>\n<p>Son design avec des empreintes de mains color\u00e9es transmet de la proximit\u00e9, de la tendresse et un message positif, id\u00e9al pour garder le souvenir d\u2019une \u00e9tape scolaire avec une pr\u00e9sentation jolie et facile \u00e0 encadrer. Il r\u00e9unit toute la classe dans une seule composition et cr\u00e9e une image symbolique qui repr\u00e9sente la croissance, l\u2019apprentissage et l\u2019union.<\/p>\n<p>En plus de sa valeur \u00e9motionnelle, c\u2019est une proposition pratique pour celles et ceux qui souhaitent offrir un cadeau collectif avec un r\u00e9sultat soign\u00e9 et accrocheur. L\u2019association de la personnalisation et de l\u2019esth\u00e9tique enfantine lui permet de s\u2019int\u00e9grer parfaitement dans des environnements \u00e9ducatifs et d\u2019en faire un souvenir facile \u00e0 conserver au fil du temps.<\/p>\n<p>C\u2019est une option parfaite pour les familles, les classes et les groupes scolaires qui recherchent un <strong>cadeau personnalis\u00e9<\/strong> pour les ma\u00eetresses, enseignants, professeurs principaux ou \u00e9ducateurs \u00e0 la fin de l\u2019ann\u00e9e scolaire. Il convient \u00e9galement tr\u00e8s bien \u00e0 la maternelle et au primaire, lors de d\u00e9parts de classe, de f\u00eates scolaires, de remises de dipl\u00f4mes ou comme cadeau collectif organis\u00e9 par les m\u00e8res, les p\u00e8res ou l\u2019association de parents d\u2019\u00e9l\u00e8ves. Gr\u00e2ce \u00e0 son esth\u00e9tique soign\u00e9e et \u00e0 la pr\u00e9sence des pr\u00e9noms, il devient un <strong>souvenir de classe<\/strong> \u00e0 forte valeur \u00e9motionnelle, pens\u00e9 pour d\u00e9corer la salle de classe, le bureau ou n\u2019importe quel coin de la maison avec une d\u00e9dicace touchante.<\/p>\n<h4><strong>Caract\u00e9ristiques :<\/strong><\/h4>\n<ul>\n<li>Papier satin\u00e9 de 240 g<\/li>\n<li>Format disponible : 21 x 29,7 cm<\/li>\n<li>Format disponible : 30 x 40 cm<\/li>\n<li>Format disponible : 42 x 59,5 cm<\/li>\n<li>Personnalisable avec des pr\u00e9noms sur un design de mains<\/li>\n<\/ul>\n","protected":false},"excerpt":{"rendered":"<p>Une attention de classe joyeuse et pleine de sens pour remercier cette ma\u00eetresse ou cet enseignant  [&#8230;]<\/p>\n","protected":false},"featured_media":502610,"comment_status":"open","ping_status":"closed","template":"","meta":{"_acf_changed":false},"product_brand":[],"product_cat":[1737],"product_tag":[1710,1703],"class_list":{"0":"post-502280","1":"product","2":"type-product","3":"status-publish","4":"has-post-thumbnail","6":"product_cat-affiches-personnalisees","7":"product_tag-nouveau","8":"product_tag-professeurs","10":"first","11":"instock","12":"taxable","13":"shipping-taxable","14":"purchasable","15":"product-type-simple"},"acf":[],"df_price":23.99,"df_sale_price":"","df_regular_price":23.99,"df_image_link":"https:\/\/transparentgift.com\/fr\/wp-content\/uploads\/2026\/05\/1-4-300x300.jpg","_links":{"self":[{"href":"https:\/\/transparentgift.com\/fr\/wp-json\/wp\/v2\/product\/502280","targetHints":{"allow":["GET"]}}],"collection":[{"href":"https:\/\/transparentgift.com\/fr\/wp-json\/wp\/v2\/product"}],"about":[{"href":"https:\/\/transparentgift.com\/fr\/wp-json\/wp\/v2\/types\/product"}],"replies":[{"embeddable":true,"href":"https:\/\/transparentgift.com\/fr\/wp-json\/wp\/v2\/comments?post=502280"}],"wp:featuredmedia":[{"embeddable":true,"href":"https:\/\/transparentgift.com\/fr\/wp-json\/wp\/v2\/media\/502610"}],"wp:attachment":[{"href":"https:\/\/transparentgift.com\/fr\/wp-json\/wp\/v2\/media?parent=502280"}],"wp:term":[{"taxonomy":"product_brand","embeddable":true,"href":"https:\/\/transparentgift.com\/fr\/wp-json\/wp\/v2\/product_brand?post=502280"},{"taxonomy":"product_cat","embeddable":true,"href":"https:\/\/transparentgift.com\/fr\/wp-json\/wp\/v2\/product_cat?post=502280"},{"taxonomy":"product_tag","embeddable":true,"href":"https:\/\/transparentgift.com\/fr\/wp-json\/wp\/v2\/product_tag?post=502280"}],"curies":[{"name":"wp","href":"https:\/\/api.w.org\/{rel}","templated":true}]}}