{"id":502282,"date":"2026-05-11T10:58:29","date_gmt":"2026-05-11T08:58:29","guid":{"rendered":"https:\/\/transparentgift.com\/fr\/?post_type=product&#038;p=502282"},"modified":"2026-05-15T11:56:23","modified_gmt":"2026-05-15T09:56:23","slug":"puzzle-de-blocs-coeur-avec-mains-et-prenoms-personnalises","status":"publish","type":"product","link":"https:\/\/transparentgift.com\/fr\/puzzle-de-blocs-coeur-avec-mains-et-prenoms-personnalises\/","title":{"rendered":"Puzzle de Blocs C\u0153ur avec Mains et Pr\u00e9noms personnalis\u00e9s"},"content":{"rendered":"<p><strong>Une attention cr\u00e9ative pour dire merci de mani\u00e8re inoubliable<\/strong>. Ce puzzle de blocs c\u0153ur avec mains et pr\u00e9noms personnalis\u00e9s transforme l\u2019affection de toute la classe en une pi\u00e8ce d\u00e9corative pens\u00e9e pour \u00e9mouvoir.<\/p>\n<p>Son esth\u00e9tique joyeuse et sa composition avec des empreintes de mains color\u00e9es transmettent de la proximit\u00e9 d\u00e8s le premier regard. C\u2019est une proposition originale pour surprendre avec un souvenir diff\u00e9rent, visuel et charg\u00e9 de valeur sentimentale, capable de repr\u00e9senter simplement l\u2019union du groupe.<\/p>\n<p>Il a \u00e9t\u00e9 pens\u00e9 pour les familles, les \u00e9l\u00e8ves et les groupes scolaires qui souhaitent avoir une attention sp\u00e9ciale pour les ma\u00eetresses, enseignants, professeurs principaux ou \u00e9ducateurs \u00e0 la fin de l\u2019ann\u00e9e scolaire. Il est id\u00e9al pour la fin d\u2019ann\u00e9e, les d\u00e9parts de classe, les f\u00eates scolaires, les remises de dipl\u00f4mes de maternelle et de primaire ou les cadeaux collectifs organis\u00e9s entre parents. En r\u00e9unissant les pr\u00e9noms du groupe dans une seule cr\u00e9ation, il devient un joli symbole du lien partag\u00e9 tout au long de l\u2019ann\u00e9e.<\/p>\n<p>En plus de son caract\u00e8re \u00e9mouvant, ce <strong>cadeau personnalis\u00e9<\/strong> se distingue par sa pr\u00e9sentation accrocheuse et par le fait qu\u2019il offre une alternative diff\u00e9rente aux attentions les plus habituelles. Son design d\u00e9coratif permet de le placer facilement dans diff\u00e9rents espaces et d\u2019en profiter chaque jour. Il est parfait comme <strong>souvenir de classe<\/strong> pour d\u00e9corer un bureau, une \u00e9tag\u00e8re ou un espace de travail, en gardant toujours en m\u00e9moire une \u00e9tape pleine d\u2019apprentissages, d\u2019affection et de moments partag\u00e9s.<\/p>\n<h4><strong>Caract\u00e9ristiques :<\/strong><\/h4>\n<ul>\n<li>Dimensions : 16 x 12,5 cm<\/li>\n<li>Mat\u00e9riau : PVC avec pi\u00e8ces de construction<\/li>\n<li>Couleur : blanc<\/li>\n<li>Design en forme de c\u0153ur avec mains color\u00e9es<\/li>\n<li>Personnalisable avec des pr\u00e9noms<\/li>\n<\/ul>\n","protected":false},"excerpt":{"rendered":"<p>Une attention cr\u00e9ative pour dire merci de mani\u00e8re inoubliable. Ce puzzle de blocs c\u0153ur avec mains [&#8230;]<\/p>\n","protected":false},"featured_media":502575,"comment_status":"open","ping_status":"closed","template":"","meta":{"_acf_changed":false},"product_brand":[],"product_cat":[1690],"product_tag":[1710,1703,1876],"class_list":{"0":"post-502282","1":"product","2":"type-product","3":"status-publish","4":"has-post-thumbnail","6":"product_cat-produits-originaux","7":"product_tag-nouveau","8":"product_tag-professeurs","9":"product_tag-puzzle","11":"first","12":"instock","13":"taxable","14":"shipping-taxable","15":"purchasable","16":"product-type-simple"},"acf":[],"df_price":17.99,"df_sale_price":"","df_regular_price":17.99,"df_image_link":"https:\/\/transparentgift.com\/fr\/wp-content\/uploads\/2026\/05\/FR_Puzzle-Corazon_Manos_1-300x300.jpg","_links":{"self":[{"href":"https:\/\/transparentgift.com\/fr\/wp-json\/wp\/v2\/product\/502282","targetHints":{"allow":["GET"]}}],"collection":[{"href":"https:\/\/transparentgift.com\/fr\/wp-json\/wp\/v2\/product"}],"about":[{"href":"https:\/\/transparentgift.com\/fr\/wp-json\/wp\/v2\/types\/product"}],"replies":[{"embeddable":true,"href":"https:\/\/transparentgift.com\/fr\/wp-json\/wp\/v2\/comments?post=502282"}],"wp:featuredmedia":[{"embeddable":true,"href":"https:\/\/transparentgift.com\/fr\/wp-json\/wp\/v2\/media\/502575"}],"wp:attachment":[{"href":"https:\/\/transparentgift.com\/fr\/wp-json\/wp\/v2\/media?parent=502282"}],"wp:term":[{"taxonomy":"product_brand","embeddable":true,"href":"https:\/\/transparentgift.com\/fr\/wp-json\/wp\/v2\/product_brand?post=502282"},{"taxonomy":"product_cat","embeddable":true,"href":"https:\/\/transparentgift.com\/fr\/wp-json\/wp\/v2\/product_cat?post=502282"},{"taxonomy":"product_tag","embeddable":true,"href":"https:\/\/transparentgift.com\/fr\/wp-json\/wp\/v2\/product_tag?post=502282"}],"curies":[{"name":"wp","href":"https:\/\/api.w.org\/{rel}","templated":true}]}}