{"id":502283,"date":"2026-05-11T10:58:29","date_gmt":"2026-05-11T08:58:29","guid":{"rendered":"https:\/\/transparentgift.com\/fr\/?post_type=product&#038;p=502283"},"modified":"2026-05-15T11:56:29","modified_gmt":"2026-05-15T09:56:29","slug":"puzzle-de-blocs-planete-avec-prenoms-personnalises","status":"publish","type":"product","link":"https:\/\/transparentgift.com\/fr\/puzzle-de-blocs-planete-avec-prenoms-personnalises\/","title":{"rendered":"Puzzle de Blocs Plan\u00e8te avec Pr\u00e9noms personnalis\u00e9s"},"content":{"rendered":"<p><strong>Une attention originale qui allie \u00e9motion et cr\u00e9ativit\u00e9<\/strong> pour surprendre cette ma\u00eetresse ou cet enseignant qui a laiss\u00e9 une trace. Ce puzzle de blocs plan\u00e8te avec pr\u00e9noms personnalis\u00e9s transforme l\u2019affection du groupe en une pi\u00e8ce d\u00e9corative pens\u00e9e pour garder le souvenir d\u2019une \u00e9tape tr\u00e8s sp\u00e9ciale.<\/p>\n<p>Son design visuel fait des pr\u00e9noms un \u00e9l\u00e9ment central de la composition et offre un r\u00e9sultat joli, symbolique et diff\u00e9rent des cadeaux les plus habituels. C\u2019est une proposition id\u00e9ale pour celles et ceux qui recherchent un souvenir accrocheur, \u00e0 l\u2019aspect soign\u00e9 et avec une touche attendrissante, parfait pour remercier de mani\u00e8re chaleureuse pour tout ce qui a \u00e9t\u00e9 partag\u00e9 au cours de l\u2019ann\u00e9e scolaire. De plus, son inspiration autour de la plan\u00e8te renforce l\u2019id\u00e9e d\u2019union, de croissance et de liens partag\u00e9s au sein de la classe.<\/p>\n<p>Il a \u00e9t\u00e9 sp\u00e9cialement pens\u00e9 pour les familles, les \u00e9l\u00e8ves et les groupes scolaires qui souhaitent avoir une jolie attention pour les ma\u00eetresses, enseignants, professeurs principaux ou \u00e9ducateurs \u00e0 la fin de l\u2019ann\u00e9e scolaire, lors de d\u00e9parts de classe, de remises de dipl\u00f4mes ou de f\u00eates de l\u2019\u00e9cole. Gr\u00e2ce \u00e0 son esth\u00e9tique \u00e9pur\u00e9e et \u00e0 son format d\u00e9coratif, il devient un <strong>cadeau personnalis\u00e9<\/strong> tr\u00e8s sp\u00e9cial, id\u00e9al pour d\u00e9corer un bureau, une \u00e9tag\u00e8re ou un espace de travail. Il fonctionne \u00e9galement comme un <strong>souvenir de classe<\/strong> \u00e0 forte valeur sentimentale, car il repr\u00e9sente l\u2019union du groupe et aide \u00e0 revivre avec affection les moments partag\u00e9s. C\u2019est une option tr\u00e8s r\u00e9ussie pour les cadeaux collectifs organis\u00e9s entre familles ou camarades.<\/p>\n<h4><strong>Caract\u00e9ristiques :<\/strong><\/h4>\n<ul>\n<li>Petit format : 14,5 x 10 cm<\/li>\n<li>Grand format : 22,5 x 16,5 cm<\/li>\n<li>Mat\u00e9riau : PVC avec pi\u00e8ces de construction<\/li>\n<li>Couleur : blanc<\/li>\n<li>Personnalisable avec des pr\u00e9noms<\/li>\n<\/ul>\n","protected":false},"excerpt":{"rendered":"<p>Une attention originale qui allie \u00e9motion et cr\u00e9ativit\u00e9 pour surprendre cette ma\u00eetresse ou cet e [&#8230;]<\/p>\n","protected":false},"featured_media":502560,"comment_status":"open","ping_status":"closed","template":"","meta":{"_acf_changed":false},"product_brand":[],"product_cat":[1690],"product_tag":[1710,1703,1876],"class_list":{"0":"post-502283","1":"product","2":"type-product","3":"status-publish","4":"has-post-thumbnail","6":"product_cat-produits-originaux","7":"product_tag-nouveau","8":"product_tag-professeurs","9":"product_tag-puzzle","11":"first","12":"instock","13":"taxable","14":"shipping-taxable","15":"purchasable","16":"product-type-simple"},"acf":[],"df_price":17.99,"df_sale_price":"","df_regular_price":17.99,"df_image_link":"https:\/\/transparentgift.com\/fr\/wp-content\/uploads\/2026\/05\/FR_Puzzle_Planeta_1-300x300.jpg","_links":{"self":[{"href":"https:\/\/transparentgift.com\/fr\/wp-json\/wp\/v2\/product\/502283","targetHints":{"allow":["GET"]}}],"collection":[{"href":"https:\/\/transparentgift.com\/fr\/wp-json\/wp\/v2\/product"}],"about":[{"href":"https:\/\/transparentgift.com\/fr\/wp-json\/wp\/v2\/types\/product"}],"replies":[{"embeddable":true,"href":"https:\/\/transparentgift.com\/fr\/wp-json\/wp\/v2\/comments?post=502283"}],"wp:featuredmedia":[{"embeddable":true,"href":"https:\/\/transparentgift.com\/fr\/wp-json\/wp\/v2\/media\/502560"}],"wp:attachment":[{"href":"https:\/\/transparentgift.com\/fr\/wp-json\/wp\/v2\/media?parent=502283"}],"wp:term":[{"taxonomy":"product_brand","embeddable":true,"href":"https:\/\/transparentgift.com\/fr\/wp-json\/wp\/v2\/product_brand?post=502283"},{"taxonomy":"product_cat","embeddable":true,"href":"https:\/\/transparentgift.com\/fr\/wp-json\/wp\/v2\/product_cat?post=502283"},{"taxonomy":"product_tag","embeddable":true,"href":"https:\/\/transparentgift.com\/fr\/wp-json\/wp\/v2\/product_tag?post=502283"}],"curies":[{"name":"wp","href":"https:\/\/api.w.org\/{rel}","templated":true}]}}