{"id":502317,"date":"2026-05-12T11:35:33","date_gmt":"2026-05-12T09:35:33","guid":{"rendered":"https:\/\/transparentgift.com\/fr\/?post_type=product&#038;p=502317"},"modified":"2026-05-15T18:08:35","modified_gmt":"2026-05-15T16:08:35","slug":"poster-definition-denseignant-en-noir-et-blanc-avec-photos-personnalisees","status":"publish","type":"product","link":"https:\/\/transparentgift.com\/fr\/poster-definition-denseignant-en-noir-et-blanc-avec-photos-personnalisees\/","title":{"rendered":"Poster D\u00e9finition d\u2019Enseignant en Noir et Blanc avec Photos personnalis\u00e9es"},"content":{"rendered":"<p><strong>Un hommage \u00e9l\u00e9gant et \u00e9mouvant pour se souvenir de cette personne qui laisse une empreinte dans la salle de classe<\/strong>. Ce poster d\u00e9finition d\u2019enseignant en noir et blanc avec photos personnalis\u00e9es transforme un moment partag\u00e9 en une attention d\u00e9corative \u00e0 forte valeur sentimentale.<\/p>\n<p>Son design inspir\u00e9 d\u2019une d\u00e9finition, associ\u00e9 \u00e0 l\u2019image en noir et blanc, cr\u00e9e une composition sobre, soign\u00e9e et tr\u00e8s significative. C\u2019est une option id\u00e9ale pour celles et ceux qui recherchent une attention sp\u00e9ciale avec un style plus classique, visuel et intemporel.<\/p>\n<p>Il a \u00e9t\u00e9 sp\u00e9cialement pens\u00e9 pour les familles, les \u00e9l\u00e8ves et les groupes scolaires qui souhaitent surprendre les ma\u00eetresses, enseignants, professeurs principaux ou \u00e9ducateurs avec un <strong>cadeau personnalis\u00e9<\/strong> \u00e0 la fin de l\u2019ann\u00e9e scolaire, lors de d\u00e9parts de classe, de remises de dipl\u00f4mes ou de c\u00e9l\u00e9brations scolaires. Gr\u00e2ce \u00e0 son esth\u00e9tique \u00e9l\u00e9gante et \u00e0 son message de remerciement, il convient \u00e9galement tr\u00e8s bien comme cadeau collectif de classe ou comme <strong>souvenir d\u00e9coratif<\/strong> \u00e0 placer \u00e0 la maison, dans un bureau ou dans la salle de classe. L\u2019association de la photographie et du texte permet de transmettre de l\u2019\u00e9motion de mani\u00e8re chaleureuse, en faisant une pi\u00e8ce parfaite pour conserver le souvenir d\u2019une \u00e9tape importante avec affection, admiration et un style visuel tr\u00e8s soign\u00e9.<\/p>\n<h4><strong>Caract\u00e9ristiques :<\/strong><\/h4>\n<ul>\n<li>Papier satin\u00e9 de 240 g<\/li>\n<li>Format disponible : 21 x 29,7 cm<\/li>\n<li>Format disponible : 30 x 40 cm<\/li>\n<li>Format disponible : 42 x 59,5 cm<\/li>\n<li>Personnalisable avec photo<\/li>\n<\/ul>\n","protected":false},"excerpt":{"rendered":"<p>Un hommage \u00e9l\u00e9gant et \u00e9mouvant pour se souvenir de cette personne qui laisse une empreinte dans l [&#8230;]<\/p>\n","protected":false},"featured_media":502626,"comment_status":"open","ping_status":"closed","template":"","meta":{"_acf_changed":false},"product_brand":[],"product_cat":[1737],"product_tag":[1710,1703],"class_list":{"0":"post-502317","1":"product","2":"type-product","3":"status-publish","4":"has-post-thumbnail","6":"product_cat-affiches-personnalisees","7":"product_tag-nouveau","8":"product_tag-professeurs","10":"first","11":"instock","12":"taxable","13":"shipping-taxable","14":"purchasable","15":"product-type-simple"},"acf":[],"df_price":23.99,"df_sale_price":"","df_regular_price":23.99,"df_image_link":"https:\/\/transparentgift.com\/fr\/wp-content\/uploads\/2026\/05\/1-6-300x300.jpg","_links":{"self":[{"href":"https:\/\/transparentgift.com\/fr\/wp-json\/wp\/v2\/product\/502317","targetHints":{"allow":["GET"]}}],"collection":[{"href":"https:\/\/transparentgift.com\/fr\/wp-json\/wp\/v2\/product"}],"about":[{"href":"https:\/\/transparentgift.com\/fr\/wp-json\/wp\/v2\/types\/product"}],"replies":[{"embeddable":true,"href":"https:\/\/transparentgift.com\/fr\/wp-json\/wp\/v2\/comments?post=502317"}],"wp:featuredmedia":[{"embeddable":true,"href":"https:\/\/transparentgift.com\/fr\/wp-json\/wp\/v2\/media\/502626"}],"wp:attachment":[{"href":"https:\/\/transparentgift.com\/fr\/wp-json\/wp\/v2\/media?parent=502317"}],"wp:term":[{"taxonomy":"product_brand","embeddable":true,"href":"https:\/\/transparentgift.com\/fr\/wp-json\/wp\/v2\/product_brand?post=502317"},{"taxonomy":"product_cat","embeddable":true,"href":"https:\/\/transparentgift.com\/fr\/wp-json\/wp\/v2\/product_cat?post=502317"},{"taxonomy":"product_tag","embeddable":true,"href":"https:\/\/transparentgift.com\/fr\/wp-json\/wp\/v2\/product_tag?post=502317"}],"curies":[{"name":"wp","href":"https:\/\/api.w.org\/{rel}","templated":true}]}}