{"id":502320,"date":"2026-05-12T11:35:33","date_gmt":"2026-05-12T09:35:33","guid":{"rendered":"https:\/\/transparentgift.com\/fr\/?post_type=product&#038;p=502320"},"modified":"2026-05-15T11:27:36","modified_gmt":"2026-05-15T09:27:36","slug":"poster-pour-enseignants-avec-coeurs-et-photo-personnalisee","status":"publish","type":"product","link":"https:\/\/transparentgift.com\/fr\/poster-pour-enseignants-avec-coeurs-et-photo-personnalisee\/","title":{"rendered":"Poster pour Enseignants avec C\u0153urs et Photo personnalis\u00e9e"},"content":{"rendered":"<p><strong>Une attention pleine de couleur et d\u2019\u00e9motion<\/strong> pour remercier cette ma\u00eetresse si sp\u00e9ciale pour tout ce qui a \u00e9t\u00e9 v\u00e9cu au cours de l\u2019ann\u00e9e scolaire. Ce poster pour enseignants avec c\u0153urs et photo personnalis\u00e9e transforme les souvenirs de la classe en une affiche d\u00e9corative \u00e0 forte valeur sentimentale.<\/p>\n<p>Son design associe une photo centrale \u00e0 des c\u0153urs color\u00e9s et aux pr\u00e9noms du groupe, cr\u00e9ant une composition joyeuse, chaleureuse et tr\u00e8s repr\u00e9sentative. C\u2019est une option parfaite pour celles et ceux qui recherchent une attention visuelle, jolie et facile \u00e0 conserver comme souvenir d\u2019une \u00e9tape partag\u00e9e. De plus, son style enfantin et joyeux permet au design du poster de s\u2019int\u00e9grer parfaitement \u00e0 l\u2019univers scolaire et de transmettre de la proximit\u00e9 d\u00e8s le premier regard.<\/p>\n<p>Il a \u00e9t\u00e9 sp\u00e9cialement pens\u00e9 pour les familles, les \u00e9l\u00e8ves et les groupes scolaires qui souhaitent surprendre les ma\u00eetresses, enseignants, professeurs principaux ou \u00e9ducateurs avec un <strong>cadeau personnalis\u00e9<\/strong> \u00e0 la fin de l\u2019ann\u00e9e scolaire, lors de d\u00e9parts de classe, de remises de dipl\u00f4mes ou de f\u00eates de l\u2019\u00e9cole. Gr\u00e2ce \u00e0 son esth\u00e9tique color\u00e9e et \u00e0 la pr\u00e9sence d\u2019une photo sp\u00e9ciale, il convient \u00e9galement tr\u00e8s bien comme cadeau collectif de classe ou comme <strong>souvenir d\u00e9coratif<\/strong> \u00e0 placer \u00e0 la maison, dans un bureau ou dans la salle de classe. L\u2019association de l\u2019image, des pr\u00e9noms et des c\u0153urs permet de transmettre de l\u2019affection de mani\u00e8re simple et tr\u00e8s \u00e9mouvante, id\u00e9ale pour rendre hommage \u00e0 la personne qui a accompagn\u00e9 le groupe durant une \u00e9tape importante.<\/p>\n<h4><strong>Caract\u00e9ristiques :<\/strong><\/h4>\n<ul>\n<li>Papier satin\u00e9 de 240 g<\/li>\n<li>Format disponible : 21 x 29,7 cm<\/li>\n<li>Format disponible : 30 x 40 cm<\/li>\n<li>Format disponible : 42 x 59,5 cm<\/li>\n<li>Personnalisable avec photo et pr\u00e9noms<\/li>\n<\/ul>\n","protected":false},"excerpt":{"rendered":"<p>Une attention pleine de couleur et d\u2019\u00e9motion pour remercier cette ma\u00eetresse si sp\u00e9ciale pour to [&#8230;]<\/p>\n","protected":false},"featured_media":502546,"comment_status":"open","ping_status":"closed","template":"","meta":{"_acf_changed":false},"product_brand":[],"product_cat":[1737],"product_tag":[1710,1703],"class_list":{"0":"post-502320","1":"product","2":"type-product","3":"status-publish","4":"has-post-thumbnail","6":"product_cat-affiches-personnalisees","7":"product_tag-nouveau","8":"product_tag-professeurs","10":"first","11":"instock","12":"taxable","13":"shipping-taxable","14":"purchasable","15":"product-type-simple"},"acf":[],"df_price":23.99,"df_sale_price":"","df_regular_price":23.99,"df_image_link":"https:\/\/transparentgift.com\/fr\/wp-content\/uploads\/2026\/05\/1-2-300x300.jpg","_links":{"self":[{"href":"https:\/\/transparentgift.com\/fr\/wp-json\/wp\/v2\/product\/502320","targetHints":{"allow":["GET"]}}],"collection":[{"href":"https:\/\/transparentgift.com\/fr\/wp-json\/wp\/v2\/product"}],"about":[{"href":"https:\/\/transparentgift.com\/fr\/wp-json\/wp\/v2\/types\/product"}],"replies":[{"embeddable":true,"href":"https:\/\/transparentgift.com\/fr\/wp-json\/wp\/v2\/comments?post=502320"}],"wp:featuredmedia":[{"embeddable":true,"href":"https:\/\/transparentgift.com\/fr\/wp-json\/wp\/v2\/media\/502546"}],"wp:attachment":[{"href":"https:\/\/transparentgift.com\/fr\/wp-json\/wp\/v2\/media?parent=502320"}],"wp:term":[{"taxonomy":"product_brand","embeddable":true,"href":"https:\/\/transparentgift.com\/fr\/wp-json\/wp\/v2\/product_brand?post=502320"},{"taxonomy":"product_cat","embeddable":true,"href":"https:\/\/transparentgift.com\/fr\/wp-json\/wp\/v2\/product_cat?post=502320"},{"taxonomy":"product_tag","embeddable":true,"href":"https:\/\/transparentgift.com\/fr\/wp-json\/wp\/v2\/product_tag?post=502320"}],"curies":[{"name":"wp","href":"https:\/\/api.w.org\/{rel}","templated":true}]}}