{"id":502321,"date":"2026-05-12T11:35:33","date_gmt":"2026-05-12T09:35:33","guid":{"rendered":"https:\/\/transparentgift.com\/fr\/?post_type=product&#038;p=502321"},"modified":"2026-05-15T11:36:55","modified_gmt":"2026-05-15T09:36:55","slug":"poster-pour-enseignants-en-fleurs-avec-photos-personnalisees","status":"publish","type":"product","link":"https:\/\/transparentgift.com\/fr\/poster-pour-enseignants-en-fleurs-avec-photos-personnalisees\/","title":{"rendered":"Poster pour Enseignants en Fleurs avec Photos personnalis\u00e9es"},"content":{"rendered":"<p><strong>Une attention joyeuse et pleine d\u2019affection<\/strong> pour remercier cette ma\u00eetresse si sp\u00e9ciale pour tout ce qui a \u00e9t\u00e9 partag\u00e9 au cours de l\u2019ann\u00e9e scolaire. Ce poster pour enseignants en fleurs avec photos personnalis\u00e9es transforme les souvenirs de la classe en une affiche d\u00e9corative au style tendre, color\u00e9 et tr\u00e8s \u00e9mouvant.<\/p>\n<p>Son design avec des fleurs form\u00e9es \u00e0 partir de photographies cr\u00e9e une composition originale et tr\u00e8s visuelle, pens\u00e9e pour r\u00e9unir tout le groupe dans une seule cr\u00e9ation. C\u2019est une proposition parfaite pour surprendre avec un joli souvenir, chaleureux et facile \u00e0 conserver au fil du temps. De plus, il apporte une touche douce et scolaire qui s\u2019int\u00e8gre tr\u00e8s bien dans n\u2019importe quel espace et aide \u00e0 revivre les moments partag\u00e9s de mani\u00e8re visuelle.<\/p>\n<p>Il a \u00e9t\u00e9 sp\u00e9cialement pens\u00e9 pour les familles, les \u00e9l\u00e8ves et les groupes scolaires qui recherchent un <strong>cadeau personnalis\u00e9<\/strong> pour les ma\u00eetresses, enseignants, professeurs principaux ou \u00e9ducateurs \u00e0 la fin de l\u2019ann\u00e9e scolaire, lors de d\u00e9parts de classe, de remises de dipl\u00f4mes ou de f\u00eates de l\u2019\u00e9cole. Gr\u00e2ce \u00e0 son esth\u00e9tique enfantine et \u00e0 sa composition florale, il convient \u00e9galement tr\u00e8s bien comme cadeau collectif de classe et comme souvenir \u00e0 placer \u00e0 la maison, dans un bureau ou dans la salle de classe. L\u2019association des images et du design fait de ce poster un hommage visuel tr\u00e8s sp\u00e9cial, id\u00e9al pour \u00e9mouvoir et laisser une trace d\u2019une \u00e9tape partag\u00e9e pleine d\u2019apprentissage, d\u2019affection et de beaux moments.<\/p>\n<h4><strong>Caract\u00e9ristiques :<\/strong><\/h4>\n<ul>\n<li>Papier satin\u00e9 de 240 g<\/li>\n<li>Format disponible : 21 x 29,7 cm<\/li>\n<li>Format disponible : 30 x 40 cm<\/li>\n<li>Format disponible : 42 x 59,5 cm<\/li>\n<li>Personnalisable avec des photos<\/li>\n<\/ul>\n","protected":false},"excerpt":{"rendered":"<p>Une attention joyeuse et pleine d\u2019affection pour remercier cette ma\u00eetresse si sp\u00e9ciale pour tout [&#8230;]<\/p>\n","protected":false},"featured_media":502570,"comment_status":"open","ping_status":"closed","template":"","meta":{"_acf_changed":false},"product_brand":[],"product_cat":[1737],"product_tag":[1710,1703],"class_list":{"0":"post-502321","1":"product","2":"type-product","3":"status-publish","4":"has-post-thumbnail","6":"product_cat-affiches-personnalisees","7":"product_tag-nouveau","8":"product_tag-professeurs","10":"first","11":"instock","12":"taxable","13":"shipping-taxable","14":"purchasable","15":"product-type-simple"},"acf":[],"df_price":23.99,"df_sale_price":"","df_regular_price":23.99,"df_image_link":"https:\/\/transparentgift.com\/fr\/wp-content\/uploads\/2026\/05\/1-3-300x300.jpg","_links":{"self":[{"href":"https:\/\/transparentgift.com\/fr\/wp-json\/wp\/v2\/product\/502321","targetHints":{"allow":["GET"]}}],"collection":[{"href":"https:\/\/transparentgift.com\/fr\/wp-json\/wp\/v2\/product"}],"about":[{"href":"https:\/\/transparentgift.com\/fr\/wp-json\/wp\/v2\/types\/product"}],"replies":[{"embeddable":true,"href":"https:\/\/transparentgift.com\/fr\/wp-json\/wp\/v2\/comments?post=502321"}],"wp:featuredmedia":[{"embeddable":true,"href":"https:\/\/transparentgift.com\/fr\/wp-json\/wp\/v2\/media\/502570"}],"wp:attachment":[{"href":"https:\/\/transparentgift.com\/fr\/wp-json\/wp\/v2\/media?parent=502321"}],"wp:term":[{"taxonomy":"product_brand","embeddable":true,"href":"https:\/\/transparentgift.com\/fr\/wp-json\/wp\/v2\/product_brand?post=502321"},{"taxonomy":"product_cat","embeddable":true,"href":"https:\/\/transparentgift.com\/fr\/wp-json\/wp\/v2\/product_cat?post=502321"},{"taxonomy":"product_tag","embeddable":true,"href":"https:\/\/transparentgift.com\/fr\/wp-json\/wp\/v2\/product_tag?post=502321"}],"curies":[{"name":"wp","href":"https:\/\/api.w.org\/{rel}","templated":true}]}}