{"id":502322,"date":"2026-05-12T11:35:33","date_gmt":"2026-05-12T09:35:33","guid":{"rendered":"https:\/\/transparentgift.com\/fr\/?post_type=product&#038;p=502322"},"modified":"2026-05-16T11:17:02","modified_gmt":"2026-05-16T09:17:02","slug":"mug-pour-enseignants-avec-coeurs-et-photo-personnalisee","status":"publish","type":"product","link":"https:\/\/transparentgift.com\/fr\/mug-pour-enseignants-avec-coeurs-et-photo-personnalisee\/","title":{"rendered":"Mug pour Enseignants avec C\u0153urs et Photo personnalis\u00e9e"},"content":{"rendered":"<p><strong>Un mug pour enseignants plein de couleur et d\u2019\u00e9motion<\/strong>, pens\u00e9 pour transformer un souvenir de classe en une attention utile et tr\u00e8s sp\u00e9ciale. Ce mug pour enseignants avec c\u0153urs et photo personnalis\u00e9e transforme l\u2019affection du groupe en un cadeau pratique, joli et facile \u00e0 appr\u00e9cier chaque jour.<\/p>\n<p>Son design associe une photo centrale \u00e0 des c\u0153urs color\u00e9s et des pr\u00e9noms, cr\u00e9ant une composition joyeuse, chaleureuse et tr\u00e8s repr\u00e9sentative de l\u2019univers scolaire. C\u2019est une proposition id\u00e9ale pour celles et ceux qui recherchent une attention visuelle et \u00e9mouvante qui, en plus, soit utile au quotidien.<\/p>\n<p>Il a \u00e9t\u00e9 sp\u00e9cialement pens\u00e9 pour les familles, les \u00e9l\u00e8ves et les groupes scolaires qui souhaitent surprendre les ma\u00eetresses, enseignants, professeurs principaux ou \u00e9ducateurs avec un <strong>cadeau personnalis\u00e9<\/strong> \u00e0 la fin de l\u2019ann\u00e9e scolaire, lors de d\u00e9parts de classe, d\u2019anniversaires, de f\u00eates de l\u2019\u00e9cole ou de remerciements particuliers. Comme il s\u2019agit d\u2019un mug d\u2019usage quotidien, il est parfait pour les petits-d\u00e9jeuners, les pauses entre les cours ou les moments de travail, devenant ainsi un <strong>souvenir sp\u00e9cial<\/strong> qui accompagne bien au-del\u00e0 du jour o\u00f9 il est offert. Son esth\u00e9tique color\u00e9e et sa personnalisation avec photo et pr\u00e9noms en font une option tr\u00e8s r\u00e9ussie pour rendre hommage \u00e0 une \u00e9tape partag\u00e9e de mani\u00e8re chaleureuse, joyeuse et sentimentale.<\/p>\n<h4><strong>Caract\u00e9ristiques :<\/strong><\/h4>\n<ul>\n<li>Dimensions : 9,5 cm de hauteur et 8 cm de diam\u00e8tre<\/li>\n<li>Capacit\u00e9 : 325 ml<\/li>\n<li>Mat\u00e9riau : c\u00e9ramique<\/li>\n<li>Compatible micro-ondes et lave-vaisselle<\/li>\n<li>Personnalisable avec photo et pr\u00e9noms<\/li>\n<\/ul>\n","protected":false},"excerpt":{"rendered":"<p>Un mug pour enseignants plein de couleur et d\u2019\u00e9motion, pens\u00e9 pour transformer un souvenir de cla [&#8230;]<\/p>\n","protected":false},"featured_media":502646,"comment_status":"open","ping_status":"closed","template":"","meta":{"_acf_changed":false},"product_brand":[],"product_cat":[1830],"product_tag":[1710,1703],"class_list":{"0":"post-502322","1":"product","2":"type-product","3":"status-publish","4":"has-post-thumbnail","6":"product_cat-tasses-personnalisees","7":"product_tag-nouveau","8":"product_tag-professeurs","10":"first","11":"instock","12":"taxable","13":"shipping-taxable","14":"purchasable","15":"product-type-simple"},"acf":[],"df_price":10.99,"df_sale_price":"","df_regular_price":10.99,"df_image_link":"https:\/\/transparentgift.com\/fr\/wp-content\/uploads\/2026\/05\/1-8-300x300.jpg","_links":{"self":[{"href":"https:\/\/transparentgift.com\/fr\/wp-json\/wp\/v2\/product\/502322","targetHints":{"allow":["GET"]}}],"collection":[{"href":"https:\/\/transparentgift.com\/fr\/wp-json\/wp\/v2\/product"}],"about":[{"href":"https:\/\/transparentgift.com\/fr\/wp-json\/wp\/v2\/types\/product"}],"replies":[{"embeddable":true,"href":"https:\/\/transparentgift.com\/fr\/wp-json\/wp\/v2\/comments?post=502322"}],"wp:featuredmedia":[{"embeddable":true,"href":"https:\/\/transparentgift.com\/fr\/wp-json\/wp\/v2\/media\/502646"}],"wp:attachment":[{"href":"https:\/\/transparentgift.com\/fr\/wp-json\/wp\/v2\/media?parent=502322"}],"wp:term":[{"taxonomy":"product_brand","embeddable":true,"href":"https:\/\/transparentgift.com\/fr\/wp-json\/wp\/v2\/product_brand?post=502322"},{"taxonomy":"product_cat","embeddable":true,"href":"https:\/\/transparentgift.com\/fr\/wp-json\/wp\/v2\/product_cat?post=502322"},{"taxonomy":"product_tag","embeddable":true,"href":"https:\/\/transparentgift.com\/fr\/wp-json\/wp\/v2\/product_tag?post=502322"}],"curies":[{"name":"wp","href":"https:\/\/api.w.org\/{rel}","templated":true}]}}