{"id":502594,"date":"2026-05-15T12:25:49","date_gmt":"2026-05-15T10:25:49","guid":{"rendered":"https:\/\/transparentgift.com\/fr\/?post_type=product&#038;p=502594"},"modified":"2026-05-16T11:34:09","modified_gmt":"2026-05-16T09:34:09","slug":"lampe-mains-pour-maitresse-avec-prenoms-personnalises","status":"publish","type":"product","link":"https:\/\/transparentgift.com\/fr\/lampe-mains-pour-maitresse-avec-prenoms-personnalises\/","title":{"rendered":"Lampe Mains pour Ma\u00eetresse avec Pr\u00e9noms personnalis\u00e9s"},"content":{"rendered":"<p><strong>Lampe Mains pour Ma\u00eetresse avec Pr\u00e9noms Personnalis\u00e9s<\/strong>, une attention pleine de couleur et d\u2019\u00e9motion pour remercier cette enseignante si sp\u00e9ciale de son d\u00e9vouement tout au long de l\u2019ann\u00e9e scolaire. Son design avec des mains color\u00e9es et des pr\u00e9noms transforme chaque pi\u00e8ce en un souvenir unique, joyeux et tr\u00e8s repr\u00e9sentatif de la classe.<\/p>\n<p>Elle est pens\u00e9e pour d\u00e9corer et illuminer avec une touche de proximit\u00e9 n\u2019importe quel coin de la maison ou de l\u2019espace de travail. La composition visuelle transmet affection, union et croissance ; elle ne remplit donc pas seulement une fonction d\u00e9corative, mais aide aussi \u00e0 conserver joliment le souvenir d\u2019un groupe et d\u2019une \u00e9tape partag\u00e9e. Son esth\u00e9tique simple et attrayante lui permet de s\u2019int\u00e9grer facilement \u00e0 diff\u00e9rents styles de d\u00e9coration.<\/p>\n<p>Elle est id\u00e9ale pour les ma\u00eetresses, professeures, tutrices et \u00e9ducatrices, en particulier en maternelle et en primaire, o\u00f9 ce type d\u2019illustration s\u2019accorde tr\u00e8s bien avec l\u2019ambiance de la classe et le lien cr\u00e9\u00e9 avec les \u00e9l\u00e8ves. Elle convient parfaitement comme <strong>cadeau personnalis\u00e9<\/strong> de fin d\u2019ann\u00e9e scolaire, remerciement scolaire, cadeau d\u2019anniversaire ou surprise pr\u00e9par\u00e9e par les familles et la classe. De plus, c\u2019est une option tr\u00e8s sp\u00e9ciale pour celles et ceux qui recherchent des <strong>cadeaux pour ma\u00eetresses<\/strong> \u00e0 valeur sentimentale, capables d\u2019\u00e9mouvoir et de d\u00e9corer \u00e0 la fois. Gr\u00e2ce \u00e0 la personnalisation avec les pr\u00e9noms, chaque lampe devient un hommage visuel au parcours partag\u00e9 et un souvenir que l\u2019on a envie de conserver pendant des ann\u00e9es.<\/p>\n<h4><strong>Caract\u00e9ristiques :<\/strong><\/h4>\n<ul>\n<li>Mat\u00e9riau : bois avec m\u00e9thacrylate de haute qualit\u00e9<\/li>\n<li>Lumi\u00e8re RGB<\/li>\n<li>C\u00e2ble avec connecteur USB<\/li>\n<li>Lingette de nettoyage incluse<\/li>\n<li>Extras : packaging premium<\/li>\n<\/ul>\n","protected":false},"excerpt":{"rendered":"<p>Lampe Mains pour Ma\u00eetresse avec Pr\u00e9noms Personnalis\u00e9s, une attention pleine de couleur et d\u2019\u00e9m [&#8230;]<\/p>\n","protected":false},"featured_media":502651,"comment_status":"open","ping_status":"closed","template":"","meta":{"_acf_changed":false},"product_brand":[],"product_cat":[1682],"product_tag":[1710,1703],"class_list":{"0":"post-502594","1":"product","2":"type-product","3":"status-publish","4":"has-post-thumbnail","6":"product_cat-lampes-personnalisees","7":"product_tag-nouveau","8":"product_tag-professeurs","10":"first","11":"instock","12":"taxable","13":"shipping-taxable","14":"purchasable","15":"product-type-simple"},"acf":[],"df_price":20.99,"df_sale_price":"","df_regular_price":20.99,"df_image_link":"https:\/\/transparentgift.com\/fr\/wp-content\/uploads\/2026\/05\/FR_Lampara-Manos_1-300x300.jpg","_links":{"self":[{"href":"https:\/\/transparentgift.com\/fr\/wp-json\/wp\/v2\/product\/502594","targetHints":{"allow":["GET"]}}],"collection":[{"href":"https:\/\/transparentgift.com\/fr\/wp-json\/wp\/v2\/product"}],"about":[{"href":"https:\/\/transparentgift.com\/fr\/wp-json\/wp\/v2\/types\/product"}],"replies":[{"embeddable":true,"href":"https:\/\/transparentgift.com\/fr\/wp-json\/wp\/v2\/comments?post=502594"}],"wp:featuredmedia":[{"embeddable":true,"href":"https:\/\/transparentgift.com\/fr\/wp-json\/wp\/v2\/media\/502651"}],"wp:attachment":[{"href":"https:\/\/transparentgift.com\/fr\/wp-json\/wp\/v2\/media?parent=502594"}],"wp:term":[{"taxonomy":"product_brand","embeddable":true,"href":"https:\/\/transparentgift.com\/fr\/wp-json\/wp\/v2\/product_brand?post=502594"},{"taxonomy":"product_cat","embeddable":true,"href":"https:\/\/transparentgift.com\/fr\/wp-json\/wp\/v2\/product_cat?post=502594"},{"taxonomy":"product_tag","embeddable":true,"href":"https:\/\/transparentgift.com\/fr\/wp-json\/wp\/v2\/product_tag?post=502594"}],"curies":[{"name":"wp","href":"https:\/\/api.w.org\/{rel}","templated":true}]}}