{"id":420424,"date":"2025-02-10T10:28:43","date_gmt":"2025-02-10T09:28:43","guid":{"rendered":"https:\/\/transparentgift.com\/?page_id=420424"},"modified":"2026-01-19T16:32:43","modified_gmt":"2026-01-19T15:32:43","slug":"informativa-sulla-privacy","status":"publish","type":"page","link":"https:\/\/transparentgift.com\/it\/informativa-sulla-privacy\/","title":{"rendered":"Informativa sulla privacy"},"content":{"rendered":"<p><strong>Protezione dei dati personali secondo il RGPD<\/strong><\/p>\n<p>Transparent Gift S.L.U, in applicazione della normativa vigente in materia di protezione dei dati personali, informa che i dati raccolti attraverso i moduli presenti sul sito web <a href=\"https:\/\/transparentgift.com\/\">https:\/\/transparentgift.com\/<\/a> vengono inseriti in archivi automatizzati di propriet\u00e0 di Transparent Gift S.L.U, destinati agli utenti dei suoi servizi.<\/p>\n<p>La raccolta e il trattamento automatizzato dei dati personali hanno come finalit\u00e0 il mantenimento della relazione commerciale con l\u2019utente, lo svolgimento di attivit\u00e0 di informazione, formazione, assistenza e altre attivit\u00e0 proprie di Transparent Gift S.L.U.<\/p>\n<p>I dati saranno comunicati soltanto a quei soggetti terzi per i quali ci\u00f2 sia necessario al solo scopo di dare compimento alla finalit\u00e0 sopra indicata o per obbligo di legge.<\/p>\n<p>Transparent Gift S.L.U adotta le misure tecniche e organizzative necessarie per garantire la sicurezza, l\u2019integrit\u00e0 e la riservatezza dei dati in conformit\u00e0 con quanto previsto dal Regolamento (UE) 2016\/679 del Parlamento europeo e del Consiglio, del 27 aprile 2016, relativo alla protezione delle persone fisiche con riguardo al trattamento dei dati personali e alla libera circolazione di tali dati, nonch\u00e9 dalla Legge Organica spagnola 3\/2018, del 5 dicembre, sulla protezione dei dati personali e garanzia dei diritti digitali (LOPDGDD).<\/p>\n<p><strong>Diritti dell\u2019utente<\/strong><\/p>\n<p>L\u2019utente pu\u00f2 esercitare in qualsiasi momento i diritti di accesso, rettifica, cancellazione, opposizione, limitazione e portabilit\u00e0 riconosciuti dal Regolamento (UE). Per esercitare tali diritti l\u2019utente pu\u00f2 scrivere a hola@transparentgift.com oppure inviare una comunicazione scritta all\u2019indirizzo: Carrer Joan XXIII, 3, C.P. 46869 \u2013 Atzeneta d\u2019Albaida (Valencia, Spagna).<\/p>\n<p>L\u2019utente dichiara che tutti i dati forniti sono veri, esatti e completi e si impegna a mantenerli aggiornati comunicando qualsiasi modifica a Transparent Gift S.L.U.<\/p>\n<p><strong>Finalit\u00e0 del trattamento dei dati personali<\/strong><\/p>\n<p>In Transparent Gift S.L.U tratteremo i dati personali raccolti attraverso il sito web <a href=\"https:\/\/transparentgift.com\/\">https:\/\/transparentgift.com\/<\/a> per le seguenti finalit\u00e0 principali:<\/p>\n<ul>\n<li>fornire i servizi e i prodotti richiesti, inclusa la gestione degli ordini, dei pagamenti e delle spedizioni, in conformit\u00e0 con i contratti sottoscritti;<\/li>\n<li>inviare informazioni commerciali e newsletter su nuovi prodotti, promozioni o servizi del settore che possano essere di interesse per l\u2019utente;<\/li>\n<li>trasmettere dati a terzi con i quali siano stati conclusi contratti per finalit\u00e0 strettamente commerciali, amministrative, di marketing e\/o operative collegate ai servizi richiesti dall\u2019utente;<\/li>\n<li>inviare comunicazioni promozionali per via elettronica, sempre che l\u2019utente le abbia preventivamente richieste o autorizzate;<\/li>\n<li>gestire le richieste di informazione inviate tramite il modulo di contatto o altri canali di comunicazione disponibili sul sito.<\/li>\n<\/ul>\n<p>Ricordiamo che l\u2019utente pu\u00f2 opporsi in qualsiasi momento all\u2019invio di comunicazioni commerciali attraverso i canali indicati, in particolare scrivendo a hola@transparentgift.com.<\/p>\n<p><strong>Periodo di conservazione dei dati<\/strong><\/p>\n<p>I dati personali forniti saranno conservati finch\u00e9 durer\u00e0 la relazione commerciale o finch\u00e9 l\u2019utente non ne richieda la cancellazione e, comunque, per il tempo necessario all\u2019adempimento degli obblighi legali e alla possibile insorgenza di responsabilit\u00e0 legate ai servizi prestati.<\/p>\n<p><strong>Base giuridica del trattamento<\/strong><\/p>\n<p>Il trattamento dei dati personali dell\u2019utente da parte di Transparent Gift S.L.U si basa sulle seguenti basi giuridiche:<\/p>\n<ul>\n<li>la richiesta di informazioni e\/o la contrattazione dei servizi di Transparent Gift S.L.U, i cui termini e condizioni saranno messi a disposizione dell\u2019utente prima di un\u2019eventuale contrattazione;<\/li>\n<li>il consenso libero, specifico, informato e inequivocabile dell\u2019utente, espresso, ad esempio, mediante la selezione delle caselle corrispondenti nei moduli presenti sul sito.<\/li>\n<\/ul>\n<p>Nel caso in cui l\u2019utente non fornisca i dati richiesti o li fornisca in modo incompleto o inesatto, non sar\u00e0 possibile dare seguito correttamente alla sua richiesta di informazioni o alla prestazione del servizio contrattato.<\/p>\n<p><strong>Destinatari<\/strong><\/p>\n<p>In linea generale i dati non saranno comunicati a terzi estranei a Transparent Gift S.L.U, salvo obbligo legale o nei casi in cui ci\u00f2 sia necessario per la corretta prestazione del servizio (ad esempio, societ\u00e0 di logistica, gestori di pagamenti o fornitori di servizi tecnologici).<\/p>\n<p><strong>Dati inseriti dagli utenti sui sistemi di hosting<\/strong><\/p>\n<p>Nei casi in cui l\u2019utente inserisca o memorizzi nei server di hosting condiviso informazioni o dati personali di terzi, Transparent Gift S.L.U non \u00e8 responsabile del mancato adempimento del RGPD da parte dell\u2019utente stesso. L\u2019utente \u00e8 responsabile di aver ottenuto i consensi necessari e di aver informato gli interessati in modo adeguato.<\/p>\n<p><strong>Diritti di propriet\u00e0 intellettuale<\/strong><\/p>\n<p>Transparent Gift S.L.U \u00e8 titolare di tutti i diritti di autore, di propriet\u00e0 intellettuale e industriale, nonch\u00e9 del know-how e di qualsiasi altro diritto relativo ai contenuti del sito web <a href=\"https:\/\/transparentgift.com\/\">https:\/\/transparentgift.com\/<\/a> e ai servizi offerti, cos\u00ec come dei programmi necessari al suo funzionamento e delle informazioni correlate.<\/p>\n<p>Non \u00e8 consentita la riproduzione, la pubblicazione o l\u2019utilizzo, anche parziale e per fini diversi da quelli strettamente privati, dei contenuti del sito web senza il previo consenso scritto di Transparent Gift S.L.U.<\/p>\n<p><strong>Protezione delle informazioni archiviate<\/strong><\/p>\n<p>Transparent Gift S.L.U effettua copie di sicurezza dei contenuti archiviati sui propri server, tuttavia non \u00e8 responsabile della perdita o cancellazione accidentale dei dati da parte degli utenti. Parimenti, non garantisce la totale ricostituzione dei dati eliminati dagli utenti.<\/p>\n<p>Il ripristino dei dati cancellati \u00e8 incluso nel prezzo del servizio solo quando la perdita sia dovuta a cause imputabili a Transparent Gift S.L.U.<\/p>\n<p><strong>Comunicazioni commerciali<\/strong><\/p>\n<p>In applicazione della Legge sui servizi della societ\u00e0 dell\u2019informazione e del commercio elettronico (LSSI), Transparent Gift S.L.U non invier\u00e0 comunicazioni pubblicitarie o promozionali per via elettronica che non siano state previamente richieste o espressamente autorizzate dagli utenti.<\/p>\n<p>Nel caso di utenti con i quali esista una relazione contrattuale previa, Transparent Gift S.L.U \u00e8 autorizzata a inviare comunicazioni commerciali relative a prodotti o servizi propri simili a quelli inizialmente contrattati.<\/p>\n<p>In ogni caso l\u2019utente, previa identificazione, pu\u00f2 richiedere in qualsiasi momento di non ricevere ulteriori informazioni commerciali attraverso i canali di assistenza indicati nella presente informativa.<\/p>\n","protected":false},"excerpt":{"rendered":"<p>Protezione dei dati personali secondo il RGPD Transparent Gift S.L.U, in applicazione della normativ [&#8230;]<\/p>\n","protected":false},"author":2,"featured_media":0,"parent":0,"menu_order":0,"comment_status":"closed","ping_status":"closed","template":"","meta":{"_acf_changed":false,"footnotes":""},"class_list":["post-420424","page","type-page","status-publish","hentry"],"acf":[],"_links":{"self":[{"href":"https:\/\/transparentgift.com\/it\/wp-json\/wp\/v2\/pages\/420424","targetHints":{"allow":["GET"]}}],"collection":[{"href":"https:\/\/transparentgift.com\/it\/wp-json\/wp\/v2\/pages"}],"about":[{"href":"https:\/\/transparentgift.com\/it\/wp-json\/wp\/v2\/types\/page"}],"author":[{"embeddable":true,"href":"https:\/\/transparentgift.com\/it\/wp-json\/wp\/v2\/users\/2"}],"replies":[{"embeddable":true,"href":"https:\/\/transparentgift.com\/it\/wp-json\/wp\/v2\/comments?post=420424"}],"version-history":[{"count":6,"href":"https:\/\/transparentgift.com\/it\/wp-json\/wp\/v2\/pages\/420424\/revisions"}],"predecessor-version":[{"id":498692,"href":"https:\/\/transparentgift.com\/it\/wp-json\/wp\/v2\/pages\/420424\/revisions\/498692"}],"wp:attachment":[{"href":"https:\/\/transparentgift.com\/it\/wp-json\/wp\/v2\/media?parent=420424"}],"curies":[{"name":"wp","href":"https:\/\/api.w.org\/{rel}","templated":true}]}}