{"id":499892,"date":"2026-02-20T16:21:12","date_gmt":"2026-02-20T15:21:12","guid":{"rendered":"https:\/\/transparentgift.com\/it\/?page_id=499892"},"modified":"2026-02-20T16:29:43","modified_gmt":"2026-02-20T15:29:43","slug":"posso-cancellare-o-modificare-il-mio-ordine","status":"publish","type":"page","link":"https:\/\/transparentgift.com\/it\/aiuto\/posso-cancellare-o-modificare-il-mio-ordine\/","title":{"rendered":"Posso cancellare o modificare il mio ordine?"},"content":{"rendered":"\n<p>Purtroppo non \u00e8 possibile annullare o modificare un ordine una volta che \u00e8 stato confermato. Questo include qualsiasi elemento di personalizzazione, come testi, immagini o la selezione dei componenti.<\/p>\n\n\n\n<p>Poich\u00e9 si tratta di prodotti personalizzati, \u00e8 molto importante controllare attentamente tutti i dettagli prima di completare il pagamento. Ogni articolo \u00e8 realizzato esclusivamente per te e, una volta avviato il processo di produzione, non possiamo effettuare modifiche n\u00e9 accettare resi: il prodotto non pu\u00f2 essere riutilizzato n\u00e9 rimesso in vendita.<\/p>\n\n\n\n<p>Se hai qualche dubbio prima di finalizzare il tuo acquisto, saremo felici di aiutarti. Puoi scriverci a&nbsp;<strong>hola@transparentgift.com<\/strong>.<\/p>\n","protected":false},"excerpt":{"rendered":"<p>Purtroppo non \u00e8 possibile annullare o modificare un ordine una volta che \u00e8 stato confermato. Quest [&#8230;]<\/p>\n","protected":false},"author":150,"featured_media":0,"parent":499886,"menu_order":0,"comment_status":"closed","ping_status":"closed","template":"help-article.php","meta":{"_acf_changed":false,"footnotes":""},"class_list":["post-499892","page","type-page","status-publish","hentry"],"acf":[],"_links":{"self":[{"href":"https:\/\/transparentgift.com\/it\/wp-json\/wp\/v2\/pages\/499892","targetHints":{"allow":["GET"]}}],"collection":[{"href":"https:\/\/transparentgift.com\/it\/wp-json\/wp\/v2\/pages"}],"about":[{"href":"https:\/\/transparentgift.com\/it\/wp-json\/wp\/v2\/types\/page"}],"author":[{"embeddable":true,"href":"https:\/\/transparentgift.com\/it\/wp-json\/wp\/v2\/users\/150"}],"replies":[{"embeddable":true,"href":"https:\/\/transparentgift.com\/it\/wp-json\/wp\/v2\/comments?post=499892"}],"version-history":[{"count":1,"href":"https:\/\/transparentgift.com\/it\/wp-json\/wp\/v2\/pages\/499892\/revisions"}],"predecessor-version":[{"id":499893,"href":"https:\/\/transparentgift.com\/it\/wp-json\/wp\/v2\/pages\/499892\/revisions\/499893"}],"up":[{"embeddable":true,"href":"https:\/\/transparentgift.com\/it\/wp-json\/wp\/v2\/pages\/499886"}],"wp:attachment":[{"href":"https:\/\/transparentgift.com\/it\/wp-json\/wp\/v2\/media?parent=499892"}],"curies":[{"name":"wp","href":"https:\/\/api.w.org\/{rel}","templated":true}]}}