{"id":499906,"date":"2026-02-20T16:26:55","date_gmt":"2026-02-20T15:26:55","guid":{"rendered":"https:\/\/transparentgift.com\/it\/?page_id=499906"},"modified":"2026-02-20T16:32:59","modified_gmt":"2026-02-20T15:32:59","slug":"consigli-per-personalizzare-il-tuo-regalo","status":"publish","type":"page","link":"https:\/\/transparentgift.com\/it\/aiuto\/consigli-per-personalizzare-il-tuo-regalo\/","title":{"rendered":"Consigli per personalizzare il tuo regalo"},"content":{"rendered":"\n<p>Vogliamo che la tua esperienza di acquisto sia semplice, piacevole e completamente personalizzata. Sappiamo quanto sia importante per te creare un regalo unico, per questo ti lasciamo alcuni consigli affinch\u00e9 il risultato finale sia perfetto.<\/p>\n\n\n\n<p><strong>1. Personalizzazione con foto<\/strong><\/p>\n\n\n\n<p>Quando carichi una foto per personalizzare il tuo prodotto, ti consigliamo di tenere conto di quanto segue:<\/p>\n\n\n\n<p><strong>Centratura della foto:<\/strong><\/p>\n\n\n\n<p>Prima di confermare il design, controlla l\u2019anteprima e assicurati che l\u2019immagine sia ben centrata. Evita bordi vuoti o parti tagliate, che potrebbero creare spazi bianchi indesiderati nel prodotto finale.<\/p>\n\n\n\n<p><strong>Qualit\u00e0 dell\u2019immagine:<\/strong><\/p>\n\n\n\n<p>Pi\u00f9 la foto \u00e8 nitida, migliore sar\u00e0 il risultato. Ti consigliamo di utilizzare immagini in alta risoluzione per ottenere una finitura pulita e di ottima qualit\u00e0 nel tuo prodotto personalizzato.<\/p>\n\n\n\n<p><strong>2. Personalizzazione con testo<\/strong><\/p>\n\n\n\n<p>Se decidi di aggiungere del testo al tuo prodotto, segui queste raccomandazioni per evitare errori nel design:<\/p>\n\n\n\n<p><strong>Spaziatura tra le parole:<\/strong><\/p>\n\n\n\n<p>Assicurati di lasciare spazio sufficiente tra le parole. Se il testo \u00e8 troppo ravvicinato, potrebbe risultare tagliato o non leggibile nel risultato finale.<\/p>\n\n\n\n<p><strong>Ricorda!<\/strong><\/p>\n\n\n\n<p>Il nostro team di assistenza clienti \u00e8 disponibile per aiutarti in qualsiasi momento durante il processo di personalizzazione.<\/p>\n\n\n\n<p>Se hai dubbi o hai bisogno di ulteriore assistenza, scrivici a&nbsp;<strong>hola@transparentgift.com<\/strong>.<\/p>\n\n\n\n<p>Saremo felici di aiutarti affinch\u00e9 il tuo regalo venga esattamente come lo immagini.<\/p>\n","protected":false},"excerpt":{"rendered":"<p>Vogliamo che la tua esperienza di acquisto sia semplice, piacevole e completamente personalizzata. S [&#8230;]<\/p>\n","protected":false},"author":150,"featured_media":0,"parent":499886,"menu_order":0,"comment_status":"closed","ping_status":"closed","template":"help-article.php","meta":{"_acf_changed":false,"footnotes":""},"class_list":["post-499906","page","type-page","status-publish","hentry"],"acf":[],"_links":{"self":[{"href":"https:\/\/transparentgift.com\/it\/wp-json\/wp\/v2\/pages\/499906","targetHints":{"allow":["GET"]}}],"collection":[{"href":"https:\/\/transparentgift.com\/it\/wp-json\/wp\/v2\/pages"}],"about":[{"href":"https:\/\/transparentgift.com\/it\/wp-json\/wp\/v2\/types\/page"}],"author":[{"embeddable":true,"href":"https:\/\/transparentgift.com\/it\/wp-json\/wp\/v2\/users\/150"}],"replies":[{"embeddable":true,"href":"https:\/\/transparentgift.com\/it\/wp-json\/wp\/v2\/comments?post=499906"}],"version-history":[{"count":1,"href":"https:\/\/transparentgift.com\/it\/wp-json\/wp\/v2\/pages\/499906\/revisions"}],"predecessor-version":[{"id":499907,"href":"https:\/\/transparentgift.com\/it\/wp-json\/wp\/v2\/pages\/499906\/revisions\/499907"}],"up":[{"embeddable":true,"href":"https:\/\/transparentgift.com\/it\/wp-json\/wp\/v2\/pages\/499886"}],"wp:attachment":[{"href":"https:\/\/transparentgift.com\/it\/wp-json\/wp\/v2\/media?parent=499906"}],"curies":[{"name":"wp","href":"https:\/\/api.w.org\/{rel}","templated":true}]}}