{"id":496128,"date":"2025-11-20T18:14:17","date_gmt":"2025-11-20T17:14:17","guid":{"rendered":"https:\/\/transparentgift.com\/it\/lampada-infinito-con-nomi-personalizzata\/"},"modified":"2026-04-23T05:15:29","modified_gmt":"2026-04-23T03:15:29","slug":"lampada-infinito-con-nomi-personalizzata","status":"publish","type":"product","link":"https:\/\/transparentgift.com\/it\/lampada-infinito-con-nomi-personalizzata\/","title":{"rendered":"Lampada Infinito con Nomi personalizzata"},"content":{"rendered":"<p>Emoziona con questa&nbsp;<span style=\"font-weight: 750;\">lampada personalizzata<\/span>, con la quale potrai dimostrare tutto il tuo amore al tuo&nbsp;<span style=\"font-weight: 750;\">partner<\/span>&nbsp;o a una persona speciale. \u00c8 perfetta come&nbsp;<span style=\"font-weight: 750;\">regalo per San Valentino, anniversari, compleanni<\/span>&nbsp;o anche Natale. In ogni caso, sar\u00e0 sicuramente un successo! Questa targa luminosa \u00e8 completamente personalizzabile. Ti baster\u00e1 inserire<span style=\"font-weight: 750;\">&nbsp;i vostri nomi<\/span>, che verranno incisi all\u2019interno del raffinato <strong data-start=\"563\" data-end=\"585\">disegno a infinito<\/strong>, per creare un ricordo unico e profondamente romantico.&nbsp;Il risultato conquister\u00e0 chi la ricever\u00e0! La targa della lampada \u00e8 realizzata in&nbsp;<span style=\"font-weight: 750;\">metacrilato di alta qualit\u00e0<\/span>, che le conferisce resistenza e durata nel tempo. Avrai la possibilit\u00e0 di scegliere se preferisci che la targa sia sostenuta da una&nbsp;<span style=\"font-weight: 750;\">base in legno<\/span>&nbsp;oppure incorniciata in una&nbsp;<span style=\"font-weight: 750;\">cornice<\/span>, anch\u2019essa in legno. Optando per la base, potrai incidere un&nbsp;<span style=\"font-weight: 750;\">messaggio aggiuntivo<\/span>&nbsp;con un piccolo supplemento. La persona amata potr\u00e0 posizionarla su qualsiasi superficie per&nbsp;<span style=\"font-weight: 750;\">decorare e illuminare l\u2019ambiente<\/span>, grazie alla sua luce LED che si attiva con un&nbsp;<span style=\"font-weight: 750;\">interruttore di accensione\/spegnimento<\/span>. Non rinunciare al regalo perfetto per rendere felice il tuo partner o una persona cara. Personalizza la lampada secondo i suoi gusti e lascia che la posizioni su una&nbsp;<span style=\"font-weight: 750;\">mensola<\/span>, sul&nbsp;<span style=\"font-weight: 750;\">comodino<\/span>&nbsp;o dove preferisce. La farai sentire davvero speciale e fortunata!&nbsp;<strong>Caratteristiche:<\/strong><\/p>\n<ul>\n<li>Dimensioni:\n<ul>\n<li>Con base: 14,5 x 9 x 4,5 cm<\/li>\n<li>Con cornice: 21 x 17 cm<\/li>\n<\/ul>\n<\/li>\n<li>Materiale:\n<ul>\n<li>Targa: Metacrilato di alta qualit\u00e0.<\/li>\n<li>Base: Legno di alta qualit\u00e0.<\/li>\n<\/ul>\n<\/li>\n<li>Include: Luce LED calda. Cavo USB. Confezione con scatola regalo.<\/li>\n<li>Manutenzione: Si pulisce facilmente con l\u2019aiuto della salvietta inclusa.<\/li>\n<\/ul>\n","protected":false},"excerpt":{"rendered":"<p>Emoziona con questa&nbsp;lampada personalizzata, con la quale potrai dimostrare tutto il tuo amore a [&#8230;]<\/p>\n","protected":false},"featured_media":495766,"comment_status":"open","ping_status":"closed","template":"","meta":{"_acf_changed":false},"product_brand":[],"product_cat":[1682],"product_tag":[1678],"class_list":{"0":"post-496128","1":"product","2":"type-product","3":"status-publish","4":"has-post-thumbnail","6":"product_cat-lampade-personalizzate","7":"product_tag-coppie","9":"first","10":"instock","11":"sale","12":"taxable","13":"shipping-taxable","14":"purchasable","15":"product-type-simple"},"acf":[],"df_price":20.99,"df_sale_price":20.99,"df_regular_price":34.99,"df_image_link":"https:\/\/transparentgift.com\/it\/wp-content\/uploads\/2025\/11\/CAT.-LAMPARA-infinito-corazon-1-300x300.jpg","_links":{"self":[{"href":"https:\/\/transparentgift.com\/it\/wp-json\/wp\/v2\/product\/496128","targetHints":{"allow":["GET"]}}],"collection":[{"href":"https:\/\/transparentgift.com\/it\/wp-json\/wp\/v2\/product"}],"about":[{"href":"https:\/\/transparentgift.com\/it\/wp-json\/wp\/v2\/types\/product"}],"replies":[{"embeddable":true,"href":"https:\/\/transparentgift.com\/it\/wp-json\/wp\/v2\/comments?post=496128"}],"wp:featuredmedia":[{"embeddable":true,"href":"https:\/\/transparentgift.com\/it\/wp-json\/wp\/v2\/media\/495766"}],"wp:attachment":[{"href":"https:\/\/transparentgift.com\/it\/wp-json\/wp\/v2\/media?parent=496128"}],"wp:term":[{"taxonomy":"product_brand","embeddable":true,"href":"https:\/\/transparentgift.com\/it\/wp-json\/wp\/v2\/product_brand?post=496128"},{"taxonomy":"product_cat","embeddable":true,"href":"https:\/\/transparentgift.com\/it\/wp-json\/wp\/v2\/product_cat?post=496128"},{"taxonomy":"product_tag","embeddable":true,"href":"https:\/\/transparentgift.com\/it\/wp-json\/wp\/v2\/product_tag?post=496128"}],"curies":[{"name":"wp","href":"https:\/\/api.w.org\/{rel}","templated":true}]}}