{"id":496133,"date":"2025-11-20T18:14:24","date_gmt":"2025-11-20T17:14:24","guid":{"rendered":"https:\/\/transparentgift.com\/it\/lampada-mascotte-con-foto-personalizzata\/"},"modified":"2026-05-14T12:33:03","modified_gmt":"2026-05-14T10:33:03","slug":"lampada-mascotte-con-foto-personalizzata","status":"publish","type":"product","link":"https:\/\/transparentgift.com\/it\/lampada-mascotte-con-foto-personalizzata\/","title":{"rendered":"Lampada Mascotte con Foto personalizzata"},"content":{"rendered":"<p>Questa <strong>lampada personalizzata<\/strong> \u00e8 il regalo pi\u00f9 originale per gli <strong>amanti degli animali<\/strong>. Sorprender\u00e0 <strong>amici, familiari o il partner<\/strong> per <strong>compleanni, Natale, anniversari<\/strong>&nbsp;o qualsiasi altra occasione speciale. In ogni caso, l\u2019emozione \u00e8 garantita!<\/p>\n<p>Questa targa luminosa \u00e8 completamente personalizzabile. Ti baster\u00e0 <strong>caricare la foto preferita della mascotte<\/strong>, che verr\u00e0 incorniciata nella <strong>targa di forma circolare<\/strong>, accompagnata da due zampette. Il risultato sar\u00e0 semplicemente irresistibile! Potr\u00e0 immortalare il suo animale domestico attuale o ricordare con affetto quello che non c\u2019\u00e8 pi\u00f9.<\/p>\n<p>La targa della lampada \u00e8 realizzata in <strong>metacrilato di alta qualit\u00e0<\/strong>, che garantisce resistenza e durata nel tempo. La <strong>base<\/strong>&nbsp;in <strong>legno su cui poggia<\/strong>, permette incidere <strong>un altro messaggio aggiuntivo<\/strong> con un piccolo supplemento. La persona che la ricever\u00e0 potr\u00e0 appoggiarla su qualsiasi superficie per <strong>decorare e illuminare l\u2019ambiente<\/strong>, grazie alla sua luce soffusa che si accende tramite un <strong>interruttore on\/off<\/strong>.<\/p>\n<p>Non lasciarti sfuggire il regalo perfetto per rendere felice quella persona speciale e il suo animale domestico. Personalizza la lampada secondo i suoi gusti e lasciale la libert\u00e0 di posizionarla su una <strong>mensola, sul comodino<\/strong> o dove preferisce. La farai sentire davvero fortunata!<\/p>\n<p><strong>Caratteristiche:<\/strong><\/p>\n<ul>\n<li>Dimensioni: 14,5 \u00d7 14 x 4,5 cm<\/li>\n<li>Materiale:\n<ul>\n<li>Targa: Metacrilato di alta qualit\u00e0.<\/li>\n<li>Base: Legno di alta qualit\u00e0.<\/li>\n<\/ul>\n<\/li>\n<li>Include: Luce LED calda. Cavo USB. Confezione con scatola regalo.<\/li>\n<li>Manutenzione: Si pulisce facilmente con l\u2019aiuto della salvietta inclusa.<\/li>\n<\/ul>\n","protected":false},"excerpt":{"rendered":"<p>Questa lampada personalizzata \u00e8 il regalo pi\u00f9 originale per gli amanti degli animali. Sorprender\u00e0 [&#8230;]<\/p>\n","protected":false},"featured_media":495743,"comment_status":"open","ping_status":"closed","template":"","meta":{"_acf_changed":false},"product_brand":[],"product_cat":[1682],"product_tag":[1689,1687],"class_list":{"0":"post-496133","1":"product","2":"type-product","3":"status-publish","4":"has-post-thumbnail","6":"product_cat-lampade-personalizzate","7":"product_tag-animali","8":"product_tag-famiglia","10":"first","11":"instock","12":"sale","13":"taxable","14":"shipping-taxable","15":"purchasable","16":"product-type-simple"},"acf":[],"df_price":20.99,"df_sale_price":20.99,"df_regular_price":34.99,"df_image_link":"https:\/\/transparentgift.com\/it\/wp-content\/uploads\/2025\/11\/Lampara-Mascota-con-Foto-personalizada-1-300x300.jpg","_links":{"self":[{"href":"https:\/\/transparentgift.com\/it\/wp-json\/wp\/v2\/product\/496133","targetHints":{"allow":["GET"]}}],"collection":[{"href":"https:\/\/transparentgift.com\/it\/wp-json\/wp\/v2\/product"}],"about":[{"href":"https:\/\/transparentgift.com\/it\/wp-json\/wp\/v2\/types\/product"}],"replies":[{"embeddable":true,"href":"https:\/\/transparentgift.com\/it\/wp-json\/wp\/v2\/comments?post=496133"}],"wp:featuredmedia":[{"embeddable":true,"href":"https:\/\/transparentgift.com\/it\/wp-json\/wp\/v2\/media\/495743"}],"wp:attachment":[{"href":"https:\/\/transparentgift.com\/it\/wp-json\/wp\/v2\/media?parent=496133"}],"wp:term":[{"taxonomy":"product_brand","embeddable":true,"href":"https:\/\/transparentgift.com\/it\/wp-json\/wp\/v2\/product_brand?post=496133"},{"taxonomy":"product_cat","embeddable":true,"href":"https:\/\/transparentgift.com\/it\/wp-json\/wp\/v2\/product_cat?post=496133"},{"taxonomy":"product_tag","embeddable":true,"href":"https:\/\/transparentgift.com\/it\/wp-json\/wp\/v2\/product_tag?post=496133"}],"curies":[{"name":"wp","href":"https:\/\/api.w.org\/{rel}","templated":true}]}}