{"id":496138,"date":"2025-11-20T18:14:32","date_gmt":"2025-11-20T17:14:32","guid":{"rendered":"https:\/\/transparentgift.com\/it\/portachiavi-calendario-con-foto-personalizzato\/"},"modified":"2026-01-18T16:58:30","modified_gmt":"2026-01-18T15:58:30","slug":"portachiavi-calendario-con-foto-personalizzato","status":"publish","type":"product","link":"https:\/\/transparentgift.com\/it\/portachiavi-calendario-con-foto-personalizzato\/","title":{"rendered":"Portachiavi Calendario con Foto personalizzato"},"content":{"rendered":"<p>Regala un <strong>portachiavi personalizzato con design a calendario<\/strong> a quella persona davvero speciale. \u00c8 l&#8217;idea regalo perfetta per&nbsp;<strong>familiari, amici o partner<\/strong> in occasione di&nbsp;<strong>compleanni, Natale, anniversari, Festa del Pap\u00e0, Festa della Mamma, San Valentino e molto altro<\/strong>. In qualunque momento, sapr\u00e0 emozionare chi lo riceve!<\/p>\n<p>\u00c8 anche molto facile da personalizzare! Ti baster\u00e0&nbsp;<strong>caricare una foto<\/strong> che immortali un momento indimenticabile e, <strong>aggiungere una data<\/strong> speciale da evidenziare sul calendario. Per farlo, dovrai <strong>selezionare semplicamente il mese e il giorno<\/strong>. Il risultato sar\u00e0 cos\u00ec originale che quella persona non vorr\u00e0 pi\u00f9 separarsi dal portachiavi! Realizzato in <strong>metacrilato di alta qualit\u00e0<\/strong>, che gli conferisce resistenza e durata nel tempo. Inoltre, <strong>include una catenella metallica<\/strong> con finitura argento, ideale per appendere comodamente il portachiavi alle chiavi, a una borsa, a uno zaino o dove preferisci.<\/p>\n<p>\u00c8 il regalo perfetto per dimostrare tutto il tuo affetto a quella persona speciale. Cosa aspetti a creare il ricordo pi\u00f9 emozionante?<\/p>\n<p><strong>Caratteristiche:<\/strong><\/p>\n<ul>\n<li>Dimensioni: 6,5 \u00d7 4,5 cm<\/li>\n<li>Materiale: Metacrilato di alta qualit\u00e0.<\/li>\n<li>Include: Catenella metallica con finitura color argento. Confezione premium perfetta per un regalo.<\/li>\n<\/ul>\n","protected":false},"excerpt":{"rendered":"<p>Regala un portachiavi personalizzato con design a calendario a quella persona davvero speciale. \u00c8 l [&#8230;]<\/p>\n","protected":false},"featured_media":495816,"comment_status":"open","ping_status":"closed","template":"","meta":{"_acf_changed":false},"product_brand":[],"product_cat":[1679],"product_tag":[1678],"class_list":{"0":"post-496138","1":"product","2":"type-product","3":"status-publish","4":"has-post-thumbnail","6":"product_cat-portachiavi-personalizzati","7":"product_tag-coppie","9":"first","10":"instock","11":"taxable","12":"shipping-taxable","13":"purchasable","14":"product-type-simple"},"acf":[],"df_price":15.99,"df_sale_price":"","df_regular_price":15.99,"df_image_link":"https:\/\/transparentgift.com\/it\/wp-content\/uploads\/2025\/11\/Llavero-calendario_1-300x300.jpg","_links":{"self":[{"href":"https:\/\/transparentgift.com\/it\/wp-json\/wp\/v2\/product\/496138","targetHints":{"allow":["GET"]}}],"collection":[{"href":"https:\/\/transparentgift.com\/it\/wp-json\/wp\/v2\/product"}],"about":[{"href":"https:\/\/transparentgift.com\/it\/wp-json\/wp\/v2\/types\/product"}],"replies":[{"embeddable":true,"href":"https:\/\/transparentgift.com\/it\/wp-json\/wp\/v2\/comments?post=496138"}],"wp:featuredmedia":[{"embeddable":true,"href":"https:\/\/transparentgift.com\/it\/wp-json\/wp\/v2\/media\/495816"}],"wp:attachment":[{"href":"https:\/\/transparentgift.com\/it\/wp-json\/wp\/v2\/media?parent=496138"}],"wp:term":[{"taxonomy":"product_brand","embeddable":true,"href":"https:\/\/transparentgift.com\/it\/wp-json\/wp\/v2\/product_brand?post=496138"},{"taxonomy":"product_cat","embeddable":true,"href":"https:\/\/transparentgift.com\/it\/wp-json\/wp\/v2\/product_cat?post=496138"},{"taxonomy":"product_tag","embeddable":true,"href":"https:\/\/transparentgift.com\/it\/wp-json\/wp\/v2\/product_tag?post=496138"}],"curies":[{"name":"wp","href":"https:\/\/api.w.org\/{rel}","templated":true}]}}