{"id":496141,"date":"2025-11-20T18:14:37","date_gmt":"2025-11-20T17:14:37","guid":{"rendered":"https:\/\/transparentgift.com\/it\/targa-hollywood-con-testi-personalizzata\/"},"modified":"2026-01-18T16:58:35","modified_gmt":"2026-01-18T15:58:35","slug":"targa-hollywood-con-testi-personalizzata","status":"publish","type":"product","link":"https:\/\/transparentgift.com\/it\/targa-hollywood-con-testi-personalizzata\/","title":{"rendered":"Targa Hollywood con Testi personalizzata"},"content":{"rendered":"<p>Sorprendi quella persona speciale con questa <strong>targa &#8220;Stella di Hollywood&#8221; personalizzata<\/strong> con una dedica incisa su metacrilato. \u00c8 il regalo pi\u00f9 originale che puoi fare a quel <strong>collega di lavoro che va in pensione o che si congeda<\/strong>, a quel familiare che compie gli anni o all\u2019amico pi\u00f9 speciale. Potr\u00e0 essere un ricordo di un intero percorso, di una carriera o per celebrare qualsiasi traguardo.<\/p>\n<p>Il suo design elegante, con una grande stella della fama, permette&nbsp;<strong>inserire il suo nome<\/strong>, una&nbsp;<strong>frase o dedica<\/strong> che lo rappresenti e completarla con una <strong>data speciale<\/strong>. Ti baster\u00e0 compilare i campi richiesti e noi ci occuperemo di creare un risultato davvero sorprendente. La targa \u00e8 realizzata in <strong>metacrilato di alta qualit\u00e0<\/strong>, che le garantisce resistenza e durata nel tempo. Inoltre, potrai scegliere l\u2019accessorio che preferisci: una <strong>base in metacrilato<\/strong> per sostenerla oppure una <strong>cornice nera in legno<\/strong> per incorniciarla. In questo modo, la persona a cui la regalerai potr\u00e0 posizionarla sulla <strong>scrivania dell\u2019ufficio, sul proprio tavolo da lavoro o su una mensola<\/strong>.<\/p>\n<p>Cosa aspetti a ordinare il migliore dei <strong>regali personalizzati<\/strong>? Emozionare il tuo collega, partner, un familiare o amico\/a con un ricordo che rifletta il tuo orgoglio sar\u00e0 semplicemente indimenticabile!<\/p>\n<p><strong>Caratteristiche:<\/strong><\/p>\n<ul>\n<li>Dimensioni: 29,7 x 21 cm<\/li>\n<li>Materiale: Metacrilato di alta qualit\u00e0.<\/li>\n<li>Include: Confezione con scatola regalo.<\/li>\n<li>Extra: Base in vetro, base in legno o cornice in legno.<\/li>\n<li>Manutenzione: Si pulisce facilmente con l\u2019aiuto di un panno asciutto.<\/li>\n<\/ul>\n","protected":false},"excerpt":{"rendered":"<p>Sorprendi quella persona speciale con questa targa &#8220;Stella di Hollywood&#8221; personalizzata  [&#8230;]<\/p>\n","protected":false},"featured_media":495592,"comment_status":"open","ping_status":"closed","template":"","meta":{"_acf_changed":false},"product_brand":[],"product_cat":[1676],"product_tag":[1678,1677],"class_list":{"0":"post-496141","1":"product","2":"type-product","3":"status-publish","4":"has-post-thumbnail","6":"product_cat-foto-su-metacrilato-personalizzate","7":"product_tag-coppie","8":"product_tag-generico","10":"first","11":"instock","12":"sale","13":"taxable","14":"shipping-taxable","15":"purchasable","16":"product-type-simple"},"acf":[],"df_price":24.99,"df_sale_price":24.99,"df_regular_price":29.99,"df_image_link":"https:\/\/transparentgift.com\/it\/wp-content\/uploads\/2025\/11\/Placa-hollywood_1_italia-300x300.jpg","_links":{"self":[{"href":"https:\/\/transparentgift.com\/it\/wp-json\/wp\/v2\/product\/496141","targetHints":{"allow":["GET"]}}],"collection":[{"href":"https:\/\/transparentgift.com\/it\/wp-json\/wp\/v2\/product"}],"about":[{"href":"https:\/\/transparentgift.com\/it\/wp-json\/wp\/v2\/types\/product"}],"replies":[{"embeddable":true,"href":"https:\/\/transparentgift.com\/it\/wp-json\/wp\/v2\/comments?post=496141"}],"wp:featuredmedia":[{"embeddable":true,"href":"https:\/\/transparentgift.com\/it\/wp-json\/wp\/v2\/media\/495592"}],"wp:attachment":[{"href":"https:\/\/transparentgift.com\/it\/wp-json\/wp\/v2\/media?parent=496141"}],"wp:term":[{"taxonomy":"product_brand","embeddable":true,"href":"https:\/\/transparentgift.com\/it\/wp-json\/wp\/v2\/product_brand?post=496141"},{"taxonomy":"product_cat","embeddable":true,"href":"https:\/\/transparentgift.com\/it\/wp-json\/wp\/v2\/product_cat?post=496141"},{"taxonomy":"product_tag","embeddable":true,"href":"https:\/\/transparentgift.com\/it\/wp-json\/wp\/v2\/product_tag?post=496141"}],"curies":[{"name":"wp","href":"https:\/\/api.w.org\/{rel}","templated":true}]}}