{"id":496163,"date":"2025-11-20T18:15:13","date_gmt":"2025-11-20T17:15:13","guid":{"rendered":"https:\/\/transparentgift.com\/it\/cuscino-cuori-con-foto-e-data-personalizzato\/"},"modified":"2026-01-18T16:59:03","modified_gmt":"2026-01-18T15:59:03","slug":"cuscino-cuori-con-foto-e-data-personalizzato","status":"publish","type":"product","link":"https:\/\/transparentgift.com\/it\/cuscino-cuori-con-foto-e-data-personalizzato\/","title":{"rendered":"Cuscino Cuori con Foto e Data personalizzato"},"content":{"rendered":"<p>Prendi questo <strong>cuscino personalizzato<\/strong>, al quale puoi aggiungere la foto e i testi che desideri. \u00c8 il <strong>regalo perfetto<\/strong>&nbsp;<strong>per familiari, amici o partner<\/strong> in un\u2019occasione speciale. Pu\u00f2 essere un <strong>regalo di compleanno<\/strong>, Natale, anniversario, San Valentino, o per la Festa della Mamma e del Pap\u00e0.<\/p>\n<p>Questo cuscino \u00e8 <strong>totalmente personalizzabile<\/strong>. Dovrai solo <strong>aggiungere una foto<\/strong>&nbsp;della persona speciale e <strong>scrivere i testi<\/strong> che vuoi far apparire sotto. Tutto verr\u00e0 stampato sulla federa del cuscino, accompagnato da graziosi <strong>cuori in fila<\/strong>. Inoltre, potrai <strong>scegliere il colore delle lettere<\/strong> tra nero e marrone. Il design sar\u00e0 cos\u00ec unico che quella persona speciale non vorr\u00e0 pi\u00f9 lasciarlo! Questo regalo originale \u00e8 il tocco che completa la <strong>decorazione del divano, del letto<\/strong> o di qualsiasi parte della casa dove ci si voglia rilassare.<\/p>\n<p>La federa \u00e8 realizzata con <strong>materiali e tessuti di alta qualit\u00e0<\/strong> che le conferiscono resistenza e durata nel tempo. Inoltre, con un supplemento di 5\u20ac, <strong>potrai includere l\u2019imbottitura<\/strong> della stessa dimensione scelta.<\/p>\n<p>Non perdere uno dei <strong>regali personalizzati con foto<\/strong> pi\u00f9 speciali. \u00c8 ideale per dimostrare il tuo affetto a una persona cara in un giorno speciale. La farai sentire la persona pi\u00f9 fortunata del mondo!<\/p>\n<p><strong>Caratteristiche: <\/strong><\/p>\n<ul>\n<li>Dimensioni: 35 x 35 cm \/ 45 x 45 cm<\/li>\n<li>Materiale: velluto con effetto pesca di alta qualit\u00e0.<\/li>\n<li>Manutenzione: federa con sistema estraibile adatta alla lavatrice. Non \u00e8 consigliata l\u2019asciugatrice.<\/li>\n<li>Extra: imbottitura non inclusa.<\/li>\n<\/ul>\n","protected":false},"excerpt":{"rendered":"<p>Prendi questo cuscino personalizzato, al quale puoi aggiungere la foto e i testi che desideri. \u00c8 il [&#8230;]<\/p>\n","protected":false},"featured_media":495715,"comment_status":"open","ping_status":"closed","template":"","meta":{"_acf_changed":false},"product_brand":[],"product_cat":[1702],"product_tag":[1688],"class_list":{"0":"post-496163","1":"product","2":"type-product","3":"status-publish","4":"has-post-thumbnail","6":"product_cat-cuscini-personalizzati","7":"product_tag-mamme","9":"first","10":"instock","11":"taxable","12":"shipping-taxable","13":"purchasable","14":"product-type-simple"},"acf":[],"df_price":14.99,"df_sale_price":"","df_regular_price":14.99,"df_image_link":"https:\/\/transparentgift.com\/it\/wp-content\/uploads\/2025\/11\/corazones-con-foto_1-300x300.jpg","_links":{"self":[{"href":"https:\/\/transparentgift.com\/it\/wp-json\/wp\/v2\/product\/496163","targetHints":{"allow":["GET"]}}],"collection":[{"href":"https:\/\/transparentgift.com\/it\/wp-json\/wp\/v2\/product"}],"about":[{"href":"https:\/\/transparentgift.com\/it\/wp-json\/wp\/v2\/types\/product"}],"replies":[{"embeddable":true,"href":"https:\/\/transparentgift.com\/it\/wp-json\/wp\/v2\/comments?post=496163"}],"wp:featuredmedia":[{"embeddable":true,"href":"https:\/\/transparentgift.com\/it\/wp-json\/wp\/v2\/media\/495715"}],"wp:attachment":[{"href":"https:\/\/transparentgift.com\/it\/wp-json\/wp\/v2\/media?parent=496163"}],"wp:term":[{"taxonomy":"product_brand","embeddable":true,"href":"https:\/\/transparentgift.com\/it\/wp-json\/wp\/v2\/product_brand?post=496163"},{"taxonomy":"product_cat","embeddable":true,"href":"https:\/\/transparentgift.com\/it\/wp-json\/wp\/v2\/product_cat?post=496163"},{"taxonomy":"product_tag","embeddable":true,"href":"https:\/\/transparentgift.com\/it\/wp-json\/wp\/v2\/product_tag?post=496163"}],"curies":[{"name":"wp","href":"https:\/\/api.w.org\/{rel}","templated":true}]}}