{"id":496164,"date":"2025-11-20T18:15:14","date_gmt":"2025-11-20T17:15:14","guid":{"rendered":"https:\/\/transparentgift.com\/it\/cuscino-mamma-con-sei-foto-personalizzato\/"},"modified":"2026-05-16T04:04:25","modified_gmt":"2026-05-16T02:04:25","slug":"cuscino-mamma-con-sei-foto-personalizzato","status":"publish","type":"product","link":"https:\/\/transparentgift.com\/it\/cuscino-mamma-con-sei-foto-personalizzato\/","title":{"rendered":"Cuscino Mamma con Sei Foto personalizzato"},"content":{"rendered":"<p>Acquista questo <strong>cuscino personalizzato<\/strong>, a cui puoi aggiungere foto e testi che desideri. \u00c8 uno dei migliori&nbsp;<strong>regali<\/strong> <strong>per familiari, amici o partner<\/strong> in un\u2019occasione speciale. Sar\u00e0 anche un fantastico <strong>regalo per insegnanti<\/strong>. Pu\u00f2 essere un <strong>regalo di compleanno<\/strong>, Natale, anniversari, per San Valentino, oppure per la Festa della Mamma o del Pap\u00e0.<\/p>\n<p>Questo cuscino \u00e8 <strong>totalmente personalizzabile<\/strong>. Ti baster\u00e0 <strong>aggiungere le sei foto speciali<\/strong>, che verranno stampate sulla federa del cuscino, insieme alla <strong>parola che deciderai di inserire al centro<\/strong>. Il design sar\u00e0 cos\u00ec unico che quella persona speciale non vorr\u00e0 pi\u00f9 separarsene! Questo regalo originale \u00e8 il tocco che completa la <strong>decorazione del divano, del letto<\/strong> o di qualsiasi angolo della casa in cui desideri rilassarti.<\/p>\n<p>La federa \u00e8 realizzata con <strong>materiali e tessuti di alta qualit\u00e0<\/strong> che garantiscono resistenza e durata nel tempo. Inoltre, con un supplemento di 5\u20ac, <strong>potrai aggiungere l\u2019imbottitura<\/strong> della stessa misura scelta.<\/p>\n<p>Non lasciarti sfuggire uno dei <strong>regali personalizzati con foto<\/strong> pi\u00f9 speciali. \u00c8 ideale per dimostrare il tuo affetto a una persona cara in un giorno importante. La farai sentire la persona pi\u00f9 fortunata del mondo!<\/p>\n<p><strong>Caratteristiche:<\/strong><\/p>\n<ul>\n<li>Dimensioni: 35 x 35 cm \/ 45 x 45 cm<\/li>\n<li>Materiale: velluto con effetto pesca di alta qualit\u00e0.<\/li>\n<li>Manutenzione: federa con sistema estraibile, adatta alla lavatrice. Non consigliata l\u2019asciugatrice.<\/li>\n<li>Extra: imbottitura non inclusa.<\/li>\n<\/ul>\n","protected":false},"excerpt":{"rendered":"<p>Acquista questo cuscino personalizzato, a cui puoi aggiungere foto e testi che desideri. \u00c8 uno dei  [&#8230;]<\/p>\n","protected":false},"featured_media":495698,"comment_status":"open","ping_status":"closed","template":"","meta":{"_acf_changed":false},"product_brand":[],"product_cat":[1702],"product_tag":[1688],"class_list":{"0":"post-496164","1":"product","2":"type-product","3":"status-publish","4":"has-post-thumbnail","6":"product_cat-cuscini-personalizzati","7":"product_tag-mamme","9":"first","10":"instock","11":"taxable","12":"shipping-taxable","13":"purchasable","14":"product-type-simple"},"acf":[],"df_price":14.99,"df_sale_price":"","df_regular_price":14.99,"df_image_link":"https:\/\/transparentgift.com\/it\/wp-content\/uploads\/2025\/11\/Mama-6-fotos_1-300x300.jpg","_links":{"self":[{"href":"https:\/\/transparentgift.com\/it\/wp-json\/wp\/v2\/product\/496164","targetHints":{"allow":["GET"]}}],"collection":[{"href":"https:\/\/transparentgift.com\/it\/wp-json\/wp\/v2\/product"}],"about":[{"href":"https:\/\/transparentgift.com\/it\/wp-json\/wp\/v2\/types\/product"}],"replies":[{"embeddable":true,"href":"https:\/\/transparentgift.com\/it\/wp-json\/wp\/v2\/comments?post=496164"}],"wp:featuredmedia":[{"embeddable":true,"href":"https:\/\/transparentgift.com\/it\/wp-json\/wp\/v2\/media\/495698"}],"wp:attachment":[{"href":"https:\/\/transparentgift.com\/it\/wp-json\/wp\/v2\/media?parent=496164"}],"wp:term":[{"taxonomy":"product_brand","embeddable":true,"href":"https:\/\/transparentgift.com\/it\/wp-json\/wp\/v2\/product_brand?post=496164"},{"taxonomy":"product_cat","embeddable":true,"href":"https:\/\/transparentgift.com\/it\/wp-json\/wp\/v2\/product_cat?post=496164"},{"taxonomy":"product_tag","embeddable":true,"href":"https:\/\/transparentgift.com\/it\/wp-json\/wp\/v2\/product_tag?post=496164"}],"curies":[{"name":"wp","href":"https:\/\/api.w.org\/{rel}","templated":true}]}}