{"id":496187,"date":"2025-11-20T18:15:53","date_gmt":"2025-11-20T17:15:53","guid":{"rendered":"https:\/\/transparentgift.com\/it\/pigiama-ho-ho-ho-con-tre-foto-personalizzato\/"},"modified":"2025-11-21T20:24:28","modified_gmt":"2025-11-21T19:24:28","slug":"pigiama-ho-ho-ho-con-tre-foto-personalizzato","status":"publish","type":"product","link":"https:\/\/transparentgift.com\/it\/pigiama-ho-ho-ho-con-tre-foto-personalizzato\/","title":{"rendered":"Pigiama HO HO HO con Tre Foto personalizzato"},"content":{"rendered":"<p>Dai un tocco unico alle notti di quella persona speciale con questo <strong>pigiama natalizio HO HO HO personalizzato con tre foto<\/strong>. Esatto, potrai personalizzarlo con le foto che desideri per renderlo ancora pi\u00f9 speciale. \u00c8 perfetto come <strong>regalo di Natale per familiari, amici<\/strong> o per il\/la tuo\/tua <strong>partner<\/strong>. In ogni caso, le emozioni sono assicurate!<\/p>\n<p>Il pigiama di Natale \u00e8 totalmente personalizzabile. Per prima cosa dovrai <strong>aggiungere tre foto<\/strong> che rappresentino momenti indimenticabili per te o per la persona a cui lo regali. Verranno stampate sulla maglietta del pigiama accompagnando la divertente risata di Babbo Natale <strong>\u201cHO HO HO\u201d<\/strong>. Poi dovrai solo <strong>selezionare la taglia<\/strong> ideale per quella persona, tra quattro opzioni: <strong>S, M, L o XL<\/strong>.<\/p>\n<p>Puoi trovare la guida alle taglie nell\u2019ultima immagine.<\/p>\n<p>Quella persona lo indosser\u00e0 con orgoglio quando andr\u00e0 a dormire durante queste feste di Natale. Diventer\u00e0 il suo pigiama preferito, essendo stato progettato esclusivamente per lei o per lui!<\/p>\n<p>\u00c8 realizzato con <strong>tessuti di alta qualit\u00e0<\/strong>, che gli conferiscono resistenza e morbidezza grazie all\u2019elevata percentuale di <strong>cotone<\/strong>. Il design verr\u00e0 stampato a colori e il tatto del tessuto render\u00e0 il pigiama estremamente <strong>comodo<\/strong>.<\/p>\n<p>Non restare senza il miglior pigiama personalizzato per celebrare al massimo le <strong>notti di Natale<\/strong>. Sar\u00e0 uno dei migliori <strong>regali personalizzati<\/strong> che potrai fare in questo periodo cos\u00ec speciale. Quella persona cara si sentir\u00e0 la pi\u00f9 fortunata del mondo!<\/p>\n<p><strong>Caratteristiche:<\/strong><\/p>\n<ul>\n<li>Taglie: S-M-L-XL.<\/li>\n<li>Materiale:\n<ul>\n<li>Maglietta: 100% cotone<\/li>\n<li>Pantalone: 80% cotone &#8211; 20% poliestere<\/li>\n<\/ul>\n<\/li>\n<li>Colori:\n<ul>\n<li>Maglietta: bianca.<\/li>\n<li>Pantalone: nero.<\/li>\n<\/ul>\n<\/li>\n<\/ul>\n","protected":false},"excerpt":{"rendered":"<p>Dai un tocco unico alle notti di quella persona speciale con questo pigiama natalizio HO HO HO perso [&#8230;]<\/p>\n","protected":false},"featured_media":495984,"comment_status":"open","ping_status":"closed","template":"","meta":{"_acf_changed":false},"product_brand":[],"product_cat":[1707],"product_tag":[1695],"ai-category":[1758],"class_list":{"0":"post-496187","1":"product","2":"type-product","3":"status-publish","4":"has-post-thumbnail","6":"product_cat-pigiami-personalizzati","7":"product_tag-natale","8":"ai-category-pijamas-personalizados","10":"first","11":"instock","12":"taxable","13":"shipping-taxable","14":"purchasable","15":"product-type-simple"},"acf":[],"df_price":27.99,"df_sale_price":"","df_regular_price":27.99,"df_image_link":"https:\/\/transparentgift.com\/it\/wp-content\/uploads\/2025\/11\/Pijama_HOHOHO_1-300x300.jpeg","_links":{"self":[{"href":"https:\/\/transparentgift.com\/it\/wp-json\/wp\/v2\/product\/496187","targetHints":{"allow":["GET"]}}],"collection":[{"href":"https:\/\/transparentgift.com\/it\/wp-json\/wp\/v2\/product"}],"about":[{"href":"https:\/\/transparentgift.com\/it\/wp-json\/wp\/v2\/types\/product"}],"replies":[{"embeddable":true,"href":"https:\/\/transparentgift.com\/it\/wp-json\/wp\/v2\/comments?post=496187"}],"wp:featuredmedia":[{"embeddable":true,"href":"https:\/\/transparentgift.com\/it\/wp-json\/wp\/v2\/media\/495984"}],"wp:attachment":[{"href":"https:\/\/transparentgift.com\/it\/wp-json\/wp\/v2\/media?parent=496187"}],"wp:term":[{"taxonomy":"product_brand","embeddable":true,"href":"https:\/\/transparentgift.com\/it\/wp-json\/wp\/v2\/product_brand?post=496187"},{"taxonomy":"product_cat","embeddable":true,"href":"https:\/\/transparentgift.com\/it\/wp-json\/wp\/v2\/product_cat?post=496187"},{"taxonomy":"product_tag","embeddable":true,"href":"https:\/\/transparentgift.com\/it\/wp-json\/wp\/v2\/product_tag?post=496187"},{"taxonomy":"ai-category","embeddable":true,"href":"https:\/\/transparentgift.com\/it\/wp-json\/wp\/v2\/ai-category?post=496187"}],"curies":[{"name":"wp","href":"https:\/\/api.w.org\/{rel}","templated":true}]}}