{"id":496188,"date":"2025-11-20T18:15:55","date_gmt":"2025-11-20T17:15:55","guid":{"rendered":"https:\/\/transparentgift.com\/it\/pigiama-renne-con-nomi-personalizzato\/"},"modified":"2025-11-21T20:24:34","modified_gmt":"2025-11-21T19:24:34","slug":"pigiama-renne-con-nomi-personalizzato","status":"publish","type":"product","link":"https:\/\/transparentgift.com\/it\/pigiama-renne-con-nomi-personalizzato\/","title":{"rendered":"Pigiama Renne con Nomi personalizzato"},"content":{"rendered":"<p>Dai un tocco unico alle notti di quella persona speciale con questo <strong>pigiama natalizio con renne<\/strong>. Potrai personalizzarlo con i nomi che desideri per renderlo ancora pi\u00f9 speciale. \u00c8 perfetto come <strong>regalo di Natale per familiari, amici<\/strong> o per il\/la tua <strong>partner<\/strong>. \u00c8 anche un <strong>regalo per bambini<\/strong> che li emozioner\u00e0. In ogni caso, la magia \u00e8 assicurata!<\/p>\n<p>Il pigiama di Natale \u00e8 completamente personalizzabile. Per prima cosa dovrai <strong>scegliere tra il modello per adulti o il modello per bambini<\/strong>. Successivamente avrai la possibilit\u00e0 di <strong>selezionare il numero di renne<\/strong>, a seconda del modello scelto. Per le taglie da adulto potrai scegliere fino a un massimo di sei pupazzi, e per le taglie da bambino solo uno.<\/p>\n<p>Il passo successivo sar\u00e0 aggiungere un nome o un testo che li identifichi, e non rester\u00e0 che <strong>selezionare la taglia<\/strong> ideale per quella persona. Se \u00e8 un adulto, potrai scegliere tra: <strong>S, M, L o XL<\/strong>; e se \u00e8 un bambino, tra: <strong>3\/4 \u2013 5\/6 \u2013 7\/8 \u2013 9\/10 \u2013 11\/12<\/strong>.<\/p>\n<p>Puoi trovare la guida alle taglie nell\u2019ultima immagine.<\/p>\n<p>Quell\u2019adulto o quel bambino lo indosser\u00e0 con orgoglio quando andr\u00e0 a dormire durante queste festivit\u00e0 natalizie. Diventer\u00e0 il suo pigiama preferito, essendo stato progettato esclusivamente per lei o per lui!<\/p>\n<p>\u00c8 realizzato con <strong>tessuti di alta qualit\u00e0<\/strong>, che garantiscono resistenza e morbidezza grazie all\u2019elevata percentuale di <strong>cotone<\/strong>. Il motivo verr\u00e0 stampato a colori e il tatto del tessuto render\u00e0 il pigiama estremamente <strong>comodo<\/strong>.<\/p>\n<p>Non restare senza il miglior pigiama personalizzato per celebrare le <strong>notti di Natale<\/strong> alla grande. Sar\u00e0 uno dei migliori <strong>regali personalizzati<\/strong> che potrai fare in questo periodo cos\u00ec speciale. Quella persona cara si sentir\u00e0 la pi\u00f9 fortunata del mondo!<\/p>\n<p><strong>Caratteristiche:<\/strong><\/p>\n<ul>\n<li>Taglie:\n<ul>\n<li>Adulti: S &#8211; M &#8211; L &#8211; XL.<\/li>\n<li>Bambini: 3\/4 &#8211; 5\/6 &#8211; 7\/8 &#8211; 9\/10 &#8211; 11\/12.<\/li>\n<\/ul>\n<\/li>\n<li>Materiale:\n<ul>\n<li>Maglietta: 100% cotone<\/li>\n<li>Pantalone: 80% cotone &#8211; 20% poliestere<\/li>\n<\/ul>\n<\/li>\n<li>Colori:\n<ul>\n<li>Maglietta: nera.<\/li>\n<li>Pantalone: nero.<\/li>\n<\/ul>\n<\/li>\n<\/ul>\n","protected":false},"excerpt":{"rendered":"<p>Dai un tocco unico alle notti di quella persona speciale con questo pigiama natalizio con renne. Pot [&#8230;]<\/p>\n","protected":false},"featured_media":495972,"comment_status":"open","ping_status":"closed","template":"","meta":{"_acf_changed":false},"product_brand":[],"product_cat":[1707],"product_tag":[1687,1685,1695],"ai-category":[1758],"class_list":{"0":"post-496188","1":"product","2":"type-product","3":"status-publish","4":"has-post-thumbnail","6":"product_cat-pigiami-personalizzati","7":"product_tag-famiglia","8":"product_tag-infanzia","9":"product_tag-natale","10":"ai-category-pijamas-personalizados","12":"first","13":"instock","14":"taxable","15":"shipping-taxable","16":"purchasable","17":"product-type-simple"},"acf":[],"df_price":27.99,"df_sale_price":"","df_regular_price":27.99,"df_image_link":"https:\/\/transparentgift.com\/it\/wp-content\/uploads\/2025\/11\/pijamarenos-italia1-300x300.jpg","_links":{"self":[{"href":"https:\/\/transparentgift.com\/it\/wp-json\/wp\/v2\/product\/496188","targetHints":{"allow":["GET"]}}],"collection":[{"href":"https:\/\/transparentgift.com\/it\/wp-json\/wp\/v2\/product"}],"about":[{"href":"https:\/\/transparentgift.com\/it\/wp-json\/wp\/v2\/types\/product"}],"replies":[{"embeddable":true,"href":"https:\/\/transparentgift.com\/it\/wp-json\/wp\/v2\/comments?post=496188"}],"wp:featuredmedia":[{"embeddable":true,"href":"https:\/\/transparentgift.com\/it\/wp-json\/wp\/v2\/media\/495972"}],"wp:attachment":[{"href":"https:\/\/transparentgift.com\/it\/wp-json\/wp\/v2\/media?parent=496188"}],"wp:term":[{"taxonomy":"product_brand","embeddable":true,"href":"https:\/\/transparentgift.com\/it\/wp-json\/wp\/v2\/product_brand?post=496188"},{"taxonomy":"product_cat","embeddable":true,"href":"https:\/\/transparentgift.com\/it\/wp-json\/wp\/v2\/product_cat?post=496188"},{"taxonomy":"product_tag","embeddable":true,"href":"https:\/\/transparentgift.com\/it\/wp-json\/wp\/v2\/product_tag?post=496188"},{"taxonomy":"ai-category","embeddable":true,"href":"https:\/\/transparentgift.com\/it\/wp-json\/wp\/v2\/ai-category?post=496188"}],"curies":[{"name":"wp","href":"https:\/\/api.w.org\/{rel}","templated":true}]}}