{"id":496200,"date":"2025-11-20T18:16:15","date_gmt":"2025-11-20T17:16:15","guid":{"rendered":"https:\/\/transparentgift.com\/it\/pigiama-contando-pecore-estate-o-inverno-con-nome-personalizzato\/"},"modified":"2026-01-18T16:59:38","modified_gmt":"2026-01-18T15:59:38","slug":"pigiama-contando-pecore-estate-o-inverno-con-nome-personalizzato","status":"publish","type":"product","link":"https:\/\/transparentgift.com\/it\/pigiama-contando-pecore-estate-o-inverno-con-nome-personalizzato\/","title":{"rendered":"Pigiama Contando Pecore Estate o Inverno con Nome personalizzato"},"content":{"rendered":"<p>Questo <strong>pigiama personalizzato Contando Pecore<\/strong> \u00e8 il regalo perfetto, con un design originale e divertente: pecore che puoi personalizzare con il nome che preferisci! \u00c8 un modo unico per dimostrare il tuo affetto a una persona speciale, che sia il tuo <strong>partner, un amico o un familiare<\/strong>. Seleziona l\u2019opzione di maniche che meglio si adatta alla stagione o alle sue preferenze.<\/p>\n<p>Questo pigiama \u00e8 completamente personalizzabile. Ti baster\u00e0 scrivere il nome della persona a cui lo regalerai o una parola speciale che la rappresenti. Questo dettaglio verr\u00e0 stampato su ognuna delle pecore che saltano nel recinto, aggiungendo un tocco unico e significativo. Cos\u00ec darai ancora pi\u00f9 senso alla frase: <strong>&#8220;Ho contato 99 pecore&#8230; e mi sono addormentato sognando te&#8221;<\/strong>.<\/p>\n<p>Poi dovrai solo <strong>scegliere la taglia perfetta<\/strong> per quella persona tra le quattro opzioni disponibili: S, M, L o XL. Puoi consultare la <strong>Guida alle Taglie nell\u2019ultima immagine<\/strong> per assicurarti che sia quella ideale.<\/p>\n<p>Questo pigiama non sar\u00e0 solo comodo, ma anche speciale, progettato esclusivamente per lei o per lui. Di sicuro diventer\u00e0 il suo preferito per andare a dormire!<\/p>\n<p>Questo pigiama \u00e8 confezionato con tessuti di alta qualit\u00e0, che offrono una combinazione perfetta di resistenza e morbidezza grazie all\u2019alto contenuto di cotone. Il design \u00e8 stampato con colori vivaci, mentre la consistenza del tessuto garantisce un comfort eccezionale, rendendolo un capo ideale per il riposo.<\/p>\n<p>Aggiungi un tocco speciale alle tue notti con questo pigiama personalizzato, ideale per sognare la persona che ami di pi\u00f9. Sar\u00e0 uno dei <strong>migliori regali personalizzati<\/strong> che potrai fare in occasioni speciali come <strong>San Valentino, anniversari o compleanni<\/strong>. Quella persona cara si sentir\u00e0 la pi\u00f9 fortunata del mondo!<\/p>\n<p><strong>Caratteristiche:<\/strong><\/p>\n<ul>\n<li>Taglie: S-M-L-XL.<\/li>\n<li>Materiale:\n<ul>\n<li>Maglietta: Cotone 100%<\/li>\n<li>Pantalone: Cotone 80% &#8211; Poliestere 20%<\/li>\n<\/ul>\n<\/li>\n<li>Colori:\n<ul>\n<li>Maglietta: Bianca.<\/li>\n<li>Pantalone: Nero.<\/li>\n<\/ul>\n<\/li>\n<\/ul>\n","protected":false},"excerpt":{"rendered":"<p>Questo pigiama personalizzato Contando Pecore \u00e8 il regalo perfetto, con un design originale e diver [&#8230;]<\/p>\n","protected":false},"featured_media":495996,"comment_status":"open","ping_status":"closed","template":"","meta":{"_acf_changed":false},"product_brand":[],"product_cat":[1707],"product_tag":[1678],"ai-category":[1758],"class_list":{"0":"post-496200","1":"product","2":"type-product","3":"status-publish","4":"has-post-thumbnail","6":"product_cat-pigiami-personalizzati","7":"product_tag-coppie","8":"ai-category-pijamas-personalizados","10":"first","11":"instock","12":"taxable","13":"shipping-taxable","14":"purchasable","15":"product-type-simple"},"acf":[],"df_price":27.99,"df_sale_price":"","df_regular_price":27.99,"df_image_link":"https:\/\/transparentgift.com\/it\/wp-content\/uploads\/2025\/11\/ovejas-italia1-300x300.jpg","_links":{"self":[{"href":"https:\/\/transparentgift.com\/it\/wp-json\/wp\/v2\/product\/496200","targetHints":{"allow":["GET"]}}],"collection":[{"href":"https:\/\/transparentgift.com\/it\/wp-json\/wp\/v2\/product"}],"about":[{"href":"https:\/\/transparentgift.com\/it\/wp-json\/wp\/v2\/types\/product"}],"replies":[{"embeddable":true,"href":"https:\/\/transparentgift.com\/it\/wp-json\/wp\/v2\/comments?post=496200"}],"wp:featuredmedia":[{"embeddable":true,"href":"https:\/\/transparentgift.com\/it\/wp-json\/wp\/v2\/media\/495996"}],"wp:attachment":[{"href":"https:\/\/transparentgift.com\/it\/wp-json\/wp\/v2\/media?parent=496200"}],"wp:term":[{"taxonomy":"product_brand","embeddable":true,"href":"https:\/\/transparentgift.com\/it\/wp-json\/wp\/v2\/product_brand?post=496200"},{"taxonomy":"product_cat","embeddable":true,"href":"https:\/\/transparentgift.com\/it\/wp-json\/wp\/v2\/product_cat?post=496200"},{"taxonomy":"product_tag","embeddable":true,"href":"https:\/\/transparentgift.com\/it\/wp-json\/wp\/v2\/product_tag?post=496200"},{"taxonomy":"ai-category","embeddable":true,"href":"https:\/\/transparentgift.com\/it\/wp-json\/wp\/v2\/ai-category?post=496200"}],"curies":[{"name":"wp","href":"https:\/\/api.w.org\/{rel}","templated":true}]}}