{"id":496421,"date":"2025-11-24T21:06:11","date_gmt":"2025-11-24T20:06:11","guid":{"rendered":"https:\/\/transparentgift.com\/it\/sacco-di-natale-con-iniziale-e-nome-personalizzato\/"},"modified":"2026-01-29T15:01:03","modified_gmt":"2026-01-29T14:01:03","slug":"sacco-di-natale-con-iniziale-e-nome-personalizzato","status":"publish","type":"product","link":"https:\/\/transparentgift.com\/it\/sacco-di-natale-con-iniziale-e-nome-personalizzato\/","title":{"rendered":"Sacco di Natale con Iniziale e Nome personalizzato"},"content":{"rendered":"<p>Questo <strong>sacco di Natale personalizzato<\/strong> con iniziale e nome \u00e8 la scelta migliore per emozionare i tuoi cari questo inverno. Potrai <strong>riempire il sacco con regali, dolci<\/strong> o ci\u00f2 che pi\u00f9 ti piace. I pi\u00f9 piccoli di casa ne saranno entusiasti!<\/p>\n<p>Ogni bambino o membro della famiglia potr\u00e0 avere il proprio sacco personalizzato dove trovare i suoi regali di Natale. Puoi <strong>personalizzare su un lato<\/strong> questo bel sacco con <strong>il nome e l\u2019iniziale<\/strong> di quella persona speciale, che saranno impressi sul tessuto del sacco su uno <strong>sfondo beige<\/strong>. Con questa decorazione cos\u00ec originale potrai regalare sorrisi ai tuoi familiari e dare un tocco unico alla tua <strong>decorazione di Natale<\/strong>.<\/p>\n<p>Questo sacco di Babbo Natale \u00e8 realizzato con <strong>materiali e tessuti di alta qualit\u00e0<\/strong> che garantiscono resistenza e durata. Inoltre, \u00e8 <strong>incluso un cordoncino<\/strong> di colore rosso nella parte superiore con cui potrai <strong>trasportare e chiudere il sacco<\/strong> con totale facilit\u00e0.<\/p>\n<p>Con questo sacco unico e speciale completerai la decorazione natalizia della casa, potendolo posizionare accanto all\u2019albero. Babbo Natale e i Re Magi avranno un posto dove lasciare i regali. Personalizza un sacco per ogni membro della famiglia e sorprendi tutti queste feste.<\/p>\n<p><strong>Caratteristiche:<\/strong><\/p>\n<ul>\n<li>Dimensioni: 87 x 51 cm<\/li>\n<li>Materiali: Lino di alta qualit\u00e0.<\/li>\n<li>Include: Cordoncino rosso per la chiusura nella parte superiore.<\/li>\n<\/ul>\n","protected":false},"excerpt":{"rendered":"<p>Questo sacco di Natale personalizzato con iniziale e nome \u00e8 la scelta migliore per emozionare i tuo [&#8230;]<\/p>\n","protected":false},"featured_media":496477,"comment_status":"open","ping_status":"closed","template":"","meta":{"_acf_changed":false},"product_brand":[],"product_cat":[1722],"product_tag":[1687,1695],"class_list":{"0":"post-496421","1":"product","2":"type-product","3":"status-publish","4":"has-post-thumbnail","6":"product_cat-sacchi-di-natale-personalizzati","7":"product_tag-famiglia","8":"product_tag-natale","10":"first","11":"instock","12":"taxable","13":"shipping-taxable","14":"purchasable","15":"product-type-simple"},"acf":[],"df_price":19.99,"df_sale_price":"","df_regular_price":19.99,"df_image_link":"https:\/\/transparentgift.com\/it\/wp-content\/uploads\/2025\/11\/saco-navidad-1-300x300.jpg","_links":{"self":[{"href":"https:\/\/transparentgift.com\/it\/wp-json\/wp\/v2\/product\/496421","targetHints":{"allow":["GET"]}}],"collection":[{"href":"https:\/\/transparentgift.com\/it\/wp-json\/wp\/v2\/product"}],"about":[{"href":"https:\/\/transparentgift.com\/it\/wp-json\/wp\/v2\/types\/product"}],"replies":[{"embeddable":true,"href":"https:\/\/transparentgift.com\/it\/wp-json\/wp\/v2\/comments?post=496421"}],"wp:featuredmedia":[{"embeddable":true,"href":"https:\/\/transparentgift.com\/it\/wp-json\/wp\/v2\/media\/496477"}],"wp:attachment":[{"href":"https:\/\/transparentgift.com\/it\/wp-json\/wp\/v2\/media?parent=496421"}],"wp:term":[{"taxonomy":"product_brand","embeddable":true,"href":"https:\/\/transparentgift.com\/it\/wp-json\/wp\/v2\/product_brand?post=496421"},{"taxonomy":"product_cat","embeddable":true,"href":"https:\/\/transparentgift.com\/it\/wp-json\/wp\/v2\/product_cat?post=496421"},{"taxonomy":"product_tag","embeddable":true,"href":"https:\/\/transparentgift.com\/it\/wp-json\/wp\/v2\/product_tag?post=496421"}],"curies":[{"name":"wp","href":"https:\/\/api.w.org\/{rel}","templated":true}]}}