{"id":496605,"date":"2025-11-28T17:41:26","date_gmt":"2025-11-28T16:41:26","guid":{"rendered":"https:\/\/transparentgift.com\/it\/?post_type=product&#038;p=496605"},"modified":"2026-03-23T12:03:36","modified_gmt":"2026-03-23T11:03:36","slug":"etichetta-per-regali-di-natale-posta-postale-con-nome-personalizzata","status":"publish","type":"product","link":"https:\/\/transparentgift.com\/it\/etichetta-per-regali-di-natale-posta-postale-con-nome-personalizzata\/","title":{"rendered":"Etichetta per Regali di Natale Posta Postale con Nome personalizzata"},"content":{"rendered":"<p>Dai un tocco unico al tuo regalo di Natale con questa <strong>etichetta adesiva per identificare i regali<\/strong>, che puoi personalizzare con il nome di una persona speciale come destinatario, l\u2019indirizzo e gli aggettivi pi\u00f9 divertenti. Sorprenderai familiari, amici o partner questo Natale con questo adesivo natalizio. Procurati un\u2019etichetta per ogni persona a cui desideri fare un regalo e l\u2019emozione sar\u00e0 assicurata.<\/p>\n<p>Il nome e la data verranno riportati sul originale design a cartolina di Babbo Natale, che simula gli elementi di una vera cartolina, lasciando i tuoi cari completamente sorpresi. Puoi utilizzare l\u2019etichetta natalizia per decorare o chiudere un pacco, una busta o aggiungerla alla carta da regalo. Applicala sul regalo che preferisci e regala sorrisi!<\/p>\n<p>I materiali di alta qualit\u00e0 garantiscono resistenza e durata. Inoltre, la superficie adesiva permette di applicarla facilmente sul pacco o sulla busta. Scegli la quantit\u00e0 di etichette presenti in un foglio A4 tra le opzioni 1, 2 o 4 unit\u00e0 e personalizzane una per ciascun familiare e amico. \u00c8 davvero semplice!<\/p>\n<p>Non perdere questo dettaglio natalizio originale, che render\u00e0 queste feste ancora pi\u00f9 speciali per le persone che ami.<\/p>\n<p><strong>Caratteristiche:<\/strong><\/p>\n<ul>\n<li>Dimensioni:\n<ul>\n<li>1 etichetta: 29,7 x 21 cm<\/li>\n<li>2 etichette: 21 x 14,8 cm ciascuna<\/li>\n<li>4 etichette: 14,8 x 10,5 cm ciascuna<\/li>\n<\/ul>\n<\/li>\n<li>Materiale: Carta adesiva.<\/li>\n<\/ul>\n","protected":false},"excerpt":{"rendered":"<p>Dai un tocco unico al tuo regalo di Natale con questa etichetta adesiva per identificare i regali, c [&#8230;]<\/p>\n","protected":false},"featured_media":496604,"comment_status":"open","ping_status":"closed","template":"","meta":{"_acf_changed":false},"product_brand":[],"product_cat":[1721],"product_tag":[1695],"class_list":{"0":"post-496605","1":"product","2":"type-product","3":"status-publish","4":"has-post-thumbnail","6":"product_cat-carta-regalo-personalizzata","7":"product_tag-natale","9":"first","10":"instock","11":"taxable","12":"shipping-taxable","13":"purchasable","14":"product-type-simple"},"acf":[],"df_price":2.99,"df_sale_price":"","df_regular_price":2.99,"df_image_link":"https:\/\/transparentgift.com\/it\/wp-content\/uploads\/2025\/11\/cat-1-italia-300x300.jpg","_links":{"self":[{"href":"https:\/\/transparentgift.com\/it\/wp-json\/wp\/v2\/product\/496605","targetHints":{"allow":["GET"]}}],"collection":[{"href":"https:\/\/transparentgift.com\/it\/wp-json\/wp\/v2\/product"}],"about":[{"href":"https:\/\/transparentgift.com\/it\/wp-json\/wp\/v2\/types\/product"}],"replies":[{"embeddable":true,"href":"https:\/\/transparentgift.com\/it\/wp-json\/wp\/v2\/comments?post=496605"}],"wp:featuredmedia":[{"embeddable":true,"href":"https:\/\/transparentgift.com\/it\/wp-json\/wp\/v2\/media\/496604"}],"wp:attachment":[{"href":"https:\/\/transparentgift.com\/it\/wp-json\/wp\/v2\/media?parent=496605"}],"wp:term":[{"taxonomy":"product_brand","embeddable":true,"href":"https:\/\/transparentgift.com\/it\/wp-json\/wp\/v2\/product_brand?post=496605"},{"taxonomy":"product_cat","embeddable":true,"href":"https:\/\/transparentgift.com\/it\/wp-json\/wp\/v2\/product_cat?post=496605"},{"taxonomy":"product_tag","embeddable":true,"href":"https:\/\/transparentgift.com\/it\/wp-json\/wp\/v2\/product_tag?post=496605"}],"curies":[{"name":"wp","href":"https:\/\/api.w.org\/{rel}","templated":true}]}}