{"id":498254,"date":"2026-01-01T23:49:53","date_gmt":"2026-01-01T22:49:53","guid":{"rendered":"https:\/\/transparentgift.com\/it\/lampada-mappa-dellamore-con-posizione-e-testi-personalizzata\/"},"modified":"2026-01-29T15:01:26","modified_gmt":"2026-01-29T14:01:26","slug":"lampada-mappa-dellamore-con-posizione-e-testi-personalizzata","status":"publish","type":"product","link":"https:\/\/transparentgift.com\/it\/lampada-mappa-dellamore-con-posizione-e-testi-personalizzata\/","title":{"rendered":"Lampada Mappa dell\u2019Amore con Posizione e Testi personalizzata"},"content":{"rendered":"<p>Emoziona con questa<strong> lampada personalizzata<\/strong>, con cui potrai dimostrare tutto il tuo amore alla tua partner o a un\u2019altra persona speciale. \u00c8 perfetta come regalo di San Valentino, anniversario, compleanno o anche Natale. In ogni caso, farai centro di sicuro!<\/p>\n<p>Questa targa luminosa \u00e8 totalmente personalizzabile. Per personalizzarla, per prima cosa dovrai cercare e selezionare la posizione che desideri incidere e che abbia un significato speciale per voi. Tieni presente che la vista della posizione sar\u00e0 sempre indicativa e non precisa. Poi dovrai scegliere la forma ideale per la mappa (cuore, cerchio o quadrato) e il colore tra bianco, nero o rosso. Infine, aggiungi una data, una dedica o i vostri nomi. Creerai il ricordo pi\u00f9 tenero.&nbsp;Il risultato le piacer\u00e0 tantissimo!<\/p>\n<p>La targa della lampada \u00e8 realizzata in metacrilato di alta qualit\u00e0, che le conferisce resistenza e durata nel tempo. Avrai la possibilit\u00e0 di scegliere se desideri che la targa sia sostenuta da una base in legno oppure incorniciata in una cornice, anch\u2019essa in legno. Nel caso in cui tu scelga la base, potrai incidere un messaggio aggiuntivo con un piccolo extra. La persona cara potr\u00e0 posizionarla su qualsiasi superficie per decorare e illuminare lo spazio, grazie alla sua luce LED azionata da un interruttore on\/off.<\/p>\n<p>Non lasciarti sfuggire il miglior regalo per rendere felice la tua partner o una persona speciale. Personalizza la lampada secondo i suoi gusti e lascia che la metta su una mensola, sul suo comodino o dove preferisce. Farai sentire quella persona la pi\u00f9 fortunata!<\/p>\n<p><strong>Caratteristiche:<\/strong><\/p>\n<ul>\n<li>Dimensioni: 19 \u00d7 14,5 x 4,5 cm<\/li>\n<li>Materiale:\n<ul>\n<li>Targa: Metacrilato di alta qualit\u00e0.<\/li>\n<li>Base: Legno di alta qualit\u00e0.<\/li>\n<\/ul>\n<\/li>\n<li>Include: Luce LED calda. Cavo USB. Confezione in scatola regalo.<\/li>\n<li>Manutenzione: Si pulisce facilmente con l\u2019aiuto della salviettina inclusa.<\/li>\n<\/ul>\n","protected":false},"excerpt":{"rendered":"<p>Emoziona con questa lampada personalizzata, con cui potrai dimostrare tutto il tuo amore alla tua pa [&#8230;]<\/p>\n","protected":false},"featured_media":498315,"comment_status":"open","ping_status":"closed","template":"","meta":{"_acf_changed":false},"product_brand":[],"product_cat":[1682],"product_tag":[1678,1677],"class_list":{"0":"post-498254","1":"product","2":"type-product","3":"status-publish","4":"has-post-thumbnail","6":"product_cat-lampade-personalizzate","7":"product_tag-coppie","8":"product_tag-generico","10":"first","11":"instock","12":"taxable","13":"shipping-taxable","14":"purchasable","15":"product-type-simple"},"acf":[],"df_price":20.99,"df_sale_price":"","df_regular_price":20.99,"df_image_link":"https:\/\/transparentgift.com\/it\/wp-content\/uploads\/2026\/01\/1-3-300x300.jpg","_links":{"self":[{"href":"https:\/\/transparentgift.com\/it\/wp-json\/wp\/v2\/product\/498254","targetHints":{"allow":["GET"]}}],"collection":[{"href":"https:\/\/transparentgift.com\/it\/wp-json\/wp\/v2\/product"}],"about":[{"href":"https:\/\/transparentgift.com\/it\/wp-json\/wp\/v2\/types\/product"}],"replies":[{"embeddable":true,"href":"https:\/\/transparentgift.com\/it\/wp-json\/wp\/v2\/comments?post=498254"}],"wp:featuredmedia":[{"embeddable":true,"href":"https:\/\/transparentgift.com\/it\/wp-json\/wp\/v2\/media\/498315"}],"wp:attachment":[{"href":"https:\/\/transparentgift.com\/it\/wp-json\/wp\/v2\/media?parent=498254"}],"wp:term":[{"taxonomy":"product_brand","embeddable":true,"href":"https:\/\/transparentgift.com\/it\/wp-json\/wp\/v2\/product_brand?post=498254"},{"taxonomy":"product_cat","embeddable":true,"href":"https:\/\/transparentgift.com\/it\/wp-json\/wp\/v2\/product_cat?post=498254"},{"taxonomy":"product_tag","embeddable":true,"href":"https:\/\/transparentgift.com\/it\/wp-json\/wp\/v2\/product_tag?post=498254"}],"curies":[{"name":"wp","href":"https:\/\/api.w.org\/{rel}","templated":true}]}}