{"id":498256,"date":"2026-01-01T23:49:55","date_gmt":"2026-01-01T22:49:55","guid":{"rendered":"https:\/\/transparentgift.com\/it\/tazza-personalizzata-mani-unite-con-nomi\/"},"modified":"2026-01-29T15:01:18","modified_gmt":"2026-01-29T14:01:18","slug":"tazza-personalizzata-mani-unite-con-nomi","status":"publish","type":"product","link":"https:\/\/transparentgift.com\/it\/tazza-personalizzata-mani-unite-con-nomi\/","title":{"rendered":"Tazza personalizzata Mani Unite con Nomi"},"content":{"rendered":"<p>Dimostra tutto il tuo amore alla tua dolce met\u00e0 con questa <strong>tazza personalizzata con i vostri nomi<\/strong> e fai il regalo pi\u00f9 originale per San Valentino, il vostro anniversario o per il suo compleanno. Il\/La tuo\/a partner non vorr\u00e0 fare colazione con un\u2019altra tazza! Sar\u00e0 perfetta anche come regalo per gli sposi nel giorno del loro matrimonio.<\/p>\n<p>Come personalizzare? \u00c8 semplicissimo! Dovrai solo scrivere il tuo nome insieme a quello del tuo ragazzo o della tua ragazza nel campo corrispondente, e verranno incisi accanto al romantico design di due mani unite. Ne rester\u00e0 completamente emozionato\/a!<\/p>\n<p>\u00c8 realizzata in ceramica di alta qualit\u00e0, adatta a microonde e lavastoviglie. \u00c8 dotata di manico per impugnarla con sicurezza. Inoltre, potrai riempire la tazza con cioccolatini Kinder con un extra di 6 euro. Dovrai solo scegliere questa opzione al momento della personalizzazione. \u00c8 il regalo originale perfetto per permettere alla tua dolce met\u00e0 di godersi la colazione o la pausa caff\u00e8 con la migliore tazza del mondo. Un regalo unico pensato esclusivamente per la persona che ami. Non esitare a regalarla e rendere colazioni e merende ancora pi\u00f9 speciali.<\/p>\n<p><strong>Caratteristiche:<\/strong><\/p>\n<ul>\n<li>Dimensioni: 9,5 x 8 cm<\/li>\n<li>Materiale: Ceramica.<\/li>\n<li>Capacit\u00e0: 333 ml<\/li>\n<li>Manutenzione: Adatta a microonde e lavastoviglie.<\/li>\n<li>Extra: Sacchetto con Kinder.<\/li>\n<\/ul>\n","protected":false},"excerpt":{"rendered":"<p>Dimostra tutto il tuo amore alla tua dolce met\u00e0 con questa tazza personalizzata con i vostri nomi e [&#8230;]<\/p>\n","protected":false},"featured_media":498332,"comment_status":"open","ping_status":"closed","template":"","meta":{"_acf_changed":false},"product_brand":[],"product_cat":[1813],"product_tag":[1678],"class_list":{"0":"post-498256","1":"product","2":"type-product","3":"status-publish","4":"has-post-thumbnail","6":"product_cat-tazze-personalizzate","7":"product_tag-coppie","9":"first","10":"instock","11":"taxable","12":"shipping-taxable","13":"purchasable","14":"product-type-simple"},"acf":[],"df_price":14.99,"df_sale_price":"","df_regular_price":14.99,"df_image_link":"https:\/\/transparentgift.com\/it\/wp-content\/uploads\/2026\/01\/1-300x300.png","_links":{"self":[{"href":"https:\/\/transparentgift.com\/it\/wp-json\/wp\/v2\/product\/498256","targetHints":{"allow":["GET"]}}],"collection":[{"href":"https:\/\/transparentgift.com\/it\/wp-json\/wp\/v2\/product"}],"about":[{"href":"https:\/\/transparentgift.com\/it\/wp-json\/wp\/v2\/types\/product"}],"replies":[{"embeddable":true,"href":"https:\/\/transparentgift.com\/it\/wp-json\/wp\/v2\/comments?post=498256"}],"wp:featuredmedia":[{"embeddable":true,"href":"https:\/\/transparentgift.com\/it\/wp-json\/wp\/v2\/media\/498332"}],"wp:attachment":[{"href":"https:\/\/transparentgift.com\/it\/wp-json\/wp\/v2\/media?parent=498256"}],"wp:term":[{"taxonomy":"product_brand","embeddable":true,"href":"https:\/\/transparentgift.com\/it\/wp-json\/wp\/v2\/product_brand?post=498256"},{"taxonomy":"product_cat","embeddable":true,"href":"https:\/\/transparentgift.com\/it\/wp-json\/wp\/v2\/product_cat?post=498256"},{"taxonomy":"product_tag","embeddable":true,"href":"https:\/\/transparentgift.com\/it\/wp-json\/wp\/v2\/product_tag?post=498256"}],"curies":[{"name":"wp","href":"https:\/\/api.w.org\/{rel}","templated":true}]}}