{"id":498257,"date":"2026-01-01T23:49:56","date_gmt":"2026-01-01T22:49:56","guid":{"rendered":"https:\/\/transparentgift.com\/it\/tazza-calendario-personalizzata\/"},"modified":"2026-01-29T15:01:28","modified_gmt":"2026-01-29T14:01:28","slug":"tazza-calendario-personalizzata","status":"publish","type":"product","link":"https:\/\/transparentgift.com\/it\/tazza-calendario-personalizzata\/","title":{"rendered":"Tazza Calendario personalizzata"},"content":{"rendered":"<p>Dimostra tutto il tuo amore alla tua dolce met\u00e0 con questa <strong>tazza personalizzata<\/strong> con la tua foto pi\u00f9 romantica e i vostri nomi. \u00c8 il <strong>regalo pi\u00f9 originale per San Valentino, il vostro anniversario<\/strong> o per il suo compleanno. Il\/La tuo\/a partner non vorr\u00e0 pi\u00f9 fare colazione con un\u2019altra tazza!<\/p>\n<p>Come personalizzarla? \u00c8 semplicissimo! Dovrai solo <strong>scegliere una data<\/strong> speciale per voi, <strong>la vostra foto<\/strong> preferita e <strong>scrivere i vostri nomi<\/strong>. La foto sar\u00e0 incorniciata all&#8217;interno di un cuore sul <strong>design del calendario<\/strong>, e i nomi saranno incisi in verticale sulla parte frontale della tazza. La tua dolce met\u00e0 si emozioner\u00e0 tantissimo!<\/p>\n<p>\u00c8 realizzata in ceramica di alta qualit\u00e0 <strong>adatta a microonde e lavastoviglie<\/strong>. <strong>\u00c8 dotata di manico<\/strong> per impugnarla con sicurezza. Inoltre, potrai <strong>riempire la tazza con cioccolatini Kinder<\/strong> con un extra di 6 euro. Dovrai solo scegliere questa opzione al momento della personalizzazione. \u00c8 il regalo perfetto per far s\u00ec che la tua dolce met\u00e0 si goda la <strong>colazione<\/strong> o <strong>la pausa caff\u00e8<\/strong> con la migliore tazza del mondo.<\/p>\n<p>\u00c8 un regalo unico, pensato esclusivamente per la tua dolce met\u00e0. Non esitare a regalare questa tazza e rendere cos\u00ec colazioni e merende ancora pi\u00f9 speciali.<\/p>\n<div><\/div>\n<div>&nbsp; &nbsp;&nbsp;<strong>Caratteristiche:<\/strong><\/p>\n<ul>\n<li>Dimensioni: 9,5 x 8 cm<\/li>\n<li>Materiale: Ceramica.<\/li>\n<li>Capacit\u00e0: 333 ml.<\/li>\n<li>Manutenzione: Adatta a microonde e lavastoviglie.<\/li>\n<li>Extra: Sacchetto con Kinder.<\/li>\n<\/ul>\n<\/div>\n","protected":false},"excerpt":{"rendered":"<p>Dimostra tutto il tuo amore alla tua dolce met\u00e0 con questa tazza personalizzata con la tua foto pi? [&#8230;]<\/p>\n","protected":false},"featured_media":498606,"comment_status":"open","ping_status":"closed","template":"","meta":{"_acf_changed":false},"product_brand":[],"product_cat":[1813],"product_tag":[1678],"class_list":{"0":"post-498257","1":"product","2":"type-product","3":"status-publish","4":"has-post-thumbnail","6":"product_cat-tazze-personalizzate","7":"product_tag-coppie","9":"first","10":"instock","11":"taxable","12":"shipping-taxable","13":"purchasable","14":"product-type-simple"},"acf":[],"df_price":14.99,"df_sale_price":"","df_regular_price":14.99,"df_image_link":"https:\/\/transparentgift.com\/it\/wp-content\/uploads\/2026\/01\/1-portada-300x300.jpg","_links":{"self":[{"href":"https:\/\/transparentgift.com\/it\/wp-json\/wp\/v2\/product\/498257","targetHints":{"allow":["GET"]}}],"collection":[{"href":"https:\/\/transparentgift.com\/it\/wp-json\/wp\/v2\/product"}],"about":[{"href":"https:\/\/transparentgift.com\/it\/wp-json\/wp\/v2\/types\/product"}],"replies":[{"embeddable":true,"href":"https:\/\/transparentgift.com\/it\/wp-json\/wp\/v2\/comments?post=498257"}],"wp:featuredmedia":[{"embeddable":true,"href":"https:\/\/transparentgift.com\/it\/wp-json\/wp\/v2\/media\/498606"}],"wp:attachment":[{"href":"https:\/\/transparentgift.com\/it\/wp-json\/wp\/v2\/media?parent=498257"}],"wp:term":[{"taxonomy":"product_brand","embeddable":true,"href":"https:\/\/transparentgift.com\/it\/wp-json\/wp\/v2\/product_brand?post=498257"},{"taxonomy":"product_cat","embeddable":true,"href":"https:\/\/transparentgift.com\/it\/wp-json\/wp\/v2\/product_cat?post=498257"},{"taxonomy":"product_tag","embeddable":true,"href":"https:\/\/transparentgift.com\/it\/wp-json\/wp\/v2\/product_tag?post=498257"}],"curies":[{"name":"wp","href":"https:\/\/api.w.org\/{rel}","templated":true}]}}