{"id":498258,"date":"2026-01-01T23:49:57","date_gmt":"2026-01-01T22:49:57","guid":{"rendered":"https:\/\/transparentgift.com\/it\/tazza-love-personalizzata-con-5-foto\/"},"modified":"2026-01-29T15:01:12","modified_gmt":"2026-01-29T14:01:12","slug":"tazza-love-personalizzata-con-5-foto","status":"publish","type":"product","link":"https:\/\/transparentgift.com\/it\/tazza-love-personalizzata-con-5-foto\/","title":{"rendered":"Tazza Love personalizzata con 5 foto"},"content":{"rendered":"<p>Dimostra tutto il tuo amore alla tua dolce met\u00e0 con questa <strong>tazza personalizzata con le vostre foto pi\u00f9 romantiche<\/strong> e fai il regalo pi\u00f9 originale per San Valentino, il vostro anniversario o per il suo compleanno. Il\/La tuo\/a partner non vorr\u00e0 pi\u00f9 fare colazione con un\u2019altra tazza! Sar\u00e0 perfetta anche come regalo per gli sposi nel giorno del loro matrimonio.<\/p>\n<p>Come personalizzarla? \u00c8 semplicissimo! Dovrai solo scegliere le cinque foto che ti piacciono di pi\u00f9 con la tua dolce met\u00e0, e verranno stampate sulla tazza accompagnando la parola \u00abLOVE\u00bb in cubi. Puoi scegliere il colore dei cubi tra rosa e azzurro. Sia il design che le foto saranno distribuiti in modo armonioso e d\u2019impatto. La tua dolce met\u00e0 si emozioner\u00e0 tantissimo!<\/p>\n<p>\u00c8 realizzata in ceramica di alta qualit\u00e0, adatta a microonde e lavastoviglie. \u00c8 dotata di manico per impugnarla con sicurezza. Inoltre, potrai riempire la tazza con cioccolatini Kinder con un extra di 6 euro. Dovrai solo selezionare questa opzione al momento della personalizzazione. \u00c8 il regalo originale e perfetto, per far s\u00ec che la tua dolce met\u00e0 si goda la colazione o la pausa caff\u00e8 con la migliore tazza del mondo. Un regalo unico, pensato esclusivamente per lui\/lei. Non esitare a regalare questa tazza e rendere colazioni e merende ancora pi\u00f9 speciali.&nbsp;<\/p>\n<div><\/div>\n<div>&nbsp;<br \/>\n<strong>Caratteristiche:<\/strong><\/p>\n<ul>\n<li>Dimensioni: 9,5 x 8 cm<\/li>\n<li>Materiale: Ceramica.<\/li>\n<li>Capacit\u00e0: 333 ml<\/li>\n<li>Manutenzione: Adatta a microonde e lavastoviglie.<\/li>\n<li>Extra: Sacchetto con Kinder.<\/li>\n<\/ul>\n<\/div>\n","protected":false},"excerpt":{"rendered":"<p>Dimostra tutto il tuo amore alla tua dolce met\u00e0 con questa tazza personalizzata con le vostre foto  [&#8230;]<\/p>\n","protected":false},"featured_media":498297,"comment_status":"open","ping_status":"closed","template":"","meta":{"_acf_changed":false},"product_brand":[],"product_cat":[1813],"product_tag":[1678],"class_list":{"0":"post-498258","1":"product","2":"type-product","3":"status-publish","4":"has-post-thumbnail","6":"product_cat-tazze-personalizzate","7":"product_tag-coppie","9":"first","10":"instock","11":"taxable","12":"shipping-taxable","13":"purchasable","14":"product-type-simple"},"acf":[],"df_price":14.99,"df_sale_price":"","df_regular_price":14.99,"df_image_link":"https:\/\/transparentgift.com\/it\/wp-content\/uploads\/2026\/01\/1-300x300.jpg","_links":{"self":[{"href":"https:\/\/transparentgift.com\/it\/wp-json\/wp\/v2\/product\/498258","targetHints":{"allow":["GET"]}}],"collection":[{"href":"https:\/\/transparentgift.com\/it\/wp-json\/wp\/v2\/product"}],"about":[{"href":"https:\/\/transparentgift.com\/it\/wp-json\/wp\/v2\/types\/product"}],"replies":[{"embeddable":true,"href":"https:\/\/transparentgift.com\/it\/wp-json\/wp\/v2\/comments?post=498258"}],"wp:featuredmedia":[{"embeddable":true,"href":"https:\/\/transparentgift.com\/it\/wp-json\/wp\/v2\/media\/498297"}],"wp:attachment":[{"href":"https:\/\/transparentgift.com\/it\/wp-json\/wp\/v2\/media?parent=498258"}],"wp:term":[{"taxonomy":"product_brand","embeddable":true,"href":"https:\/\/transparentgift.com\/it\/wp-json\/wp\/v2\/product_brand?post=498258"},{"taxonomy":"product_cat","embeddable":true,"href":"https:\/\/transparentgift.com\/it\/wp-json\/wp\/v2\/product_cat?post=498258"},{"taxonomy":"product_tag","embeddable":true,"href":"https:\/\/transparentgift.com\/it\/wp-json\/wp\/v2\/product_tag?post=498258"}],"curies":[{"name":"wp","href":"https:\/\/api.w.org\/{rel}","templated":true}]}}