{"id":498260,"date":"2026-01-01T23:49:59","date_gmt":"2026-01-01T22:49:59","guid":{"rendered":"https:\/\/transparentgift.com\/it\/scatola-di-dolci-postale-personalizzata-con-foto-e-testi\/"},"modified":"2026-03-11T19:59:53","modified_gmt":"2026-03-11T18:59:53","slug":"scatola-di-dolci-postale-personalizzata-con-foto-e-testi","status":"publish","type":"product","link":"https:\/\/transparentgift.com\/it\/scatola-di-dolci-postale-personalizzata-con-foto-e-testi\/","title":{"rendered":"Scatola di Dolci Postale personalizzata con Foto e Testi"},"content":{"rendered":"<p>Offri la sorpresa pi\u00f9 deliziosa con questa <strong>scatola di caramelle gommose o cioccolatini<\/strong>, che potrai personalizzare con una foto e testi emozionanti. \u00c8 perfetta come <strong>regalo per San Valentino o per un anniversario<\/strong> per la tua dolce met\u00e0, come regalo di <strong>compleanno<\/strong> per i tuoi amici o persino come regalo di Natale per i tuoi familiari. \u00c8 ideale anche come pensiero per<strong>&nbsp;gli sposi nel giorno del loro matrimonio<\/strong>.<\/p>\n<p>Questa scatola di dolci \u00e8 completamente<strong>&nbsp;personalizzabile<\/strong>. Per prima cosa dovrai <strong>scegliere <\/strong>se preferisci che contenga<strong> caramelle gommose a forma di cuore, caramelle arcobaleno o cioccolatini<\/strong>. Avrai la possibilit\u00e0 di <strong>aggiungere la tua foto preferita<\/strong> con la persona che ami e <strong>i vostri nomi o dediche<\/strong>, affinch\u00e9 vengano stampati sul coperchio della scatola. Non ti rester\u00e0 che<strong> scrivere il testo pi\u00f9 emozionante<\/strong> che vi rappresenti per decorare l\u2019<strong>interno della scatola<\/strong>. Al risultato ci pensiamo noi: sar\u00e0 irresistibile! Si divertir\u00e0 molto a scoprire e mangiare i dolci che trover\u00e0 in questo regalo, pensato appositamente per lui o per lei. \u00c8 il dettaglio perfetto da servire come <strong>dessert di un pranzo o una cena<\/strong> speciale.<\/p>\n<p>La scatola di cioccolatini o caramelle \u00e8 realizzata con <strong>materiali di alta qualit\u00e0<\/strong> che le conferiscono resistenza e durata nel tempo. Il design verr\u00e0 stampato a colori, per risultare elegante e accattivante.<\/p>\n<p>Non restare senza il <strong>regalo originale<\/strong> perfetto per dimostrare il tuo amore a quella persona speciale in un giorno importante. Avrai l\u2019opportunit\u00e0 di concludere quella celebrazione speciale nel modo pi\u00f9 dolce.&nbsp;<\/p>\n<div>&nbsp;<br \/>\n<strong>Caratteristiche:<\/strong><\/p>\n<ul>\n<li>Dimensioni: 28 x 18,5 x 2,5 cm<\/li>\n<li>Materiale: cartone di alta qualit\u00e0.<\/li>\n<li>Contenuto: caramelle gommose multicolore o caramelle gommose a forma di cuore.<\/li>\n<\/ul>\n<p><strong>SCATOLA DI CARAMELLE GOMMOSE A FORMA DI CUORE<\/strong><\/p>\n<p><strong>Ingredienti:<\/strong><\/p>\n<p>Sciroppo di glucosio, zucchero, acqua, gelatina, umettante: E420, acidificanti: E330, E270, aromi, correttore di acidit\u00e0: E325, coloranti: E129.<\/p>\n<table style=\"border-collapse: collapse; width: 100%; max-width: 400px;\" border=\"1\">\n<thead>\n<tr>\n<th style=\"padding: 6px;\">Nutriente<\/th>\n<th style=\"padding: 6px;\">Per 100 g di miscela<\/th>\n<\/tr>\n<\/thead>\n<tbody>\n<tr>\n<td style=\"padding: 6px;\">Valore energetico<\/td>\n<td style=\"padding: 6px;\">1.459 kJ \/ 345 kcal<\/td>\n<\/tr>\n<tr>\n<td style=\"padding: 6px;\">Grassi<\/td>\n<td style=\"padding: 6px;\">0,2 g<\/td>\n<\/tr>\n<tr>\n<td style=\"padding: 6px;\">\u2014 di cui saturi<\/td>\n<td style=\"padding: 6px;\">0,1 g<\/td>\n<\/tr>\n<tr>\n<td style=\"padding: 6px;\">Carboidrati<\/td>\n<td style=\"padding: 6px;\">79,5 g<\/td>\n<\/tr>\n<tr>\n<td style=\"padding: 6px;\">\u2014 di cui zuccheri<\/td>\n<td style=\"padding: 6px;\">49,4 g<\/td>\n<\/tr>\n<tr>\n<td style=\"padding: 6px;\">Proteine<\/td>\n<td style=\"padding: 6px;\">4,5 g<\/td>\n<\/tr>\n<tr>\n<td style=\"padding: 6px;\">Sale<\/td>\n<td style=\"padding: 6px;\">0,02 g<\/td>\n<\/tr>\n<\/tbody>\n<\/table>\n<div style=\"font-family: sans-serif; line-height: 1.6; max-width: 600px;\">\n<p><strong>SCATOLA DI CARAMELLE GOMMOSE MULTICOLORE<\/strong><\/p>\n<p><strong>Ingredienti:<\/strong><\/p>\n<p>Sciroppo di glucosio, zucchero, acqua, gelatina, umettante: E420, acidificanti: E330, E270, gelificante: pectina, aromi, correttore di acidit\u00e0: E325, coloranti: E129<\/p>\n<table style=\"border-collapse: collapse; width: 100%;\" border=\"1\">\n<thead>\n<tr>\n<th style=\"padding: 6px; text-align: left;\">Nutriente<\/th>\n<th style=\"padding: 6px; text-align: left;\">Valore per 100 g<\/th>\n<\/tr>\n<\/thead>\n<tbody>\n<tr>\n<td style=\"padding: 6px;\">Valore energetico<\/td>\n<td style=\"padding: 6px;\">1.441 kJ \/ 344 kcal<\/td>\n<\/tr>\n<tr>\n<td style=\"padding: 6px;\">Grassi<\/td>\n<td style=\"padding: 6px;\">0,2 g<\/td>\n<\/tr>\n<tr>\n<td style=\"padding: 6px;\">\u2014 di cui saturi<\/td>\n<td style=\"padding: 6px;\">0,1 g<\/td>\n<\/tr>\n<tr>\n<td style=\"padding: 6px;\">Carboidrati<\/td>\n<td style=\"padding: 6px;\">80,2 g<\/td>\n<\/tr>\n<tr>\n<td style=\"padding: 6px;\">\u2014 di cui zuccheri<\/td>\n<td style=\"padding: 6px;\">49,7 g<\/td>\n<\/tr>\n<tr>\n<td style=\"padding: 6px;\">Proteine<\/td>\n<td style=\"padding: 6px;\">3,8 g<\/td>\n<\/tr>\n<tr>\n<td style=\"padding: 6px;\">Sale<\/td>\n<td style=\"padding: 6px;\">0,02 g<\/td>\n<\/tr>\n<\/tbody>\n<\/table>\n<\/div>\n<div style=\"font-family: sans-serif; line-height: 1.6; max-width: 700px;\">\n<p><strong>SCATOLA DI CIOCCOLATI KINDER<\/strong><\/p>\n<p><strong>Schoko-Bons:<\/strong> Cioccolato al latte extrafine 50% (zucchero, latte intero in polvere, burro di cacao, pasta di cacao, emulsionanti: lecitine (soia), aromi), zucchero. Latte scremato in polvere, olio di palma, nocciole (5,8%), burro concentrato, cioccolato fondente (zucchero, pasta di cacao, burro di cacao, emulsionanti: lecitine (soia); aromi), agenti di rivestimento (gomma arabica, gommalacca), sciroppo di glucosio, emulsionanti: lecitine (soia), aromi.<\/p>\n<p><em>Sul totale: prodotti del latte: 28%, cacao: 16,5%.<\/em><\/p>\n<p><strong>Kinder Bueno:<\/strong> Cioccolato al latte 31% (zucchero, burro di cacao, pasta di cacao, latte scremato in polvere, burro concentrato, emulsionanti: lecitine (soia); vaniglia), zucchero, olio di palma, farina di frumento, nocciole 10,8%, latte scremato in polvere, latte intero in polvere, cioccolato fondente (zucchero, pasta di cacao, burro di cacao, emulsionanti: lecitine (soia); vaniglia), cacao magro, emulsionanti: lecitine (soia); agente lievitante (carbonato acido di sodio), sale, vaniglia.<\/p>\n<p><em>Sul totale: prodotti del latte 19%<\/em><\/p>\n<p><strong>Mini Kinder Chocolate:<\/strong><\/p>\n<p>Cioccolato al LATTE extrafine 40% (zucchero, LATTE intero in polvere, burro di cacao, pasta di cacao, emulsionanti: lecitine (SOIA), vanillina), zucchero, LATTE scremato in polvere, olio di palma, BURRO concentrato, emulsionanti: lecitine (SOIA), vanillina.<\/p>\n<p><em>Sul totale: prodotti del latte 33% (latte scremato in polvere, latte intero in polvere: 27,5%, burro concentrato 5,5%) &#8211; cacao 13%.<\/em><\/p>\n<p><strong>SENZA GLUTINE<\/strong><\/p>\n<table style=\"border-collapse: collapse; width: 100%;\" border=\"1\">\n<thead>\n<tr>\n<th style=\"padding: 6px; text-align: left;\">Nutriente<\/th>\n<th style=\"padding: 6px; text-align: left;\">Valore per 100 g<\/th>\n<\/tr>\n<\/thead>\n<tbody>\n<tr>\n<td style=\"padding: 6px;\">Valore energetico<\/td>\n<td style=\"padding: 6px;\">2.367 kJ \/ 566 kcal<\/td>\n<\/tr>\n<tr>\n<td style=\"padding: 6px;\">Grassi<\/td>\n<td style=\"padding: 6px;\">35,1 g<\/td>\n<\/tr>\n<tr>\n<td style=\"padding: 6px;\">\u2014 di cui saturi<\/td>\n<td style=\"padding: 6px;\">21,6 g<\/td>\n<\/tr>\n<tr>\n<td style=\"padding: 6px;\">Carboidrati<\/td>\n<td style=\"padding: 6px;\">51,6 g<\/td>\n<\/tr>\n<tr>\n<td style=\"padding: 6px;\">\u2014 di cui zuccheri<\/td>\n<td style=\"padding: 6px;\">51,7 g<\/td>\n<\/tr>\n<tr>\n<td style=\"padding: 6px;\">Proteine<\/td>\n<td style=\"padding: 6px;\">7,8 g<\/td>\n<\/tr>\n<tr>\n<td style=\"padding: 6px;\">Sale<\/td>\n<td style=\"padding: 6px;\">0,2 g<\/td>\n<\/tr>\n<\/tbody>\n<\/table>\n<\/div>\n<\/div>\n","protected":false},"excerpt":{"rendered":"<p>Offri la sorpresa pi\u00f9 deliziosa con questa scatola di caramelle gommose o cioccolatini, che potrai  [&#8230;]<\/p>\n","protected":false},"featured_media":498384,"comment_status":"open","ping_status":"closed","template":"","meta":{"_acf_changed":false},"product_brand":[],"product_cat":[1720],"product_tag":[1678],"ai-category":[1752],"class_list":{"0":"post-498260","1":"product","2":"type-product","3":"status-publish","4":"has-post-thumbnail","6":"product_cat-dolci-e-cioccolatini-personalizzati","7":"product_tag-coppie","8":"ai-category-chuches-y-bombones-personalizados","10":"first","11":"instock","12":"taxable","13":"shipping-taxable","14":"purchasable","15":"product-type-simple"},"acf":[],"df_price":24.99,"df_sale_price":"","df_regular_price":24.99,"df_image_link":"https:\/\/transparentgift.com\/it\/wp-content\/uploads\/2026\/01\/1-12-300x300.jpg","_links":{"self":[{"href":"https:\/\/transparentgift.com\/it\/wp-json\/wp\/v2\/product\/498260","targetHints":{"allow":["GET"]}}],"collection":[{"href":"https:\/\/transparentgift.com\/it\/wp-json\/wp\/v2\/product"}],"about":[{"href":"https:\/\/transparentgift.com\/it\/wp-json\/wp\/v2\/types\/product"}],"replies":[{"embeddable":true,"href":"https:\/\/transparentgift.com\/it\/wp-json\/wp\/v2\/comments?post=498260"}],"wp:featuredmedia":[{"embeddable":true,"href":"https:\/\/transparentgift.com\/it\/wp-json\/wp\/v2\/media\/498384"}],"wp:attachment":[{"href":"https:\/\/transparentgift.com\/it\/wp-json\/wp\/v2\/media?parent=498260"}],"wp:term":[{"taxonomy":"product_brand","embeddable":true,"href":"https:\/\/transparentgift.com\/it\/wp-json\/wp\/v2\/product_brand?post=498260"},{"taxonomy":"product_cat","embeddable":true,"href":"https:\/\/transparentgift.com\/it\/wp-json\/wp\/v2\/product_cat?post=498260"},{"taxonomy":"product_tag","embeddable":true,"href":"https:\/\/transparentgift.com\/it\/wp-json\/wp\/v2\/product_tag?post=498260"},{"taxonomy":"ai-category","embeddable":true,"href":"https:\/\/transparentgift.com\/it\/wp-json\/wp\/v2\/ai-category?post=498260"}],"curies":[{"name":"wp","href":"https:\/\/api.w.org\/{rel}","templated":true}]}}