{"id":498267,"date":"2026-01-01T23:50:06","date_gmt":"2026-01-01T22:50:06","guid":{"rendered":"https:\/\/transparentgift.com\/it\/lampada-cuori-con-mappa-dellamore-e-foto-personalizzata\/"},"modified":"2026-02-11T09:21:32","modified_gmt":"2026-02-11T08:21:32","slug":"lampada-cuori-con-mappa-dellamore-e-foto-personalizzata","status":"publish","type":"product","link":"https:\/\/transparentgift.com\/it\/lampada-cuori-con-mappa-dellamore-e-foto-personalizzata\/","title":{"rendered":"Lampada Cuori con Mappa dell\u2019Amore e Foto personalizzata"},"content":{"rendered":"<p><strong>Sorprendi la tua dolce met\u00e0 questo San Valentino<\/strong> con una lampada personalizzata con foto, posizione e testo che cattura uno dei momenti pi\u00f9 emozionanti della vostra relazione. Questo regalo unico e romantico \u00e8 perfetto per celebrare il vostro amore e decorare qualsiasi angolo della vostra casa.<\/p>\n<p>Come personalizzarla? Il design di questa lampada permette di aggiungere una foto speciale che verr\u00e0 incisa all\u2019interno di un cuore e di segnare una posizione sulla mappa che ha un grande significato per voi, anch&#8217;essa incorniciata in un altro cuore. Poi, potrai aggiungere i vostri nomi per farli comparire nella parte superiore e scrivere un testo romantico che verr\u00e0 mostrato sulla base della lampada. Inoltre, hai la possibilit\u00e0 di incidere un testo aggiuntivo sulla base in legno, con un piccolo costo extra. Infine, puoi selezionare se desideri la base in legno o la cornice luminosa.<\/p>\n<p>La lastra \u00e8 realizzata in metacrilato trasparente di alta qualit\u00e0, che offre una finitura moderna e sofisticata, mentre la base in legno dona calore e un design decorativo ideale per qualsiasi ambiente. La lampada include una luce LED calda con connessione USB, che offre un\u2019illuminazione morbida e accogliente capace di mette in risalto i dettagli incisi.<\/p>\n<p>Rendi questo San Valentino indimenticabile con un dettaglio unico e speciale che la tua dolce met\u00e0 custodir\u00e0 per sempre. \u00c8 ideale da posizionare sul comodino, su una scrivania o su una mensola, illuminando i vostri ricordi pi\u00f9 preziosi.<\/p>\n<p><strong>Caratteristiche:<\/strong><\/p>\n<ul>\n<li>Dimensioni:\n<ul>\n<li>Con base: 19 \u00d7 14,5 x 4,5 cm<\/li>\n<li>Con cornice: 21 x 17 cm<\/li>\n<\/ul>\n<\/li>\n<li>Materiale:\n<ul>\n<li>Lastra: Metacrilato di alta qualit\u00e0.<\/li>\n<li>Base: Legno di alta qualit\u00e0.<\/li>\n<\/ul>\n<\/li>\n<li>Include: Luce LED calda. Cavo USB. Confezione con scatola regalo.<\/li>\n<li>Manutenzione: Si pulisce facilmente con l\u2019aiuto della salviettina inclusa.<\/li>\n<\/ul>\n","protected":false},"excerpt":{"rendered":"<p>Sorprendi la tua dolce met\u00e0 questo San Valentino con una lampada personalizzata con foto, posizione [&#8230;]<\/p>\n","protected":false},"featured_media":498319,"comment_status":"open","ping_status":"closed","template":"","meta":{"_acf_changed":false},"product_brand":[],"product_cat":[1682],"product_tag":[1678],"class_list":{"0":"post-498267","1":"product","2":"type-product","3":"status-publish","4":"has-post-thumbnail","6":"product_cat-lampade-personalizzate","7":"product_tag-coppie","9":"first","10":"instock","11":"taxable","12":"shipping-taxable","13":"purchasable","14":"product-type-simple"},"acf":[],"df_price":20.99,"df_sale_price":"","df_regular_price":20.99,"df_image_link":"https:\/\/transparentgift.com\/it\/wp-content\/uploads\/2026\/01\/1-4-300x300.jpg","_links":{"self":[{"href":"https:\/\/transparentgift.com\/it\/wp-json\/wp\/v2\/product\/498267","targetHints":{"allow":["GET"]}}],"collection":[{"href":"https:\/\/transparentgift.com\/it\/wp-json\/wp\/v2\/product"}],"about":[{"href":"https:\/\/transparentgift.com\/it\/wp-json\/wp\/v2\/types\/product"}],"replies":[{"embeddable":true,"href":"https:\/\/transparentgift.com\/it\/wp-json\/wp\/v2\/comments?post=498267"}],"wp:featuredmedia":[{"embeddable":true,"href":"https:\/\/transparentgift.com\/it\/wp-json\/wp\/v2\/media\/498319"}],"wp:attachment":[{"href":"https:\/\/transparentgift.com\/it\/wp-json\/wp\/v2\/media?parent=498267"}],"wp:term":[{"taxonomy":"product_brand","embeddable":true,"href":"https:\/\/transparentgift.com\/it\/wp-json\/wp\/v2\/product_brand?post=498267"},{"taxonomy":"product_cat","embeddable":true,"href":"https:\/\/transparentgift.com\/it\/wp-json\/wp\/v2\/product_cat?post=498267"},{"taxonomy":"product_tag","embeddable":true,"href":"https:\/\/transparentgift.com\/it\/wp-json\/wp\/v2\/product_tag?post=498267"}],"curies":[{"name":"wp","href":"https:\/\/api.w.org\/{rel}","templated":true}]}}