{"id":498769,"date":"2026-01-26T19:45:10","date_gmt":"2026-01-26T18:45:10","guid":{"rendered":"https:\/\/transparentgift.com\/it\/?post_type=product&#038;p=498769"},"modified":"2026-03-23T12:03:41","modified_gmt":"2026-03-23T11:03:41","slug":"gratta-e-vinci-con-messaggi-sorpresa-personalizzati","status":"publish","type":"product","link":"https:\/\/transparentgift.com\/it\/gratta-e-vinci-con-messaggi-sorpresa-personalizzati\/","title":{"rendered":"Gratta e Vinci con Messaggi Sorpresa personalizzati"},"content":{"rendered":"<p>Dimostra tutto il tuo amore alla tua dolce met\u00e0 con questa busta contenente quattro gratta e vinci, all\u2019interno dei quali si nascondono le sorprese pi\u00f9 emozionanti. Potrai aggiungere un messaggio personalizzato sulla busta e scegliere le quattro sorprese all\u2019interno. Realizza il regalo pi\u00f9 originale per San Valentino, per il vostro Anniversario o per il suo compleanno. Il tuo ragazzo o la tua ragazza rimarr\u00e0 completamente emozionato\/a! \u00c8 ideale anche per gli sposi nel giorno del loro matrimonio.<\/p>\n<p>Sia la busta che le carte sono totalmente personalizzabili, poich\u00e9 puoi scegliere la frase o i nomi da stampare sulla busta e la sorpresa di ogni singolo gratta e vinci. Avrai la possibilit\u00e0 di inserire una dedica, un premio o un regalo per la tua dolce met\u00e0. In questo modo, sorprenderai il tuo amore quando gratter\u00e0 e scoprir\u00e0 la pi\u00f9 romantica delle sorprese. \u00c8 l\u2019idea pi\u00f9 originale per ricordare alla tua met\u00e0 quanto la ami.<\/p>\n<p>La busta e le carte sono realizzate con materiali di alta qualit\u00e0 che garantiscono resistenza alla carta. Scegli il tuo design preferito, con frasi o con foto e frasi, e sorprendi.<\/p>\n<p>\u00c8 un <strong>regalo unico<\/strong>, pensato esclusivamente per la tua dolce met\u00e0. Non rinunciare alla sorpresa perfetta per rendere felice il tuo amore in un giorno cos\u00ec speciale.<\/p>\n<p><strong>Caratteristiche:<\/strong><\/p>\n<ul>\n<li>Dimensioni:\n<ul>\n<li>4 Carte: 15 \u00d7 10 cm<\/li>\n<li>1 Busta: 16 \u00d7 11 cm<\/li>\n<\/ul>\n<\/li>\n<li>Materiale: Cartoncino.<\/li>\n<\/ul>\n","protected":false},"excerpt":{"rendered":"<p>Dimostra tutto il tuo amore alla tua dolce met\u00e0 con questa busta contenente quattro gratta e vinci, [&#8230;]<\/p>\n","protected":false},"featured_media":498770,"comment_status":"open","ping_status":"closed","template":"","meta":{"_acf_changed":false},"product_brand":[],"product_cat":[1823],"product_tag":[1678],"ai-category":[1828],"class_list":{"0":"post-498769","1":"product","2":"type-product","3":"status-publish","4":"has-post-thumbnail","6":"product_cat-gratta-e-vinci-personalizzati","7":"product_tag-coppie","8":"ai-category-tarjetas-rasca-personalizadas","10":"first","11":"instock","12":"taxable","13":"shipping-taxable","14":"purchasable","15":"product-type-simple"},"acf":[],"df_price":7.99,"df_sale_price":"","df_regular_price":7.99,"df_image_link":"https:\/\/transparentgift.com\/it\/wp-content\/uploads\/2026\/01\/Rasca_1-PORTADA-2-300x300.jpg","_links":{"self":[{"href":"https:\/\/transparentgift.com\/it\/wp-json\/wp\/v2\/product\/498769","targetHints":{"allow":["GET"]}}],"collection":[{"href":"https:\/\/transparentgift.com\/it\/wp-json\/wp\/v2\/product"}],"about":[{"href":"https:\/\/transparentgift.com\/it\/wp-json\/wp\/v2\/types\/product"}],"replies":[{"embeddable":true,"href":"https:\/\/transparentgift.com\/it\/wp-json\/wp\/v2\/comments?post=498769"}],"wp:featuredmedia":[{"embeddable":true,"href":"https:\/\/transparentgift.com\/it\/wp-json\/wp\/v2\/media\/498770"}],"wp:attachment":[{"href":"https:\/\/transparentgift.com\/it\/wp-json\/wp\/v2\/media?parent=498769"}],"wp:term":[{"taxonomy":"product_brand","embeddable":true,"href":"https:\/\/transparentgift.com\/it\/wp-json\/wp\/v2\/product_brand?post=498769"},{"taxonomy":"product_cat","embeddable":true,"href":"https:\/\/transparentgift.com\/it\/wp-json\/wp\/v2\/product_cat?post=498769"},{"taxonomy":"product_tag","embeddable":true,"href":"https:\/\/transparentgift.com\/it\/wp-json\/wp\/v2\/product_tag?post=498769"},{"taxonomy":"ai-category","embeddable":true,"href":"https:\/\/transparentgift.com\/it\/wp-json\/wp\/v2\/ai-category?post=498769"}],"curies":[{"name":"wp","href":"https:\/\/api.w.org\/{rel}","templated":true}]}}