{"id":499661,"date":"2026-02-17T00:51:51","date_gmt":"2026-02-16T23:51:51","guid":{"rendered":"https:\/\/transparentgift.com\/it\/lampada-papa-multicolore-personalizzata\/"},"modified":"2026-03-02T09:34:28","modified_gmt":"2026-03-02T08:34:28","slug":"lampada-papa-multicolore-personalizzata","status":"publish","type":"product","link":"https:\/\/transparentgift.com\/it\/lampada-papa-multicolore-personalizzata\/","title":{"rendered":"Lampada Pap\u00e0 multicolore personalizzata"},"content":{"rendered":"<p><strong>Lampada Pap\u00e0 multicolore personalizzata<\/strong>. Un regalo unico che illumina con amore e ricordi speciali.<\/p>\n<p>Questa lampada personalizzabile \u00e8 perfetta per sorprendere pap\u00e0 con un tocco di calore e creativit\u00e0. Con spazio per 4 foto e la parola &#8220;Pap\u00e0&#8221; incisa su metacrilato, \u00e8 un dettaglio che unisce funzionalit\u00e0 ed emozione.<\/p>\n<p>Ideale per la <strong>Festa del Pap\u00e0<\/strong>, il compleanno o semplicemente per ricordargli quanto lo apprezzi ogni giorno. Questo prodotto \u00e8 perfetto per i pap\u00e0 che valorizzano i ricordi e desiderano avere un elemento decorativo unico nella propria casa.<\/p>\n<h4><strong>Caratteristiche:<\/strong><\/h4>\n<ul>\n<li>Dimensioni: 17 \u00d7 14,5 x 4,5 cm<\/li>\n<li>Materiale:\n<ul>\n<li>Lastra: Metacrilato di alta qualit\u00e0.<\/li>\n<li>Base: Legno di alta qualit\u00e0.<\/li>\n<\/ul>\n<\/li>\n<li>Include: Luce LED RGB. Cavo USB. Confezione regalo.<\/li>\n<li>Manutenzione: Si pulisce facilmente con l\u2019aiuto della salvietta inclusa.<\/li>\n<\/ul>\n","protected":false},"excerpt":{"rendered":"<p>Lampada Pap\u00e0 multicolore personalizzata. Un regalo unico che illumina con amore e ricordi speciali. [&#8230;]<\/p>\n","protected":false},"featured_media":499734,"comment_status":"open","ping_status":"closed","template":"","meta":{"_acf_changed":false},"product_brand":[],"product_cat":[1682],"product_tag":[1816],"class_list":{"0":"post-499661","1":"product","2":"type-product","3":"status-publish","4":"has-post-thumbnail","6":"product_cat-lampade-personalizzate","7":"product_tag-genitori","9":"first","10":"instock","11":"sale","12":"taxable","13":"shipping-taxable","14":"purchasable","15":"product-type-simple"},"acf":[],"df_price":20.99,"df_sale_price":20.99,"df_regular_price":34.99,"df_image_link":"https:\/\/transparentgift.com\/it\/wp-content\/uploads\/2026\/02\/LAMPARA_1-300x300.jpg","_links":{"self":[{"href":"https:\/\/transparentgift.com\/it\/wp-json\/wp\/v2\/product\/499661","targetHints":{"allow":["GET"]}}],"collection":[{"href":"https:\/\/transparentgift.com\/it\/wp-json\/wp\/v2\/product"}],"about":[{"href":"https:\/\/transparentgift.com\/it\/wp-json\/wp\/v2\/types\/product"}],"replies":[{"embeddable":true,"href":"https:\/\/transparentgift.com\/it\/wp-json\/wp\/v2\/comments?post=499661"}],"wp:featuredmedia":[{"embeddable":true,"href":"https:\/\/transparentgift.com\/it\/wp-json\/wp\/v2\/media\/499734"}],"wp:attachment":[{"href":"https:\/\/transparentgift.com\/it\/wp-json\/wp\/v2\/media?parent=499661"}],"wp:term":[{"taxonomy":"product_brand","embeddable":true,"href":"https:\/\/transparentgift.com\/it\/wp-json\/wp\/v2\/product_brand?post=499661"},{"taxonomy":"product_cat","embeddable":true,"href":"https:\/\/transparentgift.com\/it\/wp-json\/wp\/v2\/product_cat?post=499661"},{"taxonomy":"product_tag","embeddable":true,"href":"https:\/\/transparentgift.com\/it\/wp-json\/wp\/v2\/product_tag?post=499661"}],"curies":[{"name":"wp","href":"https:\/\/api.w.org\/{rel}","templated":true}]}}