{"id":499668,"date":"2026-02-17T00:51:59","date_gmt":"2026-02-16T23:51:59","guid":{"rendered":"https:\/\/transparentgift.com\/it\/scatola-di-dolci-papa-colorata-personalizzata\/"},"modified":"2026-03-11T20:02:42","modified_gmt":"2026-03-11T19:02:42","slug":"scatola-di-dolci-papa-colorata-personalizzata","status":"publish","type":"product","link":"https:\/\/transparentgift.com\/it\/scatola-di-dolci-papa-colorata-personalizzata\/","title":{"rendered":"Scatola di Dolci Pap\u00e0 Colorata personalizzata"},"content":{"rendered":"<p><strong>Sorprendi pap\u00e0 con un\u2019esplosione di dolcezza e personalizzazione.<\/strong><\/p>\n<p>Questa Scatola di Dolci Pap\u00e0 Colorata \u00e8 il regalo perfetto per esprimere il tuo amore in modo unico e delizioso. Personalizzala con un messaggio speciale e scegli tra una variet\u00e0 di dolci che renderanno la sua giornata indimenticabile.<\/p>\n<p>Ideale per la Festa del Pap\u00e0, il compleanno o Natale, questo regalo si adatta a qualsiasi occasione in cui desideri dimostrare il tuo affetto in modo originale. Perfetto per i pap\u00e0 che apprezzano i piccoli piaceri della vita, \u00e8 un dettaglio che addolcir\u00e0 i suoi momenti speciali.<\/p>\n<h4><strong>Caratteristiche:<\/strong><\/h4>\n<ul>\n<li>Dimensioni: 28 x 18,5 x 2,5 cm<\/li>\n<li>Materiale: Cartone di alta qualit\u00e0.<\/li>\n<li>Contenuto: Caramelle gommose multicolore, caramelle gommose a forma di cuore o Kinder.<\/li>\n<\/ul>\n<p><strong>SCATOLA CARAMELLE GOMMOSE CUORI<\/strong><\/p>\n<p><strong>Ingredienti:<\/strong><br \/>\nSciroppo di glucosio, zucchero, acqua, gelatina, umettante: E420, acidificanti: E330, E270, aromi, correttore di acidit\u00e0: E325, coloranti: E129.<\/p>\n<table style=\"border-collapse: collapse; width: 100%; max-width: 400px;\" border=\"1\">\n<thead>\n<tr>\n<th style=\"padding: 6px;\">Nutriente<\/th>\n<th style=\"padding: 6px;\">Per 100 g di miscela<\/th>\n<\/tr>\n<\/thead>\n<tbody>\n<tr>\n<td style=\"padding: 6px;\">Valore energetico<\/td>\n<td style=\"padding: 6px;\">1.459 kJ \/ 345 kcal<\/td>\n<\/tr>\n<tr>\n<td style=\"padding: 6px;\">Grassi<\/td>\n<td style=\"padding: 6px;\">0,2 g<\/td>\n<\/tr>\n<tr>\n<td style=\"padding: 6px;\">\u2014 di cui saturi<\/td>\n<td style=\"padding: 6px;\">0,1 g<\/td>\n<\/tr>\n<tr>\n<td style=\"padding: 6px;\">Carboidrati<\/td>\n<td style=\"padding: 6px;\">79,5 g<\/td>\n<\/tr>\n<tr>\n<td style=\"padding: 6px;\">\u2014 di cui zuccheri<\/td>\n<td style=\"padding: 6px;\">49,4 g<\/td>\n<\/tr>\n<tr>\n<td style=\"padding: 6px;\">Proteine<\/td>\n<td style=\"padding: 6px;\">4,5 g<\/td>\n<\/tr>\n<tr>\n<td style=\"padding: 6px;\">Sale<\/td>\n<td style=\"padding: 6px;\">0,02 g<\/td>\n<\/tr>\n<\/tbody>\n<\/table>\n<div style=\"font-family: sans-serif; line-height: 1.6; max-width: 600px;\">\n<p><strong>SCATOLA CARAMELLE GOMMOSE MULTICOLORE<\/strong><\/p>\n<p><strong>Ingredienti:<\/strong><br \/>\nSciroppo di glucosio, zucchero, acqua, gelatina, umettante: E420, acidificanti: E330, E270, gelificante: pectina, aromi, correttore di acidit\u00e0: E325, coloranti: E129<\/p>\n<table style=\"border-collapse: collapse; width: 100%;\" border=\"1\">\n<thead>\n<tr>\n<th style=\"padding: 6px; text-align: left;\">Nutriente<\/th>\n<th style=\"padding: 6px; text-align: left;\">Valore per 100 g<\/th>\n<\/tr>\n<\/thead>\n<tbody>\n<tr>\n<td style=\"padding: 6px;\">Valore energetico<\/td>\n<td style=\"padding: 6px;\">1.441 kJ \/ 344 kcal<\/td>\n<\/tr>\n<tr>\n<td style=\"padding: 6px;\">Grassi<\/td>\n<td style=\"padding: 6px;\">0,2 g<\/td>\n<\/tr>\n<tr>\n<td style=\"padding: 6px;\">\u2014 di cui saturi<\/td>\n<td style=\"padding: 6px;\">0,1 g<\/td>\n<\/tr>\n<tr>\n<td style=\"padding: 6px;\">Carboidrati<\/td>\n<td style=\"padding: 6px;\">80,2 g<\/td>\n<\/tr>\n<tr>\n<td style=\"padding: 6px;\">\u2014 di cui zuccheri<\/td>\n<td style=\"padding: 6px;\">49,7 g<\/td>\n<\/tr>\n<tr>\n<td style=\"padding: 6px;\">Proteine<\/td>\n<td style=\"padding: 6px;\">3,8 g<\/td>\n<\/tr>\n<tr>\n<td style=\"padding: 6px;\">Sale<\/td>\n<td style=\"padding: 6px;\">0,02 g<\/td>\n<\/tr>\n<\/tbody>\n<\/table>\n<\/div>\n<div style=\"font-family: sans-serif; line-height: 1.6; max-width: 700px;\">\n<p><strong>SCATOLA CIOCCOLATINI KINDER<\/strong><\/p>\n<p><strong>Schoko-Bons:<\/strong> Cioccolato al latte finissimo 50% (zucchero, latte intero in polvere, burro di cacao, pasta di cacao, emulsionanti: lecitine (soia), aromi), zucchero. Latte scremato in polvere, olio di palma, nocciole (5,8%), burro concentrato, cioccolato fondente (zucchero, pasta di cacao, burro di cacao, emulsionanti: lecitine (soia); aromi), agenti di rivestimento (gomma arabica, gommalacca), sciroppo di glucosio, emulsionanti: lecitine (soia), aromi.<br \/>\n<em>Sul totale: prodotti del latte: 28%, cacao: 16,5%.<\/em><\/p>\n<p><strong>Kinder Bueno:<\/strong> Cioccolato al latte 31% (zucchero, burro di cacao, pasta di cacao, latte scremato in polvere, burro concentrato, emulsionanti: lecitine (soia); vaniglia), zucchero, olio di palma, farina di frumento, nocciole 10,8%, latte scremato in polvere, latte intero in polvere, cioccolato fondente (zucchero, pasta di cacao, burro di cacao, emulsionanti: lecitine (soia); vaniglia), cacao magro in polvere, emulsionanti: lecitine (soia); agente lievitante (carbonato acido di sodio), sale, vaniglia.<br \/>\n<em>Sul totale: prodotti del latte 19%.<\/em><\/p>\n<p><strong>Mini Kinder Chocolate:<\/strong><br \/>\nCioccolato al LATTE finissimo 40% (zucchero, LATTE intero in polvere, burro di cacao, pasta di cacao, emulsionanti: lecitine (SOIA), vanillina), zucchero, LATTE scremato in polvere, olio di palma, BURRO concentrato, emulsionanti: lecitine (SOIA), vanillina.<br \/>\n<em>Sul totale: prodotti del latte 33% (latte scremato in polvere, latte intero in polvere: 27,5%, burro concentrato 5,5%) &#8211; cacao 13%.<\/em><\/p>\n<p><strong>SENZA GLUTINE<\/strong><\/p>\n<table style=\"border-collapse: collapse; width: 100%;\" border=\"1\">\n<thead>\n<tr>\n<th style=\"padding: 6px; text-align: left;\">Nutriente<\/th>\n<th style=\"padding: 6px; text-align: left;\">Valore per 100 g<\/th>\n<\/tr>\n<\/thead>\n<tbody>\n<tr>\n<td style=\"padding: 6px;\">Valore energetico<\/td>\n<td style=\"padding: 6px;\">2.367 kJ \/ 566 kcal<\/td>\n<\/tr>\n<tr>\n<td style=\"padding: 6px;\">Grassi<\/td>\n<td style=\"padding: 6px;\">35,1 g<\/td>\n<\/tr>\n<tr>\n<td style=\"padding: 6px;\">\u2014 di cui saturi<\/td>\n<td style=\"padding: 6px;\">21,6 g<\/td>\n<\/tr>\n<tr>\n<td style=\"padding: 6px;\">Carboidrati<\/td>\n<td style=\"padding: 6px;\">51,6 g<\/td>\n<\/tr>\n<tr>\n<td style=\"padding: 6px;\">\u2014 di cui zuccheri<\/td>\n<td style=\"padding: 6px;\">51,7 g<\/td>\n<\/tr>\n<tr>\n<td style=\"padding: 6px;\">Proteine<\/td>\n<td style=\"padding: 6px;\">7,8 g<\/td>\n<\/tr>\n<tr>\n<td style=\"padding: 6px;\">Sale<\/td>\n<td style=\"padding: 6px;\">0,2 g<\/td>\n<\/tr>\n<\/tbody>\n<\/table>\n<\/div>\n","protected":false},"excerpt":{"rendered":"<p>Sorprendi pap\u00e0 con un\u2019esplosione di dolcezza e personalizzazione. Questa Scatola di Dolci Pap\u00e0 C [&#8230;]<\/p>\n","protected":false},"featured_media":499781,"comment_status":"open","ping_status":"closed","template":"","meta":{"_acf_changed":false},"product_brand":[],"product_cat":[1720],"product_tag":[1816],"ai-category":[1752],"class_list":{"0":"post-499668","1":"product","2":"type-product","3":"status-publish","4":"has-post-thumbnail","6":"product_cat-dolci-e-cioccolatini-personalizzati","7":"product_tag-genitori","8":"ai-category-chuches-y-bombones-personalizados","10":"first","11":"instock","12":"taxable","13":"shipping-taxable","14":"purchasable","15":"product-type-simple"},"acf":[],"df_price":24.99,"df_sale_price":"","df_regular_price":24.99,"df_image_link":"https:\/\/transparentgift.com\/it\/wp-content\/uploads\/2026\/02\/Caja-chuches-papa-colores_1-300x300.jpg","_links":{"self":[{"href":"https:\/\/transparentgift.com\/it\/wp-json\/wp\/v2\/product\/499668","targetHints":{"allow":["GET"]}}],"collection":[{"href":"https:\/\/transparentgift.com\/it\/wp-json\/wp\/v2\/product"}],"about":[{"href":"https:\/\/transparentgift.com\/it\/wp-json\/wp\/v2\/types\/product"}],"replies":[{"embeddable":true,"href":"https:\/\/transparentgift.com\/it\/wp-json\/wp\/v2\/comments?post=499668"}],"wp:featuredmedia":[{"embeddable":true,"href":"https:\/\/transparentgift.com\/it\/wp-json\/wp\/v2\/media\/499781"}],"wp:attachment":[{"href":"https:\/\/transparentgift.com\/it\/wp-json\/wp\/v2\/media?parent=499668"}],"wp:term":[{"taxonomy":"product_brand","embeddable":true,"href":"https:\/\/transparentgift.com\/it\/wp-json\/wp\/v2\/product_brand?post=499668"},{"taxonomy":"product_cat","embeddable":true,"href":"https:\/\/transparentgift.com\/it\/wp-json\/wp\/v2\/product_cat?post=499668"},{"taxonomy":"product_tag","embeddable":true,"href":"https:\/\/transparentgift.com\/it\/wp-json\/wp\/v2\/product_tag?post=499668"},{"taxonomy":"ai-category","embeddable":true,"href":"https:\/\/transparentgift.com\/it\/wp-json\/wp\/v2\/ai-category?post=499668"}],"curies":[{"name":"wp","href":"https:\/\/api.w.org\/{rel}","templated":true}]}}