{"id":502933,"date":"2026-03-26T14:49:22","date_gmt":"2026-03-26T13:49:22","guid":{"rendered":"https:\/\/transparentgift.com\/it\/lampada-mamma-collage-con-quattro-foto-personalizzata\/"},"modified":"2026-04-20T18:21:55","modified_gmt":"2026-04-20T16:21:55","slug":"lampada-mamma-collage-con-quattro-foto-personalizzata","status":"publish","type":"product","link":"https:\/\/transparentgift.com\/it\/lampada-mamma-collage-con-quattro-foto-personalizzata\/","title":{"rendered":"Lampada Mamma Collage con Quattro Foto personalizzata"},"content":{"rendered":"<p>&#8220;Sorprendi la tua mamma con questa lampada personalizzata con quattro foto, che puoi incidere su una lastra di metacrilato. \u00c8 uno dei regali per donna pi\u00f9 originali, che potrai donare per la Festa della Mamma, per il suo compleanno o persino a Natale.<\/p>\n<p>La lampada \u00e8 totalmente personalizzabile. Dovrai solo scegliere quelle quattro foto che hanno un significato speciale per la tua mamma e saranno incise sulla lastra luminosa, accompagnando i testi che vorrai aggiungere. Creerai cos\u00ec uno dei migliori regali personalizzati con un design unico e affettuoso! Inoltre, con un costo extra, potrai aggiungere il messaggio che desideri sulla base in legno. In ogni caso, la mamma potr\u00e0 decorare il comodino, la mensola o la scrivania nel modo pi\u00f9 speciale. La piacevole luce LED calda illuminer\u00e0 qualsiasi ambiente della casa, donando un tocco che conquister\u00e0 anche il pap\u00e0. Pu\u00f2 servire anche come luce notturna.<\/p>\n<p>La lampada \u00e8 realizzata con materiali di alta qualit\u00e0, che le conferiscono resistenza e durata nel tempo. Dispone di cavo e interruttori per accendere o spegnere la luce.<\/p>\n<p>Non restare senza il regalo ideale per la mamma per dimostrarle il tuo affetto in un giorno cos\u00ec speciale. La farai sentire la pi\u00f9 fortunata del mondo!<\/p>\n<p><strong>Caratteristiche:<\/strong><\/p>\n<ul>\n<li>Dimensioni:\n<ul>\n<li>Con base: 20 \u00d7 14,5 x 4,5 cm<\/li>\n<li>Con cornice: 21 x 17 cm<\/li>\n<\/ul>\n<\/li>\n<li>Materiale:\n<ul>\n<li>Lastra: Metacrilato di alta qualit\u00e0.<\/li>\n<li>Base: Legno di alta qualit\u00e0.<\/li>\n<\/ul>\n<\/li>\n<li>Include: Luce LED calda. Cavo USB. Packaging con scatola regalo.<\/li>\n<li>Manutenzione: Si pulisce facilmente con l\u2019aiuto della salviettina inclusa.<\/li>\n<\/ul>\n<p>&#8220;<\/p>\n","protected":false},"excerpt":{"rendered":"<p>&#8220;Sorprendi la tua mamma con questa lampada personalizzata con quattro foto, che puoi incidere  [&#8230;]<\/p>\n","protected":false},"featured_media":502971,"comment_status":"open","ping_status":"closed","template":"","meta":{"_acf_changed":false},"product_brand":[],"product_cat":[1682],"product_tag":[1688],"class_list":{"0":"post-502933","1":"product","2":"type-product","3":"status-publish","4":"has-post-thumbnail","6":"product_cat-lampade-personalizzate","7":"product_tag-mamme","9":"first","10":"instock","11":"taxable","12":"shipping-taxable","13":"purchasable","14":"product-type-simple"},"acf":[],"df_price":20.99,"df_sale_price":"","df_regular_price":20.99,"df_image_link":"https:\/\/transparentgift.com\/it\/wp-content\/uploads\/2026\/03\/Lampara-mama4fotos-collage_1-300x300.jpg","_links":{"self":[{"href":"https:\/\/transparentgift.com\/it\/wp-json\/wp\/v2\/product\/502933","targetHints":{"allow":["GET"]}}],"collection":[{"href":"https:\/\/transparentgift.com\/it\/wp-json\/wp\/v2\/product"}],"about":[{"href":"https:\/\/transparentgift.com\/it\/wp-json\/wp\/v2\/types\/product"}],"replies":[{"embeddable":true,"href":"https:\/\/transparentgift.com\/it\/wp-json\/wp\/v2\/comments?post=502933"}],"wp:featuredmedia":[{"embeddable":true,"href":"https:\/\/transparentgift.com\/it\/wp-json\/wp\/v2\/media\/502971"}],"wp:attachment":[{"href":"https:\/\/transparentgift.com\/it\/wp-json\/wp\/v2\/media?parent=502933"}],"wp:term":[{"taxonomy":"product_brand","embeddable":true,"href":"https:\/\/transparentgift.com\/it\/wp-json\/wp\/v2\/product_brand?post=502933"},{"taxonomy":"product_cat","embeddable":true,"href":"https:\/\/transparentgift.com\/it\/wp-json\/wp\/v2\/product_cat?post=502933"},{"taxonomy":"product_tag","embeddable":true,"href":"https:\/\/transparentgift.com\/it\/wp-json\/wp\/v2\/product_tag?post=502933"}],"curies":[{"name":"wp","href":"https:\/\/api.w.org\/{rel}","templated":true}]}}