{"id":502938,"date":"2026-03-26T14:49:28","date_gmt":"2026-03-26T13:49:28","guid":{"rendered":"https:\/\/transparentgift.com\/it\/lampada-mamma-con-quattro-foto-e-silhouette-personalizzata\/"},"modified":"2026-04-16T10:38:53","modified_gmt":"2026-04-16T08:38:53","slug":"lampada-mamma-con-quattro-foto-e-silhouette-personalizzata","status":"publish","type":"product","link":"https:\/\/transparentgift.com\/it\/lampada-mamma-con-quattro-foto-e-silhouette-personalizzata\/","title":{"rendered":"Lampada Mamma con Quattro Foto e Silhouette personalizzata"},"content":{"rendered":"<p>&#8220;Sorprendi la tua mamma con questa <strong>lampada personalizzata<\/strong> con quattro foto, che puoi incidere su una lastra di metacrilato. \u00c8 uno dei pi\u00f9 originali <strong>regali per donna<\/strong>, che potrai donare per la <strong>Festa della Mamma<\/strong>, per il suo <strong>compleanno<\/strong> o persino a Natale.<\/p>\n<p>La lampada \u00e8 totalmente personalizzabile. Dovrai solo scegliere <strong>quelle quattro foto che hanno un significato speciale<\/strong> per la tua mamma e saranno incise in miniatura sulla lastra luminosa, accompagnando la <strong>parola &#8220;&#8221;Mamma&#8221;&#8221;<\/strong> e delle <strong>bellissime silhouette<\/strong>. Creerai cos\u00ec il pi\u00f9 bello dei regali personalizzati con un design unico e affettuoso! Inoltre, con un costo extra, potrai aggiungere <strong>il messaggio che desideri sulla base in legno<\/strong>. In ogni caso, la mamma potr\u00e0 <strong>decorare il comodino, la mensola o la scrivania<\/strong> nel modo pi\u00f9 speciale. La piacevole <strong>luce LED calda<\/strong> illuminer\u00e0 qualsiasi ambiente della casa, donando un tocco che conquister\u00e0 anche il pap\u00e0. Pu\u00f2 servire anche come luce notturna.<\/p>\n<p>La lampada \u00e8 realizzata con <strong>materiali di alta qualit\u00e0<\/strong>, che le conferiscono resistenza e durata nel tempo. Dispone di cavo e interruttori per accendere o spegnere la luce.<\/p>\n<p>Non restare senza il <strong>regalo ideale per la mamma<\/strong> per dimostrarle il tuo affetto in un giorno cos\u00ec speciale. La farai sentire la pi\u00f9 fortunata del mondo!<\/p>\n<p><strong>Caratteristiche:<\/strong><\/p>\n<ul>\n<li>Dimensioni:\n<ul>\n<li>Con base: 20 \u00d7 14,5 x 4,5 cm<\/li>\n<li>Con cornice: 21 x 17 cm<\/li>\n<\/ul>\n<\/li>\n<li>Materiale:\n<ul>\n<li>Lastra: Metacrilato di alta qualit\u00e0.<\/li>\n<li>Base: Legno di alta qualit\u00e0.<\/li>\n<\/ul>\n<\/li>\n<li>Include: Luce LED calda. Cavo USB. Packaging con scatola regalo.<\/li>\n<li>Manutenzione: Si pulisce facilmente con l\u2019aiuto della salviettina inclusa.<\/li>\n<\/ul>\n<p>&#8220;<\/p>\n","protected":false},"excerpt":{"rendered":"<p>&#8220;Sorprendi la tua mamma con questa lampada personalizzata con quattro foto, che puoi incidere  [&#8230;]<\/p>\n","protected":false},"featured_media":502993,"comment_status":"open","ping_status":"closed","template":"","meta":{"_acf_changed":false},"product_brand":[],"product_cat":[1682],"product_tag":[1688],"class_list":{"0":"post-502938","1":"product","2":"type-product","3":"status-publish","4":"has-post-thumbnail","6":"product_cat-lampade-personalizzate","7":"product_tag-mamme","9":"first","10":"instock","11":"taxable","12":"shipping-taxable","13":"purchasable","14":"product-type-simple"},"acf":[],"df_price":20.99,"df_sale_price":"","df_regular_price":20.99,"df_image_link":"https:\/\/transparentgift.com\/it\/wp-content\/uploads\/2026\/03\/1_PORTADA_Mama-Siluetas-300x300.jpg","_links":{"self":[{"href":"https:\/\/transparentgift.com\/it\/wp-json\/wp\/v2\/product\/502938","targetHints":{"allow":["GET"]}}],"collection":[{"href":"https:\/\/transparentgift.com\/it\/wp-json\/wp\/v2\/product"}],"about":[{"href":"https:\/\/transparentgift.com\/it\/wp-json\/wp\/v2\/types\/product"}],"replies":[{"embeddable":true,"href":"https:\/\/transparentgift.com\/it\/wp-json\/wp\/v2\/comments?post=502938"}],"wp:featuredmedia":[{"embeddable":true,"href":"https:\/\/transparentgift.com\/it\/wp-json\/wp\/v2\/media\/502993"}],"wp:attachment":[{"href":"https:\/\/transparentgift.com\/it\/wp-json\/wp\/v2\/media?parent=502938"}],"wp:term":[{"taxonomy":"product_brand","embeddable":true,"href":"https:\/\/transparentgift.com\/it\/wp-json\/wp\/v2\/product_brand?post=502938"},{"taxonomy":"product_cat","embeddable":true,"href":"https:\/\/transparentgift.com\/it\/wp-json\/wp\/v2\/product_cat?post=502938"},{"taxonomy":"product_tag","embeddable":true,"href":"https:\/\/transparentgift.com\/it\/wp-json\/wp\/v2\/product_tag?post=502938"}],"curies":[{"name":"wp","href":"https:\/\/api.w.org\/{rel}","templated":true}]}}